{"id":2966,"date":"2025-04-02T12:57:14","date_gmt":"2025-04-02T12:57:14","guid":{"rendered":"https:\/\/duniformservice.com\/cookiepolitik\/"},"modified":"2025-05-08T12:30:50","modified_gmt":"2025-05-08T12:30:50","slug":"cookiepolitik","status":"publish","type":"page","link":"https:\/\/duniformservice.com\/da\/cookiepolitik\/","title":{"rendered":"Cookiepolitik"},"content":{"rendered":"<style>.elementor-2966 .elementor-element.elementor-element-4b298e8{--display:flex;--flex-direction:column;--container-widget-width:100%;--container-widget-height:initial;--container-widget-flex-grow:0;--container-widget-align-self:initial;--flex-wrap-mobile:wrap;--padding-top:150px;--padding-bottom:100px;--padding-left:0px;--padding-right:0px;}.elementor-2966 .elementor-element.elementor-element-ef6dd11 .elementor-heading-title{font-family:var( --e-global-typography-primary-font-family ), Sans-serif;font-size:var( --e-global-typography-primary-font-size );font-weight:var( --e-global-typography-primary-font-weight );line-height:var( --e-global-typography-primary-line-height );}.elementor-2966 .elementor-element.elementor-element-0bd8890{font-family:var( --e-global-typography-text-font-family ), Sans-serif;font-size:var( --e-global-typography-text-font-size );font-weight:var( --e-global-typography-text-font-weight );line-height:var( --e-global-typography-text-line-height );letter-spacing:var( --e-global-typography-text-letter-spacing );}@media(min-width:768px){.elementor-2966 .elementor-element.elementor-element-4b298e8{--content-width:1200px;}}@media(max-width:1024px){.elementor-2966 .elementor-element.elementor-element-4b298e8{--padding-top:50px;--padding-bottom:50px;--padding-left:20px;--padding-right:20px;}.elementor-2966 .elementor-element.elementor-element-ef6dd11 .elementor-heading-title{font-size:var( --e-global-typography-primary-font-size );line-height:var( --e-global-typography-primary-line-height );}.elementor-2966 .elementor-element.elementor-element-0bd8890{font-size:var( --e-global-typography-text-font-size );line-height:var( --e-global-typography-text-line-height );letter-spacing:var( --e-global-typography-text-letter-spacing );}}@media(max-width:767px){.elementor-2966 .elementor-element.elementor-element-4b298e8{--padding-top:50px;--padding-bottom:50px;--padding-left:20px;--padding-right:20px;}.elementor-2966 .elementor-element.elementor-element-ef6dd11 .elementor-heading-title{font-size:var( --e-global-typography-primary-font-size );line-height:var( --e-global-typography-primary-line-height );}.elementor-2966 .elementor-element.elementor-element-0bd8890{font-size:var( --e-global-typography-text-font-size );line-height:var( --e-global-typography-text-line-height );letter-spacing:var( --e-global-typography-text-letter-spacing );}}<\/style>\t\t<div data-elementor-type=\"wp-page\" data-elementor-id=\"2966\" class=\"elementor elementor-2966 elementor-1710\" data-elementor-post-type=\"page\">\n\t\t\t\t<div class=\"elementor-element elementor-element-4b298e8 e-flex e-con-boxed e-con e-parent\" data-id=\"4b298e8\" data-element_type=\"container\" data-e-type=\"container\">\n\t\t\t\t\t<div class=\"e-con-inner\">\n\t\t\t\t<div class=\"elementor-element elementor-element-ef6dd11 elementor-widget elementor-widget-heading\" data-id=\"ef6dd11\" data-element_type=\"widget\" data-e-type=\"widget\" data-widget_type=\"heading.default\">\n\t\t\t\t<div class=\"elementor-widget-container\">\n\t\t\t\t\t<h1 class=\"elementor-heading-title elementor-size-default\">Cookiepolitik<\/h1>\t\t\t\t<\/div>\n\t\t\t\t<\/div>\n\t\t\t\t<div class=\"elementor-element elementor-element-0bd8890 elementor-widget elementor-widget-text-editor\" data-id=\"0bd8890\" data-element_type=\"widget\" data-e-type=\"widget\" data-widget_type=\"text-editor.default\">\n\t\t\t\t<div class=\"elementor-widget-container\">\n\t\t\t\t\t\t\t\t\t<p>Vi bruger s\u00e5kaldte cookies og andre sporingsv\u00e6rkt\u00f8jer p\u00e5 vores hjemmeside duniform.se. Vi g\u00f8r dette for at kunne udvikle og forbedre funktionaliteten p\u00e5 vores hjemmeside, sikre, at de tjenester, vi tilbyder, fungerer som de skal, samt til markedsf\u00f8ringsform\u00e5l. Samtykke til cookies er frivilligt, og du kan til enhver tid v\u00e6lge at tr\u00e6kke dit samtykke tilbage. Ved at give samtykke til vores brug af cookies accepterer du, at vi indsamler oplysninger om dig og din enhed, s\u00e5som din computer, tablet eller telefon, samt hvordan du bruger vores hjemmeside.   <span class=\"Apple-converted-space\"> <\/span><\/p><p>Duniform, som er en del af Duni AB, er ansvarlig for brugen af cookies p\u00e5 hjemmesiden samt dataansvarlig for de personoplysninger, vi indsamler via vores cookies, n\u00e5r du bes\u00f8ger vores hjemmeside. For mere information om, hvordan vi behandler personoplysninger gennem cookies, henviser vi til vores <span style=\"text-decoration: underline;\"><a href=\"https:\/\/duniformservice.com\/da\/privatlivspolitik\/\">Privatlivspolitik<\/a><\/span>.  <span class=\"Apple-converted-space\"> <\/span><\/p><p><b>Hvad er cookies, og hvordan bruges de<\/b><\/p><p>En cookie er en lille tekstfil, som vores hjemmeside beder om at gemme p\u00e5 din enhed. Ved hj\u00e6lp af gemte cookies kan vi ved fremtidige bes\u00f8g genkende din browser, se om du har logget ind tidligere, og om du eventuelt har foretaget nogle indstillinger. <span class=\"Apple-converted-space\"> <\/span><\/p><p>Der findes forskellige typer cookies; en sessionscookie forsvinder automatisk, n\u00e5r du lukker din browser, mens en vedvarende cookie gemmer en tekstfil p\u00e5 din enhed i en kortere eller l\u00e6ngere periode efter dit bes\u00f8g, medmindre du selv sletter cookien. Vedvarende cookies bruger vi blandt andet til at huske indstillinger s\u00e5som forskellige sprogindstillinger, som du har foretaget. N\u00e5r du vender tilbage til vores hjemmeside, placeres nye sessionscookies i det midlertidige hukommelse, og vedvarende cookies fornyes.  <\/p><p>Cookies kan opdeles i f\u00f8rsteparts- og tredjepartscookies. F\u00f8rstepartscookies placeres af webstedets ejer (dvs. duniform.se), mens tredjepartscookies placeres af en anden hjemmeside. Vi bruger b\u00e5de f\u00f8rsteparts- og tredjepartscookies. Vi bruger tredjepartscookies til visse typer analyse og til markedsf\u00f8ring.   <\/p><p>Cookies kan ogs\u00e5 kategoriseres baseret p\u00e5 form\u00e5l.<span class=\"Apple-converted-space\"> <\/span><\/p><p><i>N\u00f8dvendige<\/i><\/p><p><span class=\"Apple-converted-space\"> <\/span>N\u00f8dvendige cookies er n\u00f8dvendige for at aktivere vigtige funktioner p\u00e5 hjemmesiden og er afg\u00f8rende for at sikre websidens funktionalitet og sikkerhed. Hvis du ikke \u00f8nsker, at n\u00f8dvendige cookies bruges, kan du ikke benytte vores hjemmeside. <\/p><p><i>Personalisering<\/i><\/p><p>Disse objekter g\u00f8r det muligt for hjemmesiden at huske de valg, du foretager (s\u00e5som dit brugernavn, sprog, tidligere s\u00f8gninger eller den region, du befinder dig i) og tilbyde forbedrede, mere personlige funktioner.<span class=\"Apple-converted-space\"> <\/span><\/p><p><i>Analyseredskaber<\/i><\/p><p>Analytiske cookies bruges til at forst\u00e5, hvordan bes\u00f8gende interagerer med hjemmesiden. Disse cookies hj\u00e6lper med at give oplysninger om m\u00e5linger, antal bes\u00f8gende, afvisningsfrekvens, trafikkilde med mere. De hj\u00e6lper os med at forbedre funktionaliteten p\u00e5 vores hjemmeside og giver os v\u00e6rdifuld indsigt i, hvordan vi kan skabe en bedre kundeoplevelse.  <\/p><p><i>Markedsf\u00f8ring<\/i><\/p><p>Disse cookies bruges til at levere reklamer, der er mere relevante for dig og dine interesser. Dette kan v\u00e6re baseret p\u00e5 det indhold, du ser, din brugerprofil eller anden brugerhistorik, herunder tidligere aktivitet, interesser, bes\u00f8g p\u00e5 sider eller apps, placering eller demografiske oplysninger. <span class=\"Apple-converted-space\"> <\/span><\/p><p>Vi bruger ogs\u00e5 pixelteknologi. Disse cookies anvendes til at give mere relevant information og personlige tilbud gennem reklame, m\u00e5le effektiviteten af vores reklamekampagner og begr\u00e6nse, hvor ofte hver annonce vises. De placeres normalt af annoncenetv\u00e6rk med webstedsoperat\u00f8rens tilladelse.  <\/p><p>For mere generel information om cookies, bes\u00f8g venligst<br><span style=\"text-decoration: underline;\"><a href=\"http:\/\/www.pts.se\/internet-och-telefoni\/kakor-cookies\/\">www.pts.se\/internet-och-telefoni\/kakor-cookies\/<\/a><\/span>.<\/p><p><b>S\u00e5dan tilbagekalder du samtykke, sletter eller blokerer cookies<\/b><\/p><p>Det er frivilligt at give samtykke til cookies, og du kan til enhver tid tilbagekalde dit samtykke.<span class=\"Apple-converted-space\"> <\/span><\/p><p>Du kan blokere visse cookies via din browser. Browseren vil derefter automatisk afvise s\u00e5danne cookies eller informere dig, hver gang en hjemmeside, s\u00e5som vores hjemmeside, beder om dit samtykke til at placere cookies. <span class=\"Apple-converted-space\"> <\/span><\/p><p>Oplysninger om, hvordan du sletter eller blokerer cookies via din browser, finder du i browserens hj\u00e6lpefunktion, se for eksempel:<\/p><p><a href=\"https:\/\/support.google.com\/chrome\/answer\/95647?hl=sv\">Google Chrome<\/a><\/p><p><a href=\"https:\/\/support.microsoft.com\/en-us\/windows\/manage-cookies-in-microsoft-edge-view-allow-block-delete-and-use-168dab11-0753-043d-7c16-ede5947fc64d\">Microsoft Edge<\/a> <span class=\"Apple-converted-space\"> <\/span><\/p><p><a href=\"https:\/\/support.apple.com\/sv-se\/guide\/safari\/sfri11471\/mac\">Safari p\u00e5 computer<\/a><\/p><p><a href=\"https:\/\/support.apple.com\/sv-se\/HT201265\">Safari p\u00e5 iOS-enheder<\/a><\/p><p>Efter at du har bes\u00f8gt vores hjemmeside, kan du gennemg\u00e5 og slette vedvarende cookies, der er gemt via din browser.<span class=\"Apple-converted-space\"> <\/span><\/p><p><span class=\"Apple-converted-space\"> <\/span><\/p><p><b>Mere information og retten til at indgive klage til tilsynsmyndigheden<\/b><\/p><p>Hvis du vil vide mere om cookies, tilladt brug af cookies, hvordan de anvendes, eller hvis du \u00f8nsker at indgive en klage over vores brug af cookies, kan du kontakte tilsynsmyndigheden for elektronisk kommunikation. I Danmark er dette Erhvervsstyrelsen. Du kan finde mere information om dem p\u00e5 deres hjemmeside, <span style=\"text-decoration: underline;\"><a href=\"http:\/\/www.pts.se\/\">www.pts.se\/<\/a><\/span>.   <span class=\"Apple-converted-space\">   <\/span><\/p><p><b>Kontaktoplysninger<span class=\"Apple-converted-space\"> <\/span><\/b><\/p><p>Hvis du \u00f8nsker at kontakte os direkte med sp\u00f8rgsm\u00e5l eller kommentarer om vores brug af cookies, kan du sende en e-mail til os p\u00e5 <a href=\"mailto:gdpr@duni.se\">gdpr@duni.se<\/a> eller sende et brev til Duni AB, Hallenborgsgatan 1A, 211 22, Malm\u00f6<span class=\"Apple-converted-space\"> <\/span><\/p><p>N\u00e5r du sender en e-mail eller et brev til os, vil vi behandle dine personoplysninger s\u00e5som dit navn, e-mailadresse eller andre personoplysninger, som du deler i din kommunikation. Vi er n\u00f8dt til at g\u00f8re dette for at kunne im\u00f8dekomme din foresp\u00f8rgsel. For at l\u00e6se mere om, hvordan vi behandler dine personoplysninger, henviser vi til vores <span style=\"text-decoration: underline;\"><a href=\"https:\/\/duniformservice.com\/da\/privatlivspolitik\/\">privatlivspolitik<\/a><\/span>.  <span class=\"Apple-converted-space\">   <\/span><\/p>\t\t\t\t\t\t\t\t<\/div>\n\t\t\t\t<\/div>\n\t\t\t\t\t<\/div>\n\t\t\t\t<\/div>\n\t\t\t\t<\/div>\n\t\t","protected":false},"excerpt":{"rendered":"<p>Cookiepolitik Vi bruger s\u00e5kaldte cookies og andre sporingsv\u00e6rkt\u00f8jer p\u00e5 vores hjemmeside duniform.se. Vi g\u00f8r dette for at kunne udvikle og forbedre funktionaliteten p\u00e5 vores hjemmeside, sikre, at de tjenester, vi tilbyder, fungerer som de skal, samt til markedsf\u00f8ringsform\u00e5l. Samtykke til cookies er frivilligt, og du kan til enhver tid v\u00e6lge at tr\u00e6kke dit samtykke tilbage. [&hellip;]<\/p>\n","protected":false},"author":1,"featured_media":0,"parent":0,"menu_order":0,"comment_status":"closed","ping_status":"closed","template":"elementor_header_footer","meta":{"inline_featured_image":false,"footnotes":""},"class_list":["post-2966","page","type-page","status-publish","hentry"],"yoast_head":"<!-- This site is optimized with the Yoast SEO plugin v27.3 - https:\/\/yoast.com\/product\/yoast-seo-wordpress\/ -->\n<title>Cookiepolitik - Duniform Service<\/title>\n<meta name=\"robots\" content=\"index, follow, max-snippet:-1, max-image-preview:large, max-video-preview:-1\" \/>\n<link rel=\"canonical\" href=\"https:\/\/duniformservice.com\/da\/cookiepolitik\/\" \/>\n<meta property=\"og:locale\" content=\"da_DK\" \/>\n<meta property=\"og:type\" content=\"article\" \/>\n<meta property=\"og:title\" content=\"Cookiepolitik - Duniform Service\" \/>\n<meta property=\"og:description\" content=\"Cookiepolitik Vi bruger s\u00e5kaldte cookies og andre sporingsv\u00e6rkt\u00f8jer p\u00e5 vores hjemmeside duniform.se. Vi g\u00f8r dette for at kunne udvikle og forbedre funktionaliteten p\u00e5 vores hjemmeside, sikre, at de tjenester, vi tilbyder, fungerer som de skal, samt til markedsf\u00f8ringsform\u00e5l. Samtykke til cookies er frivilligt, og du kan til enhver tid v\u00e6lge at tr\u00e6kke dit samtykke tilbage. [&hellip;]\" \/>\n<meta property=\"og:url\" content=\"https:\/\/duniformservice.com\/da\/cookiepolitik\/\" \/>\n<meta property=\"og:site_name\" content=\"Duniform Service\" \/>\n<meta property=\"article:modified_time\" content=\"2025-05-08T12:30:50+00:00\" \/>\n<meta name=\"twitter:card\" content=\"summary_large_image\" \/>\n<meta name=\"twitter:label1\" content=\"Estimeret l\u00e6setid\" \/>\n\t<meta name=\"twitter:data1\" content=\"4 minutter\" \/>\n<script type=\"application\/ld+json\" class=\"yoast-schema-graph\">{\"@context\":\"https:\\\/\\\/schema.org\",\"@graph\":[{\"@type\":\"WebPage\",\"@id\":\"https:\\\/\\\/duniformservice.com\\\/da\\\/cookiepolitik\\\/\",\"url\":\"https:\\\/\\\/duniformservice.com\\\/da\\\/cookiepolitik\\\/\",\"name\":\"Cookiepolitik - Duniform Service\",\"isPartOf\":{\"@id\":\"https:\\\/\\\/duniformservice.com\\\/#website\"},\"datePublished\":\"2025-04-02T12:57:14+00:00\",\"dateModified\":\"2025-05-08T12:30:50+00:00\",\"breadcrumb\":{\"@id\":\"https:\\\/\\\/duniformservice.com\\\/da\\\/cookiepolitik\\\/#breadcrumb\"},\"inLanguage\":\"da-DK\",\"potentialAction\":[{\"@type\":\"ReadAction\",\"target\":[\"https:\\\/\\\/duniformservice.com\\\/da\\\/cookiepolitik\\\/\"]}]},{\"@type\":\"BreadcrumbList\",\"@id\":\"https:\\\/\\\/duniformservice.com\\\/da\\\/cookiepolitik\\\/#breadcrumb\",\"itemListElement\":[{\"@type\":\"ListItem\",\"position\":1,\"name\":\"Hem\",\"item\":\"https:\\\/\\\/duniformservice.com\\\/\"},{\"@type\":\"ListItem\",\"position\":2,\"name\":\"Cookiepolitik\"}]},{\"@type\":\"WebSite\",\"@id\":\"https:\\\/\\\/duniformservice.com\\\/#website\",\"url\":\"https:\\\/\\\/duniformservice.com\\\/\",\"name\":\"Duniform Service\",\"description\":\"\",\"publisher\":{\"@id\":\"https:\\\/\\\/duniformservice.com\\\/#organization\"},\"potentialAction\":[{\"@type\":\"SearchAction\",\"target\":{\"@type\":\"EntryPoint\",\"urlTemplate\":\"https:\\\/\\\/duniformservice.com\\\/?s={search_term_string}\"},\"query-input\":{\"@type\":\"PropertyValueSpecification\",\"valueRequired\":true,\"valueName\":\"search_term_string\"}}],\"inLanguage\":\"da-DK\"},{\"@type\":\"Organization\",\"@id\":\"https:\\\/\\\/duniformservice.com\\\/#organization\",\"name\":\"Duniform Service\",\"url\":\"https:\\\/\\\/duniformservice.com\\\/\",\"logo\":{\"@type\":\"ImageObject\",\"inLanguage\":\"da-DK\",\"@id\":\"https:\\\/\\\/duniformservice.com\\\/#\\\/schema\\\/logo\\\/image\\\/\",\"url\":\"https:\\\/\\\/duniformservice.com\\\/wp-content\\\/uploads\\\/2024\\\/11\\\/Duniform_Logo_black.png\",\"contentUrl\":\"https:\\\/\\\/duniformservice.com\\\/wp-content\\\/uploads\\\/2024\\\/11\\\/Duniform_Logo_black.png\",\"width\":987,\"height\":135,\"caption\":\"Duniform Service\"},\"image\":{\"@id\":\"https:\\\/\\\/duniformservice.com\\\/#\\\/schema\\\/logo\\\/image\\\/\"}}]}<\/script>\n<!-- \/ Yoast SEO plugin. -->","yoast_head_json":{"title":"Cookiepolitik - Duniform Service","robots":{"index":"index","follow":"follow","max-snippet":"max-snippet:-1","max-image-preview":"max-image-preview:large","max-video-preview":"max-video-preview:-1"},"canonical":"https:\/\/duniformservice.com\/da\/cookiepolitik\/","og_locale":"da_DK","og_type":"article","og_title":"Cookiepolitik - Duniform Service","og_description":"Cookiepolitik Vi bruger s\u00e5kaldte cookies og andre sporingsv\u00e6rkt\u00f8jer p\u00e5 vores hjemmeside duniform.se. Vi g\u00f8r dette for at kunne udvikle og forbedre funktionaliteten p\u00e5 vores hjemmeside, sikre, at de tjenester, vi tilbyder, fungerer som de skal, samt til markedsf\u00f8ringsform\u00e5l. Samtykke til cookies er frivilligt, og du kan til enhver tid v\u00e6lge at tr\u00e6kke dit samtykke tilbage. [&hellip;]","og_url":"https:\/\/duniformservice.com\/da\/cookiepolitik\/","og_site_name":"Duniform Service","article_modified_time":"2025-05-08T12:30:50+00:00","twitter_card":"summary_large_image","twitter_misc":{"Estimeret l\u00e6setid":"4 minutter"},"schema":{"@context":"https:\/\/schema.org","@graph":[{"@type":"WebPage","@id":"https:\/\/duniformservice.com\/da\/cookiepolitik\/","url":"https:\/\/duniformservice.com\/da\/cookiepolitik\/","name":"Cookiepolitik - Duniform Service","isPartOf":{"@id":"https:\/\/duniformservice.com\/#website"},"datePublished":"2025-04-02T12:57:14+00:00","dateModified":"2025-05-08T12:30:50+00:00","breadcrumb":{"@id":"https:\/\/duniformservice.com\/da\/cookiepolitik\/#breadcrumb"},"inLanguage":"da-DK","potentialAction":[{"@type":"ReadAction","target":["https:\/\/duniformservice.com\/da\/cookiepolitik\/"]}]},{"@type":"BreadcrumbList","@id":"https:\/\/duniformservice.com\/da\/cookiepolitik\/#breadcrumb","itemListElement":[{"@type":"ListItem","position":1,"name":"Hem","item":"https:\/\/duniformservice.com\/"},{"@type":"ListItem","position":2,"name":"Cookiepolitik"}]},{"@type":"WebSite","@id":"https:\/\/duniformservice.com\/#website","url":"https:\/\/duniformservice.com\/","name":"Duniform Service","description":"","publisher":{"@id":"https:\/\/duniformservice.com\/#organization"},"potentialAction":[{"@type":"SearchAction","target":{"@type":"EntryPoint","urlTemplate":"https:\/\/duniformservice.com\/?s={search_term_string}"},"query-input":{"@type":"PropertyValueSpecification","valueRequired":true,"valueName":"search_term_string"}}],"inLanguage":"da-DK"},{"@type":"Organization","@id":"https:\/\/duniformservice.com\/#organization","name":"Duniform Service","url":"https:\/\/duniformservice.com\/","logo":{"@type":"ImageObject","inLanguage":"da-DK","@id":"https:\/\/duniformservice.com\/#\/schema\/logo\/image\/","url":"https:\/\/duniformservice.com\/wp-content\/uploads\/2024\/11\/Duniform_Logo_black.png","contentUrl":"https:\/\/duniformservice.com\/wp-content\/uploads\/2024\/11\/Duniform_Logo_black.png","width":987,"height":135,"caption":"Duniform Service"},"image":{"@id":"https:\/\/duniformservice.com\/#\/schema\/logo\/image\/"}}]}},"_links":{"self":[{"href":"https:\/\/duniformservice.com\/da\/wp-json\/wp\/v2\/pages\/2966","targetHints":{"allow":["GET"]}}],"collection":[{"href":"https:\/\/duniformservice.com\/da\/wp-json\/wp\/v2\/pages"}],"about":[{"href":"https:\/\/duniformservice.com\/da\/wp-json\/wp\/v2\/types\/page"}],"author":[{"embeddable":true,"href":"https:\/\/duniformservice.com\/da\/wp-json\/wp\/v2\/users\/1"}],"replies":[{"embeddable":true,"href":"https:\/\/duniformservice.com\/da\/wp-json\/wp\/v2\/comments?post=2966"}],"version-history":[{"count":2,"href":"https:\/\/duniformservice.com\/da\/wp-json\/wp\/v2\/pages\/2966\/revisions"}],"predecessor-version":[{"id":2979,"href":"https:\/\/duniformservice.com\/da\/wp-json\/wp\/v2\/pages\/2966\/revisions\/2979"}],"wp:attachment":[{"href":"https:\/\/duniformservice.com\/da\/wp-json\/wp\/v2\/media?parent=2966"}],"curies":[{"name":"wp","href":"https:\/\/api.w.org\/{rel}","templated":true}]}}