{"id":2977,"date":"2025-04-02T12:59:09","date_gmt":"2025-04-02T12:59:09","guid":{"rendered":"https:\/\/duniformservice.com\/privatlivspolitik\/"},"modified":"2025-05-08T12:30:50","modified_gmt":"2025-05-08T12:30:50","slug":"privatlivspolitik","status":"publish","type":"page","link":"https:\/\/duniformservice.com\/da\/privatlivspolitik\/","title":{"rendered":"Privatlivspolitik"},"content":{"rendered":"\t\t<div data-elementor-type=\"wp-page\" data-elementor-id=\"2977\" class=\"elementor elementor-2977 elementor-1718\" data-elementor-post-type=\"page\">\n\t\t\t\t<div class=\"elementor-element elementor-element-49233f1 e-flex e-con-boxed e-con e-parent\" data-id=\"49233f1\" data-element_type=\"container\" data-e-type=\"container\">\n\t\t\t\t\t<div class=\"e-con-inner\">\n\t\t\t\t<div class=\"elementor-element elementor-element-ed5bdf0 elementor-widget elementor-widget-heading\" data-id=\"ed5bdf0\" data-element_type=\"widget\" data-e-type=\"widget\" data-widget_type=\"heading.default\">\n\t\t\t\t<div class=\"elementor-widget-container\">\n\t\t\t\t\t<h1 class=\"elementor-heading-title elementor-size-default\">Privatlivspolitik<\/h1>\t\t\t\t<\/div>\n\t\t\t\t<\/div>\n\t\t\t\t<div class=\"elementor-element elementor-element-6e20128 elementor-widget elementor-widget-text-editor\" data-id=\"6e20128\" data-element_type=\"widget\" data-e-type=\"widget\" data-widget_type=\"text-editor.default\">\n\t\t\t\t<div class=\"elementor-widget-container\">\n\t\t\t\t\t\t\t\t\t<p>Duniform er en del af Duni AB og er omfattet af EU&#8217;s generelle databeskyttelsesforordning (GDPR) samt national lovgivning om personoplysninger.<span class=\"Apple-converted-space\"> <\/span><\/p><p>Din privatliv er vigtigt for os, og vi beskytter altid fortroligheden og integriteten hos enkeltpersoner, der interagerer med os. Alle personer, hvis personoplysninger behandles af os, skal altid kunne v\u00e6re sikre p\u00e5, at deres personlige integritet respekteres, og at deres personoplysninger behandles med beh\u00f8rig omhu. Vores m\u00e5l er at v\u00e6re s\u00e5 \u00e5bne og gennemsigtige som muligt med, hvordan vi indsamler og bruger de oplysninger, som du betror os.  <\/p><p>Denne privatlivspolitik g\u00e6lder for Duniform, som er en del af Duni AB. Duni AB med CVR-nr. 556536\u20137488 er dataansvarlig for de personoplysninger, der behandles. Kontaktoplysninger til Duni AB finder du nedenfor under overskriften Kontaktoplysninger.  <\/p><p><b>Behandling af personoplysninger<\/b><\/p><p>N\u00e5r du bes\u00f8ger vores hjemmeside, foretager et k\u00f8b eller p\u00e5 anden m\u00e5de kontakter os p\u00e5 vegne af din virksomhed eller arbejdsgiver, kan vi behandle dine personoplysninger. Dette sker blandt andet, n\u00e5r du kontakter vores kundeservice via onlineformular, foretager et k\u00f8b eller tilmelder dig for at modtage vores nyhedsbrev. Eksempler p\u00e5 personoplysninger, der behandles, er navn, e-mailadresse og telefonnummer.  <\/p><p><i>Ved k\u00f8b af produkter fra Duniform<\/i><\/p><p>N\u00e5r et k\u00f8b gennemf\u00f8res, behandler Duniform visse personoplysninger relateret til den person, der foretager k\u00f8bet p\u00e5 vegne af sin virksomhed. De personoplysninger, der indsamles, er: <span class=\"Apple-converted-space\"> <\/span><\/p><ol><li>navn (fornavn og efternavn)<\/li><li>e-mailadresse<\/li><\/ol><p>Vi kan ogs\u00e5 behandle andre typer af personoplysninger, for eksempel personoplysninger, som du angiver i fritekst eller p\u00e5 lignende m\u00e5de i beskeder til os.<\/p><p>De personoplysninger, som du angiver ved et k\u00f8b, behandles for, at vi kan modtage og administrere det k\u00f8b, som den virksomhed, du handler p\u00e5 vegne af, har foretaget. Retsgrundlaget for vores behandling er at opfylde den aftale, der er indg\u00e5et i forbindelse med k\u00f8bet. <\/p><p><i>Booking af service via hjemmeside eller anden kontakt med kundeservice relateret til produkt<\/i><\/p><p>N\u00e5r du booker service via onlineformular p\u00e5 Duniforms hjemmeside eller p\u00e5 anden m\u00e5de kontakter Duniform kundeservice, behandler vi visse oplysninger om den person, der har kontaktet os p\u00e5 vegne af sin virksomhed. De personoplysninger, der indsamles, er: <\/p><ol><li>navn (fornavn og efternavn)<\/li><li>telefonnummer<\/li><li>e-mailadresse<\/li><\/ol><p>Vi kan ogs\u00e5 behandle andre typer af personoplysninger, for eksempel personoplysninger, som du angiver i fritekst eller p\u00e5 lignende m\u00e5de i beskeder til os.<\/p><p>De personoplysninger, som du angiver ved kontakt med os, behandles for, at vi kan modtage og administrere den foresp\u00f8rgsel, som du har foretaget p\u00e5 vegne af din virksomhed. Retsgrundlaget for vores behandling er at opfylde den indg\u00e5ede aftale. <\/p><p><i>Anden kontakt via hjemmeside eller anden kontakt med kundeservice<\/i><\/p><p>N\u00e5r du kontakter os via onlineformular p\u00e5 Duniforms hjemmeside eller p\u00e5 anden m\u00e5de kontakter Duniform kundeservice, behandler vi visse oplysninger om den person, der har sendt beskeden p\u00e5 vegne af sin virksomhed. De personoplysninger, der indsamles, er: <\/p><ol><li>navn (fornavn og efternavn)<\/li><li>telefonnummer<\/li><li>e-mailadresse<\/li><\/ol><p>Vi kan ogs\u00e5 behandle andre typer af personoplysninger, for eksempel personoplysninger, som du angiver i fritekst eller p\u00e5 lignende m\u00e5de i beskeder til os.<\/p><p>De personoplysninger, som du angiver i kontakt med os, behandles for, at vi kan administrere den foresp\u00f8rgsel, som du har foretaget p\u00e5 vegne af din virksomhed. Retsgrundlaget for vores behandling er samtykke. Du kan til enhver tid tilbagekalde dit samtykke ved at give os besked via e-mail p\u00e5 <span style=\"text-decoration: underline;\"><a href=\"mailto:gdpr@duni.se\">gdpr@duni.se<\/a><\/span>. Hvis du \u00f8nsker at kontakte os p\u00e5 anden m\u00e5de, finder du yderligere kontaktoplysninger nedenfor.   <\/p><p><i>Tilmelding til nyhedsbrev<\/i><\/p><p>Vi behandler personoplysninger i forbindelse med tilmelding til nyhedsbrev. De personoplysninger, der indsamles, er: <\/p><ul><li>navn (fornavn og efternavn),<\/li><li>e-mailadresse<\/li><li>IP-adresse<span class=\"Apple-converted-space\"> <\/span><\/li><\/ul><p>Vi kan ogs\u00e5 behandle andre typer af personoplysninger, som du angiver i fritekst eller p\u00e5 lignende m\u00e5de i beskeder til os.<\/p><p>Behandlingen sker for, at vi kan administrere din tilmelding og sende nyhedsbrevet. Retsgrundlaget for denne behandling er dit samtykke, som vi indhenter gennem en s\u00e5kaldt double-opt-in-procedure. Du kan til enhver tid tilbagekalde dit samtykke ved at afmelde nyhedsbrevet via linket nederst i nyhedsbrevet eller ved at kontakte os direkte.  <\/p><p><i>Markedsf\u00f8ring <\/i><\/p><p>Vi kan ogs\u00e5 behandle dine personoplysninger til markedsf\u00f8ringsform\u00e5l, s\u00e5som at sende direkte reklame. Retsgrundlaget for behandling i dette tilf\u00e6lde er legitim interesse. Hvis du \u00f8nsker at vide mere om vores interesseafvejning eller \u00f8nsker at afmelde fremtidig markedsf\u00f8ring, er du velkommen til at kontakte os.  <span class=\"Apple-converted-space\"> <\/span><\/p><p><i>Ved brug af cookies<span class=\"Apple-converted-space\"> <\/span><\/i><\/p><p>N\u00e5r du bes\u00f8ger vores <span style=\"text-decoration: underline;\"><a href=\"https:\/\/duniformservice.com\/da\/\">hjemmeside<\/a><\/span>, kan vi behandle personoplysninger, der indsamles via cookies og andre sporingsv\u00e6rkt\u00f8jer, der bruges p\u00e5 hjemmesiden. De oplysninger, vi indsamler, er din IP-adresse. <span class=\"Apple-converted-space\"> <\/span><\/p><p>Form\u00e5let med behandlingen er at huske dine indstillinger og om du har givet samtykke til, at cookies placeres p\u00e5 din enhed. Behandlingen er n\u00f8dvendig for vores legitime interesse i at huske dine valg p\u00e5 hjemmesiden. Hvis du \u00f8nsker at vide mere om vores interesseafvejning, er du velkommen til at kontakte os.  <\/p><p>For at optimere vores hjemmeside og tilpasse vores annoncer kan vi ogs\u00e5 foretage webanalyser, hvor vi blandt andet analyserer, hvordan bes\u00f8gende bruger vores hjemmeside. Vi udf\u00f8rer s\u00e5danne analyser ved hj\u00e6lp af forskellige tjenesteudbydere som Google Analytics, Meta og LinkedIn. Det juridiske grundlag for denne behandling er dit samtykke.   <span class=\"Apple-converted-space\"> <\/span><\/p><p>Detaljerede oplysninger om de cookies, vi bruger, og hvordan du kan tilbagekalde dit samtykke til dem, finder du i vores <a href=\"https:\/\/duniformservice.com\/da\/cookiepolitik\/\"><span style=\"text-decoration: underline;\">Cookiepolitik<\/span>.<\/a><span class=\"Apple-converted-space\"> <\/span><\/p><p><b>Dine rettigheder<\/b><\/p><p>N\u00e5r vi behandler personoplysninger om dig, har du en r\u00e6kke rettigheder i henhold til databeskyttelsesforordningen (GDPR). Du har ret til at kontakte os n\u00e5r som helst, hvis du \u00f8nsker at ud\u00f8ve en af disse rettigheder, nemmest ved at sende en e-mail til <a href=\"mailto:gdpr@duni.se\"><span style=\"text-decoration: underline;\">gdpr@duni.se<\/span><\/a>. Hvis du \u00f8nsker at kontakte os p\u00e5 anden m\u00e5de, finder du yderligere kontaktoplysninger nedenfor.  <\/p><p><i>Ret til indsigt<\/i><\/p><p>Du har ret til at f\u00e5 at vide, hvilke personoplysninger vi behandler om dig. Hvis du \u00f8nsker dette, kan du f\u00e5 en samlet registerudskrift fra os, som indeholder de personoplysninger, vi behandler om dig, sammen med visse n\u00e6rmere oplysninger. <\/p><p>Du kan l\u00e6se mere om retten til indsigt p\u00e5 Datatilsynets <span style=\"text-decoration: underline;\"><a href=\"https:\/\/www.imy.se\/privatperson\/dataskydd\/dina-rattigheter\/ratt-till-information\/\">hjemmeside<\/a><\/span>.<\/p><p><i>Ret og sletning<\/i><\/p><p>Hvis vi behandler dine personoplysninger p\u00e5 en ukorrekt m\u00e5de, eller hvis vi ikke l\u00e6ngere har brug for oplysningerne, har du ret til at f\u00e5 dem slettet. Hvis oplysningerne er ufuldst\u00e6ndige, har du ret til at f\u00e5 dem suppleret. I visse tilf\u00e6lde kan dine muligheder for at f\u00e5 dine personoplysninger slettet dog v\u00e6re begr\u00e6nsede, for eksempel hvis vi har en lovpligtig forpligtelse til at behandle dem.  <\/p><p><i>Dataportabilitet<\/i><\/p><p>Under visse omst\u00e6ndigheder har du ret til at f\u00e5 de oplysninger, vi behandler om dig, i et generelt, skriftligt, maskinl\u00e6sbart og struktureret format. Denne ret g\u00e6lder for de personoplysninger, som du selv har givet os, og som vi behandler p\u00e5 grundlag af dit samtykke, eller n\u00e5r personoplysningerne er n\u00f8dvendige for at indg\u00e5 eller opfylde en aftale med dig. <\/p><p><i>Begr\u00e6nsning af behandling<\/i><\/p><p>Under visse foruds\u00e6tninger har du ret til at anmode om, at vi begr\u00e6nser vores behandling af dine oplysninger. Det betyder, at vi markerer oplysningerne, s\u00e5 vi fremover kun behandler dem til visse s\u00e6rlige form\u00e5l. <\/p><p><i>Ret til at g\u00f8re indsigelse<\/i><\/p><p>Du har for eksempel ret til at g\u00f8re indsigelse mod behandling af personoplysninger, der sker p\u00e5 grundlag af en interesseafvejning.<\/p><p><i>Ret til at indgive klage<\/i><\/p><p>Du har ret til at indgive klage til Datatilsynet, hvis du mener, at vi behandler dine personoplysninger p\u00e5 en ukorrekt m\u00e5de. Du kan l\u00e6se mere om dette p\u00e5 Datatilsynets <span style=\"text-decoration: underline;\"><a href=\"https:\/\/www.imy.se\/privatperson\/dataskydd\/dina-rattigheter\/\">hjemmeside<\/a><\/span>. <\/p><p><b>Hvordan beskytter vi dine personoplysninger?<\/b><\/p><p>Duni AB tr\u00e6ffer de n\u00f8dvendige sikkerhedsforanstaltninger for at beskytte dine oplysninger. Vi bruger kryptering for at beskytte information, der overf\u00f8res online, men vi beskytter ogs\u00e5 dine oplysninger offline. Adgang til personoplysninger gives kun til medarbejdere, der har behov for oplysningerne for at udf\u00f8re en bestemt arbejdsopgave. Computere og servere, hvor vi opbevarer personligt identificerbare oplysninger, er placeret i et sikkert milj\u00f8. Vores sikkerhedssystemer er udviklet med fokus p\u00e5 din privatlivsbeskyttelse og yder i h\u00f8j grad beskyttelse mod indtr\u00e6ngen, \u00f8del\u00e6ggelse samt andre \u00e6ndringer, der kan udg\u00f8re en risiko for din integritet.    <span class=\"Apple-converted-space\"> <\/span><\/p><p><b>Hvor l\u00e6nge beholder vi de oplysninger, vi indsamler?<\/b><\/p><p>Vi opbevarer ikke personoplysninger l\u00e6ngere end n\u00f8dvendigt for at opfylde form\u00e5let med behandlingen. I visse tilf\u00e6lde kan vi have en lovpligtig forpligtelse til at opbevare visse personoplysninger, som vi if\u00f8lge loven skal bevare, s\u00e5som personoplysninger, der indg\u00e5r i regnskabsmateriale. <span class=\"Apple-converted-space\"> <\/span><\/p><p><b>Deler vi dine personoplysninger med andre?<\/b><\/p><p>Vi kan dele dine personoplysninger med andre inden for Duni-koncernen.<span class=\"Apple-converted-space\"> <\/span><\/p><p>Vi kan ogs\u00e5 dele personoplysninger med vores tjenesteudbydere og samarbejdspartnere, som vi benytter for at levere vores produkter og tjenester. Eksempler p\u00e5 modtagere er leveringsselskaber, serviceentrepren\u00f8rer og modtagere, der foretager analyser af brugen af vores hjemmeside, s\u00e5som Google Analytics. <span class=\"Apple-converted-space\"> <\/span><\/p><p>Al service, vi leverer, udf\u00f8res af vores serviceentrepren\u00f8r, og det er dem, der modtager foresp\u00f8rgsler og bookinger af service via vores onlineformularer p\u00e5 vores hjemmeside. De behandler de modtagne oplysninger p\u00e5 vegne af Duniform og har behov for at f\u00e5 adgang til disse oplysninger for at kunne udf\u00f8re deres opgave for os.  <span class=\"Apple-converted-space\"> <\/span><\/p><p>Hvis vi deler personoplysninger med nogen, sker det kun p\u00e5 en m\u00e5de, der er rimeligt n\u00f8dvendig for, at de kan udf\u00f8re deres opgaver for os, og alle modtagere er forpligtede til ikke at videregive eller anvende oplysningerne til andre form\u00e5l end dette. Vi sikrer ogs\u00e5, at modtagerne beskytter oplysningerne p\u00e5 samme m\u00e5de som vi g\u00f8r, og vi stiller altid lige s\u00e5 h\u00f8je krav til modtagerne som til os selv. <\/p><p>Hvis vi deler dine personoplysninger, er det juridiske grundlag for dette enten dit samtykke, hvis vi har indhentet det, eller for at opfylde den aftale, der er indg\u00e5et med dig, n\u00e5r du bruger nogle af vores tjenester.<\/p><p><b>Hvor behandler vi dine personoplysninger?<\/b><\/p><p>Vi bestr\u00e6ber os altid p\u00e5 at behandle dine personoplysninger inden for EU\/E\u00d8S. Hvis dine oplysninger behandles uden for EU, for eksempel af en af vores tjenesteudbydere eller cloud-tjenesteudbydere, s\u00f8rger vi for, at alle n\u00f8dvendige beskyttelsesforanstaltninger tr\u00e6ffes, s\u00e5 modtagerne behandler oplysningerne p\u00e5 samme sikre m\u00e5de som vi selv g\u00f8r, og som kr\u00e6vet af databeskyttelsesforordningen. <\/p><p>Det samme g\u00e6lder, hvis vi deler oplysninger med modtagere inden for EU\/E\u00d8S. Vi sikrer, at modtageren har truffet de n\u00f8dvendige beskyttelsesforanstaltninger, samt at de behandler personoplysninger p\u00e5 samme sikre m\u00e5de som vi selv g\u00f8r, og som kr\u00e6vet i databeskyttelsesforordningen. <\/p><p><b>Opdatering af denne privatlivspolitik<\/b><\/p><p>Vi opdaterer vores privatlivspolitik regelm\u00e6ssigt. Den nyeste version af privatlivspolitikken er altid offentliggjort her p\u00e5 vores hjemmeside. <\/p><p><b>Kontaktoplysninger<\/b><\/p><p>Hvis du har sp\u00f8rgsm\u00e5l om vores privatlivspolitik eller hvordan vi h\u00e5ndterer dine personoplysninger, er du velkommen til at kontakte os. Du kan sende en e-mail til <span style=\"text-decoration: underline;\"><a href=\"mailto:gdpr@duni.se\">gdpr@duni.se<\/a><\/span>, men du er ogs\u00e5 velkommen til at ringe eller skrive til os. <\/p><p>Duni AB<br>Hallenborgsgatan 1A, 211 22 <br>211 22 Malm\u00f6<\/p><p>Tlf.: +46 40 10 62 00<br>E-mail: <span style=\"text-decoration: underline;\"><a href=\"mailto:gdpr@duni.com\">gdpr@duni.com<\/a><\/span><\/p>\t\t\t\t\t\t\t\t<\/div>\n\t\t\t\t<\/div>\n\t\t\t\t\t<\/div>\n\t\t\t\t<\/div>\n\t\t\t\t<\/div>\n\t\t","protected":false},"excerpt":{"rendered":"<p>Privatlivspolitik Duniform er en del af Duni AB og er omfattet af EU&#8217;s generelle databeskyttelsesforordning (GDPR) samt national lovgivning om personoplysninger. Din privatliv er vigtigt for os, og vi beskytter altid fortroligheden og integriteten hos enkeltpersoner, der interagerer med os. Alle personer, hvis personoplysninger behandles af os, skal altid kunne v\u00e6re sikre p\u00e5, at deres [&hellip;]<\/p>\n","protected":false},"author":1,"featured_media":0,"parent":0,"menu_order":0,"comment_status":"closed","ping_status":"closed","template":"elementor_header_footer","meta":{"inline_featured_image":false,"footnotes":""},"class_list":["post-2977","page","type-page","status-publish","hentry"],"yoast_head":"<!-- This site is optimized with the Yoast SEO plugin v27.5 - https:\/\/yoast.com\/product\/yoast-seo-wordpress\/ -->\n<title>Privatlivspolitik - Duniform Service<\/title>\n<meta name=\"robots\" content=\"index, follow, max-snippet:-1, max-image-preview:large, max-video-preview:-1\" \/>\n<link rel=\"canonical\" href=\"https:\/\/duniformservice.com\/da\/privatlivspolitik\/\" \/>\n<meta property=\"og:locale\" content=\"da_DK\" \/>\n<meta property=\"og:type\" content=\"article\" \/>\n<meta property=\"og:title\" content=\"Privatlivspolitik - Duniform Service\" \/>\n<meta property=\"og:description\" content=\"Privatlivspolitik Duniform er en del af Duni AB og er omfattet af EU&#8217;s generelle databeskyttelsesforordning (GDPR) samt national lovgivning om personoplysninger. Din privatliv er vigtigt for os, og vi beskytter altid fortroligheden og integriteten hos enkeltpersoner, der interagerer med os. Alle personer, hvis personoplysninger behandles af os, skal altid kunne v\u00e6re sikre p\u00e5, at deres [&hellip;]\" \/>\n<meta property=\"og:url\" content=\"https:\/\/duniformservice.com\/da\/privatlivspolitik\/\" \/>\n<meta property=\"og:site_name\" content=\"Duniform Service\" \/>\n<meta property=\"article:modified_time\" content=\"2025-05-08T12:30:50+00:00\" \/>\n<meta name=\"twitter:card\" content=\"summary_large_image\" \/>\n<meta name=\"twitter:label1\" content=\"Estimeret l\u00e6setid\" \/>\n\t<meta name=\"twitter:data1\" content=\"9 minutter\" \/>\n<script type=\"application\/ld+json\" class=\"yoast-schema-graph\">{\"@context\":\"https:\\\/\\\/schema.org\",\"@graph\":[{\"@type\":\"WebPage\",\"@id\":\"https:\\\/\\\/duniformservice.com\\\/da\\\/privatlivspolitik\\\/\",\"url\":\"https:\\\/\\\/duniformservice.com\\\/da\\\/privatlivspolitik\\\/\",\"name\":\"Privatlivspolitik - Duniform Service\",\"isPartOf\":{\"@id\":\"https:\\\/\\\/duniformservice.com\\\/#website\"},\"datePublished\":\"2025-04-02T12:59:09+00:00\",\"dateModified\":\"2025-05-08T12:30:50+00:00\",\"breadcrumb\":{\"@id\":\"https:\\\/\\\/duniformservice.com\\\/da\\\/privatlivspolitik\\\/#breadcrumb\"},\"inLanguage\":\"da-DK\",\"potentialAction\":[{\"@type\":\"ReadAction\",\"target\":[\"https:\\\/\\\/duniformservice.com\\\/da\\\/privatlivspolitik\\\/\"]}]},{\"@type\":\"BreadcrumbList\",\"@id\":\"https:\\\/\\\/duniformservice.com\\\/da\\\/privatlivspolitik\\\/#breadcrumb\",\"itemListElement\":[{\"@type\":\"ListItem\",\"position\":1,\"name\":\"Hem\",\"item\":\"https:\\\/\\\/duniformservice.com\\\/\"},{\"@type\":\"ListItem\",\"position\":2,\"name\":\"Privatlivspolitik\"}]},{\"@type\":\"WebSite\",\"@id\":\"https:\\\/\\\/duniformservice.com\\\/#website\",\"url\":\"https:\\\/\\\/duniformservice.com\\\/\",\"name\":\"Duniform Service\",\"description\":\"\",\"publisher\":{\"@id\":\"https:\\\/\\\/duniformservice.com\\\/#organization\"},\"potentialAction\":[{\"@type\":\"SearchAction\",\"target\":{\"@type\":\"EntryPoint\",\"urlTemplate\":\"https:\\\/\\\/duniformservice.com\\\/?s={search_term_string}\"},\"query-input\":{\"@type\":\"PropertyValueSpecification\",\"valueRequired\":true,\"valueName\":\"search_term_string\"}}],\"inLanguage\":\"da-DK\"},{\"@type\":\"Organization\",\"@id\":\"https:\\\/\\\/duniformservice.com\\\/#organization\",\"name\":\"Duniform Service\",\"url\":\"https:\\\/\\\/duniformservice.com\\\/\",\"logo\":{\"@type\":\"ImageObject\",\"inLanguage\":\"da-DK\",\"@id\":\"https:\\\/\\\/duniformservice.com\\\/#\\\/schema\\\/logo\\\/image\\\/\",\"url\":\"https:\\\/\\\/duniformservice.com\\\/wp-content\\\/uploads\\\/2024\\\/11\\\/Duniform_Logo_black.png\",\"contentUrl\":\"https:\\\/\\\/duniformservice.com\\\/wp-content\\\/uploads\\\/2024\\\/11\\\/Duniform_Logo_black.png\",\"width\":987,\"height\":135,\"caption\":\"Duniform Service\"},\"image\":{\"@id\":\"https:\\\/\\\/duniformservice.com\\\/#\\\/schema\\\/logo\\\/image\\\/\"}}]}<\/script>\n<!-- \/ Yoast SEO plugin. -->","yoast_head_json":{"title":"Privatlivspolitik - Duniform Service","robots":{"index":"index","follow":"follow","max-snippet":"max-snippet:-1","max-image-preview":"max-image-preview:large","max-video-preview":"max-video-preview:-1"},"canonical":"https:\/\/duniformservice.com\/da\/privatlivspolitik\/","og_locale":"da_DK","og_type":"article","og_title":"Privatlivspolitik - Duniform Service","og_description":"Privatlivspolitik Duniform er en del af Duni AB og er omfattet af EU&#8217;s generelle databeskyttelsesforordning (GDPR) samt national lovgivning om personoplysninger. Din privatliv er vigtigt for os, og vi beskytter altid fortroligheden og integriteten hos enkeltpersoner, der interagerer med os. Alle personer, hvis personoplysninger behandles af os, skal altid kunne v\u00e6re sikre p\u00e5, at deres [&hellip;]","og_url":"https:\/\/duniformservice.com\/da\/privatlivspolitik\/","og_site_name":"Duniform Service","article_modified_time":"2025-05-08T12:30:50+00:00","twitter_card":"summary_large_image","twitter_misc":{"Estimeret l\u00e6setid":"9 minutter"},"schema":{"@context":"https:\/\/schema.org","@graph":[{"@type":"WebPage","@id":"https:\/\/duniformservice.com\/da\/privatlivspolitik\/","url":"https:\/\/duniformservice.com\/da\/privatlivspolitik\/","name":"Privatlivspolitik - Duniform Service","isPartOf":{"@id":"https:\/\/duniformservice.com\/#website"},"datePublished":"2025-04-02T12:59:09+00:00","dateModified":"2025-05-08T12:30:50+00:00","breadcrumb":{"@id":"https:\/\/duniformservice.com\/da\/privatlivspolitik\/#breadcrumb"},"inLanguage":"da-DK","potentialAction":[{"@type":"ReadAction","target":["https:\/\/duniformservice.com\/da\/privatlivspolitik\/"]}]},{"@type":"BreadcrumbList","@id":"https:\/\/duniformservice.com\/da\/privatlivspolitik\/#breadcrumb","itemListElement":[{"@type":"ListItem","position":1,"name":"Hem","item":"https:\/\/duniformservice.com\/"},{"@type":"ListItem","position":2,"name":"Privatlivspolitik"}]},{"@type":"WebSite","@id":"https:\/\/duniformservice.com\/#website","url":"https:\/\/duniformservice.com\/","name":"Duniform Service","description":"","publisher":{"@id":"https:\/\/duniformservice.com\/#organization"},"potentialAction":[{"@type":"SearchAction","target":{"@type":"EntryPoint","urlTemplate":"https:\/\/duniformservice.com\/?s={search_term_string}"},"query-input":{"@type":"PropertyValueSpecification","valueRequired":true,"valueName":"search_term_string"}}],"inLanguage":"da-DK"},{"@type":"Organization","@id":"https:\/\/duniformservice.com\/#organization","name":"Duniform Service","url":"https:\/\/duniformservice.com\/","logo":{"@type":"ImageObject","inLanguage":"da-DK","@id":"https:\/\/duniformservice.com\/#\/schema\/logo\/image\/","url":"https:\/\/duniformservice.com\/wp-content\/uploads\/2024\/11\/Duniform_Logo_black.png","contentUrl":"https:\/\/duniformservice.com\/wp-content\/uploads\/2024\/11\/Duniform_Logo_black.png","width":987,"height":135,"caption":"Duniform Service"},"image":{"@id":"https:\/\/duniformservice.com\/#\/schema\/logo\/image\/"}}]}},"_links":{"self":[{"href":"https:\/\/duniformservice.com\/da\/wp-json\/wp\/v2\/pages\/2977","targetHints":{"allow":["GET"]}}],"collection":[{"href":"https:\/\/duniformservice.com\/da\/wp-json\/wp\/v2\/pages"}],"about":[{"href":"https:\/\/duniformservice.com\/da\/wp-json\/wp\/v2\/types\/page"}],"author":[{"embeddable":true,"href":"https:\/\/duniformservice.com\/da\/wp-json\/wp\/v2\/users\/1"}],"replies":[{"embeddable":true,"href":"https:\/\/duniformservice.com\/da\/wp-json\/wp\/v2\/comments?post=2977"}],"version-history":[{"count":1,"href":"https:\/\/duniformservice.com\/da\/wp-json\/wp\/v2\/pages\/2977\/revisions"}],"predecessor-version":[{"id":2978,"href":"https:\/\/duniformservice.com\/da\/wp-json\/wp\/v2\/pages\/2977\/revisions\/2978"}],"wp:attachment":[{"href":"https:\/\/duniformservice.com\/da\/wp-json\/wp\/v2\/media?parent=2977"}],"curies":[{"name":"wp","href":"https:\/\/api.w.org\/{rel}","templated":true}]}}