{"id":3170,"date":"2025-04-02T12:57:14","date_gmt":"2025-04-02T12:57:14","guid":{"rendered":"https:\/\/duniformservice.com\/cookie-richtlinie\/"},"modified":"2025-05-11T20:05:00","modified_gmt":"2025-05-11T20:05:00","slug":"cookie-richtlinie","status":"publish","type":"page","link":"https:\/\/duniformservice.com\/de\/cookie-richtlinie\/","title":{"rendered":"Cookie-Richtlinie"},"content":{"rendered":"<style>.elementor-3170 .elementor-element.elementor-element-4b298e8{--display:flex;--flex-direction:column;--container-widget-width:100%;--container-widget-height:initial;--container-widget-flex-grow:0;--container-widget-align-self:initial;--flex-wrap-mobile:wrap;--padding-top:150px;--padding-bottom:100px;--padding-left:0px;--padding-right:0px;}.elementor-3170 .elementor-element.elementor-element-ef6dd11 .elementor-heading-title{font-family:var( --e-global-typography-primary-font-family ), Sans-serif;font-size:var( --e-global-typography-primary-font-size );font-weight:var( --e-global-typography-primary-font-weight );line-height:var( --e-global-typography-primary-line-height );}.elementor-3170 .elementor-element.elementor-element-0bd8890{font-family:var( --e-global-typography-text-font-family ), Sans-serif;font-size:var( --e-global-typography-text-font-size );font-weight:var( --e-global-typography-text-font-weight );line-height:var( --e-global-typography-text-line-height );letter-spacing:var( --e-global-typography-text-letter-spacing );}@media(min-width:768px){.elementor-3170 .elementor-element.elementor-element-4b298e8{--content-width:1200px;}}@media(max-width:1024px){.elementor-3170 .elementor-element.elementor-element-4b298e8{--padding-top:50px;--padding-bottom:50px;--padding-left:20px;--padding-right:20px;}.elementor-3170 .elementor-element.elementor-element-ef6dd11 .elementor-heading-title{font-size:var( --e-global-typography-primary-font-size );line-height:var( --e-global-typography-primary-line-height );}.elementor-3170 .elementor-element.elementor-element-0bd8890{font-size:var( --e-global-typography-text-font-size );line-height:var( --e-global-typography-text-line-height );letter-spacing:var( --e-global-typography-text-letter-spacing );}}@media(max-width:767px){.elementor-3170 .elementor-element.elementor-element-4b298e8{--padding-top:50px;--padding-bottom:50px;--padding-left:20px;--padding-right:20px;}.elementor-3170 .elementor-element.elementor-element-ef6dd11 .elementor-heading-title{font-size:var( --e-global-typography-primary-font-size );line-height:var( --e-global-typography-primary-line-height );}.elementor-3170 .elementor-element.elementor-element-0bd8890{font-size:var( --e-global-typography-text-font-size );line-height:var( --e-global-typography-text-line-height );letter-spacing:var( --e-global-typography-text-letter-spacing );}}<\/style>\t\t<div data-elementor-type=\"wp-page\" data-elementor-id=\"3170\" class=\"elementor elementor-3170 elementor-1710\" data-elementor-post-type=\"page\">\n\t\t\t\t<div class=\"elementor-element elementor-element-4b298e8 e-flex e-con-boxed e-con e-parent\" data-id=\"4b298e8\" data-element_type=\"container\" data-e-type=\"container\">\n\t\t\t\t\t<div class=\"e-con-inner\">\n\t\t\t\t<div class=\"elementor-element elementor-element-ef6dd11 elementor-widget elementor-widget-heading\" data-id=\"ef6dd11\" data-element_type=\"widget\" data-e-type=\"widget\" data-widget_type=\"heading.default\">\n\t\t\t\t<div class=\"elementor-widget-container\">\n\t\t\t\t\t<h1 class=\"elementor-heading-title elementor-size-default\">Cookie-Richtlinie<\/h1>\t\t\t\t<\/div>\n\t\t\t\t<\/div>\n\t\t\t\t<div class=\"elementor-element elementor-element-0bd8890 elementor-widget elementor-widget-text-editor\" data-id=\"0bd8890\" data-element_type=\"widget\" data-e-type=\"widget\" data-widget_type=\"text-editor.default\">\n\t\t\t\t<div class=\"elementor-widget-container\">\n\t\t\t\t\t\t\t\t\t<p>Wir verwenden sogenannte Cookies und andere Tracking-Tools auf unserer Website duniform.se. Dies tun wir, um die Funktionalit\u00e4t unserer Website weiterzuentwickeln und zu verbessern, sicherzustellen, dass die von uns angebotenen Dienste ordnungsgem\u00e4\u00df funktionieren, sowie zu Marketingzwecken. Die Zustimmung zu Cookies ist freiwillig, und Sie k\u00f6nnen Ihre Zustimmung jederzeit widerrufen. Indem Sie unserer Verwendung von Cookies zustimmen, stimmen Sie zu, dass wir Informationen \u00fcber Sie und Ihr Ger\u00e4t, wie Ihren Computer, Ihr Tablet oder Ihr Telefon, sowie \u00fcber Ihre Nutzung unserer Website sammeln.   <span class=\"Apple-converted-space\"> <\/span><\/p><p>Duniform, als Teil von Duni AB, ist verantwortlich f\u00fcr die Verwendung von Cookies auf der Website sowie f\u00fcr die Verarbeitung der personenbezogenen Daten, die wir \u00fcber unsere Cookies bei Ihrem Besuch auf unserer Website erfassen. F\u00fcr weitere Informationen dar\u00fcber, wie wir personenbezogene Daten durch Cookies verarbeiten, verweisen wir auf unsere <span style=\"text-decoration: underline;\"><a href=\"https:\/\/duniformservice.com\/de\/datenschutzerklaerung\/\">Datenschutzrichtlinie<\/a><\/span>.  <span class=\"Apple-converted-space\"> <\/span><\/p><p><b>Was sind Cookies und wie werden sie verwendet<\/b><\/p><p>Ein Cookie ist eine kleine Textdatei, die unsere Website auf Ihrem Ger\u00e4t speichern m\u00f6chte. Mithilfe gespeicherter Cookies k\u00f6nnen wir bei zuk\u00fcnftigen Besuchen Ihren Browser erkennen, feststellen, ob Sie sich bereits eingeloggt haben, und ob Sie m\u00f6glicherweise Einstellungen vorgenommen haben. <span class=\"Apple-converted-space\"> <\/span><\/p><p>Es gibt verschiedene Arten von Cookies: Ein Sitzungscookie (Session-Cookie) verschwindet automatisch, wenn Sie Ihren Browser schlie\u00dfen, w\u00e4hrend ein permanentes Cookie (Persistentes Cookie) eine Textdatei auf Ihrem Ger\u00e4t f\u00fcr eine k\u00fcrzere oder l\u00e4ngere Zeit nach Ihrem Besuch speichert, es sei denn, Sie l\u00f6schen das Cookie selbst. Permanente Cookies verwenden wir unter anderem, um Einstellungen wie Ihre vorgenommenen Spracheinstellungen zu speichern. Wenn Sie unsere Website erneut besuchen, werden neue Sitzungscookies im tempor\u00e4ren Speicher abgelegt und permanente Cookies erneuert.  <\/p><p>Cookies k\u00f6nnen in Erstanbieter- und Drittanbieter-Cookies unterteilt werden. Erstanbieter-Cookies werden vom Betreiber der Website (d.h. duniform.se) gesetzt, w\u00e4hrend Drittanbieter-Cookies von einer anderen Website platziert werden. Wir verwenden sowohl Erstanbieter- als auch Drittanbieter-Cookies. Drittanbieter-Cookies nutzen wir f\u00fcr bestimmte Arten von Analysen und f\u00fcr Marketingzwecke.   <\/p><p>Cookies k\u00f6nnen auch nach ihrem Zweck kategorisiert werden.<span class=\"Apple-converted-space\"> <\/span><\/p><p><i>Notwendig<\/i><\/p><p><span class=\"Apple-converted-space\"> <\/span>Notwendige Cookies sind erforderlich, um die grundlegende Funktionalit\u00e4t der Website zu aktivieren und die Sicherheit der Webseite zu gew\u00e4hrleisten. Wenn Sie die Verwendung notwendiger Cookies nicht zulassen, k\u00f6nnen Sie unsere Website nicht nutzen. <\/p><p><i>Personalisierung<\/i><\/p><p>Diese Elemente erm\u00f6glichen es der Website, sich an die von Ihnen getroffenen Entscheidungen zu erinnern (wie Ihren Benutzernamen, die Sprache, fr\u00fchere Suchanfragen oder die Region, in der Sie sich befinden) und verbesserte, pers\u00f6nlichere Funktionen bereitzustellen.<span class=\"Apple-converted-space\"> <\/span><\/p><p><i>Analysetools<\/i><\/p><p>Analytische Cookies werden verwendet, um zu verstehen, wie Besucher mit der Website interagieren. Diese Cookies helfen dabei, Informationen \u00fcber Metriken wie Besucherzahlen, Absprungraten, Verkehrsquellen und mehr bereitzustellen. Sie unterst\u00fctzen uns dabei, die Funktionalit\u00e4t unserer Website zu verbessern und geben uns wertvolle Einblicke, wie wir ein besseres Kundenerlebnis schaffen k\u00f6nnen.  <\/p><p><i>Marketing<\/i><\/p><p>Diese Cookies werden verwendet, um Werbung bereitzustellen, die f\u00fcr Sie und Ihre Interessen relevanter ist. Dies kann auf den von Ihnen angesehenen Inhalten, Ihrem Benutzerprofil oder anderen Nutzungsverl\u00e4ufen basieren, einschlie\u00dflich fr\u00fcherer Aktivit\u00e4ten, Interessen, Seiten- oder App-Besuchen, Standort- oder demografischen Informationen. <span class=\"Apple-converted-space\"> <\/span><\/p><p>Wir verwenden auch Pixel-Technologie. Diese Cookies werden genutzt, um relevantere Informationen und personalisierte Angebote durch Werbung bereitzustellen, die Effektivit\u00e4t unserer Werbekampagnen zu messen und die H\u00e4ufigkeit jeder Anzeige zu begrenzen. In der Regel werden sie von Werbenetzwerken mit Zustimmung des Website-Betreibers platziert.  <\/p><p>F\u00fcr weitere allgemeine Informationen zu Cookies besuchen Sie bitte <span style=\"text-decoration: underline;\"><a href=\"http:\/\/www.pts.se\/internet-och-telefoni\/kakor-cookies\/\">www.pts.se\/internet-och-telefoni\/kakor-cookies\/<\/a><\/span>.<\/p><p><b>Wie Sie Ihre Einwilligung widerrufen, Cookies l\u00f6schen oder blockieren<\/b><\/p><p>Die Zustimmung zu Cookies ist freiwillig, und Sie k\u00f6nnen Ihre Einwilligung jederzeit widerrufen.<span class=\"Apple-converted-space\"> <\/span><\/p><p>Sie k\u00f6nnen bestimmte Cookies \u00fcber Ihren Webbrowser blockieren. Der Browser wird solche Cookies dann automatisch ablehnen oder Sie jedes Mal informieren, wenn eine Website, wie unsere Website, Ihre Zustimmung zur Platzierung von Cookies anfordert. <span class=\"Apple-converted-space\"> <\/span><\/p><p>Informationen dar\u00fcber, wie Sie Cookies \u00fcber Ihren Webbrowser l\u00f6schen oder blockieren k\u00f6nnen, finden Sie in der Hilfe-Funktion des Browsers, siehe zum Beispiel:<\/p><p><a href=\"https:\/\/support.google.com\/chrome\/answer\/95647?hl=sv\">Google Chrome<\/a><\/p><p><a href=\"https:\/\/support.microsoft.com\/en-us\/windows\/manage-cookies-in-microsoft-edge-view-allow-block-delete-and-use-168dab11-0753-043d-7c16-ede5947fc64d\">Microsoft Edge<\/a> <span class=\"Apple-converted-space\"> <\/span><\/p><p><a href=\"https:\/\/support.apple.com\/sv-se\/guide\/safari\/sfri11471\/mac\">Safari auf dem Computer<\/a><\/p><p><a href=\"https:\/\/support.apple.com\/sv-se\/HT201265\">Safari auf iOS-Ger\u00e4ten<\/a><\/p><p>Nachdem Sie unsere Website besucht haben, k\u00f6nnen Sie die gespeicherten persistenten Cookies \u00fcber Ihren Webbrowser \u00fcberpr\u00fcfen und l\u00f6schen.<span class=\"Apple-converted-space\"> <\/span><\/p><p><span class=\"Apple-converted-space\"> <\/span><\/p><p><b>Weitere Informationen und das Recht, eine Beschwerde bei der Aufsichtsbeh\u00f6rde einzureichen<\/b><\/p><p>Wenn Sie mehr \u00fcber Cookies, die erlaubte Verwendung von Cookies, deren Nutzung oder Beschwerden \u00fcber unsere Verwendung von Cookies erfahren m\u00f6chten, k\u00f6nnen Sie sich an die Aufsichtsbeh\u00f6rde f\u00fcr elektronische Kommunikation wenden. In Schweden ist dies die Post- och Telestyrelsen. Weitere Informationen finden Sie auf deren Website, <span style=\"text-decoration: underline;\"><a href=\"http:\/\/www.pts.se\/\">www.pts.se\/<\/a><\/span>.   <span class=\"Apple-converted-space\">   <\/span><\/p><p><b>Kontaktinformationen<span class=\"Apple-converted-space\"> <\/span><\/b><\/p><p>Wenn Sie uns direkt bez\u00fcglich Fragen oder Anmerkungen zu unserer Verwendung von Cookies kontaktieren m\u00f6chten, k\u00f6nnen Sie uns eine E-Mail an <a href=\"mailto:gdpr@duni.se\">gdpr@duni.se<\/a> senden oder einen Brief an Duni AB, Hallenborgsgatan 1A, 211 22, Malm\u00f6 schreiben.<span class=\"Apple-converted-space\"> <\/span><\/p><p>Wenn Sie uns eine E-Mail oder einen Brief senden, werden wir Ihre personenbezogenen Daten wie Ihren Namen, Ihre E-Mail-Adresse oder andere personenbezogene Daten, die Sie in Ihrer Kommunikation angeben, verarbeiten. Dies ist erforderlich, um auf Ihre Anfrage zu reagieren. Weitere Informationen dar\u00fcber, wie wir Ihre personenbezogenen Daten verarbeiten, finden Sie in unserer <span style=\"text-decoration: underline;\"><a href=\"https:\/\/duniformservice.com\/de\/datenschutzerklaerung\/\">Datenschutzerkl\u00e4rung<\/a><\/span>.  <span class=\"Apple-converted-space\">   <\/span><\/p>\t\t\t\t\t\t\t\t<\/div>\n\t\t\t\t<\/div>\n\t\t\t\t\t<\/div>\n\t\t\t\t<\/div>\n\t\t\t\t<\/div>\n\t\t","protected":false},"excerpt":{"rendered":"<p>Cookie-Richtlinie Wir verwenden sogenannte Cookies und andere Tracking-Tools auf unserer Website duniform.se. Dies tun wir, um die Funktionalit\u00e4t unserer Website weiterzuentwickeln und zu verbessern, sicherzustellen, dass die von uns angebotenen Dienste ordnungsgem\u00e4\u00df funktionieren, sowie zu Marketingzwecken. Die Zustimmung zu Cookies ist freiwillig, und Sie k\u00f6nnen Ihre Zustimmung jederzeit widerrufen. Indem Sie unserer Verwendung von Cookies [&hellip;]<\/p>\n","protected":false},"author":1,"featured_media":0,"parent":0,"menu_order":0,"comment_status":"closed","ping_status":"closed","template":"elementor_header_footer","meta":{"inline_featured_image":false,"footnotes":""},"class_list":["post-3170","page","type-page","status-publish","hentry"],"yoast_head":"<!-- This site is optimized with the Yoast SEO plugin v27.3 - https:\/\/yoast.com\/product\/yoast-seo-wordpress\/ -->\n<title>Cookie-Richtlinie - Duniform Service<\/title>\n<meta name=\"robots\" content=\"index, follow, max-snippet:-1, max-image-preview:large, max-video-preview:-1\" \/>\n<link rel=\"canonical\" href=\"https:\/\/duniformservice.com\/de\/cookie-richtlinie\/\" \/>\n<meta property=\"og:locale\" content=\"de_DE\" \/>\n<meta property=\"og:type\" content=\"article\" \/>\n<meta property=\"og:title\" content=\"Cookie-Richtlinie - Duniform Service\" \/>\n<meta property=\"og:description\" content=\"Cookie-Richtlinie Wir verwenden sogenannte Cookies und andere Tracking-Tools auf unserer Website duniform.se. Dies tun wir, um die Funktionalit\u00e4t unserer Website weiterzuentwickeln und zu verbessern, sicherzustellen, dass die von uns angebotenen Dienste ordnungsgem\u00e4\u00df funktionieren, sowie zu Marketingzwecken. Die Zustimmung zu Cookies ist freiwillig, und Sie k\u00f6nnen Ihre Zustimmung jederzeit widerrufen. Indem Sie unserer Verwendung von Cookies [&hellip;]\" \/>\n<meta property=\"og:url\" content=\"https:\/\/duniformservice.com\/de\/cookie-richtlinie\/\" \/>\n<meta property=\"og:site_name\" content=\"Duniform Service\" \/>\n<meta property=\"article:modified_time\" content=\"2025-05-11T20:05:00+00:00\" \/>\n<meta name=\"twitter:card\" content=\"summary_large_image\" \/>\n<meta name=\"twitter:label1\" content=\"Gesch\u00e4tzte Lesezeit\" \/>\n\t<meta name=\"twitter:data1\" content=\"4\u00a0Minuten\" \/>\n<script type=\"application\/ld+json\" class=\"yoast-schema-graph\">{\"@context\":\"https:\\\/\\\/schema.org\",\"@graph\":[{\"@type\":\"WebPage\",\"@id\":\"https:\\\/\\\/duniformservice.com\\\/de\\\/cookie-richtlinie\\\/\",\"url\":\"https:\\\/\\\/duniformservice.com\\\/de\\\/cookie-richtlinie\\\/\",\"name\":\"Cookie-Richtlinie - Duniform Service\",\"isPartOf\":{\"@id\":\"https:\\\/\\\/duniformservice.com\\\/#website\"},\"datePublished\":\"2025-04-02T12:57:14+00:00\",\"dateModified\":\"2025-05-11T20:05:00+00:00\",\"breadcrumb\":{\"@id\":\"https:\\\/\\\/duniformservice.com\\\/de\\\/cookie-richtlinie\\\/#breadcrumb\"},\"inLanguage\":\"de\",\"potentialAction\":[{\"@type\":\"ReadAction\",\"target\":[\"https:\\\/\\\/duniformservice.com\\\/de\\\/cookie-richtlinie\\\/\"]}]},{\"@type\":\"BreadcrumbList\",\"@id\":\"https:\\\/\\\/duniformservice.com\\\/de\\\/cookie-richtlinie\\\/#breadcrumb\",\"itemListElement\":[{\"@type\":\"ListItem\",\"position\":1,\"name\":\"Hem\",\"item\":\"https:\\\/\\\/duniformservice.com\\\/\"},{\"@type\":\"ListItem\",\"position\":2,\"name\":\"Cookie-Richtlinie\"}]},{\"@type\":\"WebSite\",\"@id\":\"https:\\\/\\\/duniformservice.com\\\/#website\",\"url\":\"https:\\\/\\\/duniformservice.com\\\/\",\"name\":\"Duniform Service\",\"description\":\"\",\"publisher\":{\"@id\":\"https:\\\/\\\/duniformservice.com\\\/#organization\"},\"potentialAction\":[{\"@type\":\"SearchAction\",\"target\":{\"@type\":\"EntryPoint\",\"urlTemplate\":\"https:\\\/\\\/duniformservice.com\\\/?s={search_term_string}\"},\"query-input\":{\"@type\":\"PropertyValueSpecification\",\"valueRequired\":true,\"valueName\":\"search_term_string\"}}],\"inLanguage\":\"de\"},{\"@type\":\"Organization\",\"@id\":\"https:\\\/\\\/duniformservice.com\\\/#organization\",\"name\":\"Duniform Service\",\"url\":\"https:\\\/\\\/duniformservice.com\\\/\",\"logo\":{\"@type\":\"ImageObject\",\"inLanguage\":\"de\",\"@id\":\"https:\\\/\\\/duniformservice.com\\\/#\\\/schema\\\/logo\\\/image\\\/\",\"url\":\"https:\\\/\\\/duniformservice.com\\\/wp-content\\\/uploads\\\/2024\\\/11\\\/Duniform_Logo_black.png\",\"contentUrl\":\"https:\\\/\\\/duniformservice.com\\\/wp-content\\\/uploads\\\/2024\\\/11\\\/Duniform_Logo_black.png\",\"width\":987,\"height\":135,\"caption\":\"Duniform Service\"},\"image\":{\"@id\":\"https:\\\/\\\/duniformservice.com\\\/#\\\/schema\\\/logo\\\/image\\\/\"}}]}<\/script>\n<!-- \/ Yoast SEO plugin. -->","yoast_head_json":{"title":"Cookie-Richtlinie - Duniform Service","robots":{"index":"index","follow":"follow","max-snippet":"max-snippet:-1","max-image-preview":"max-image-preview:large","max-video-preview":"max-video-preview:-1"},"canonical":"https:\/\/duniformservice.com\/de\/cookie-richtlinie\/","og_locale":"de_DE","og_type":"article","og_title":"Cookie-Richtlinie - Duniform Service","og_description":"Cookie-Richtlinie Wir verwenden sogenannte Cookies und andere Tracking-Tools auf unserer Website duniform.se. Dies tun wir, um die Funktionalit\u00e4t unserer Website weiterzuentwickeln und zu verbessern, sicherzustellen, dass die von uns angebotenen Dienste ordnungsgem\u00e4\u00df funktionieren, sowie zu Marketingzwecken. Die Zustimmung zu Cookies ist freiwillig, und Sie k\u00f6nnen Ihre Zustimmung jederzeit widerrufen. Indem Sie unserer Verwendung von Cookies [&hellip;]","og_url":"https:\/\/duniformservice.com\/de\/cookie-richtlinie\/","og_site_name":"Duniform Service","article_modified_time":"2025-05-11T20:05:00+00:00","twitter_card":"summary_large_image","twitter_misc":{"Gesch\u00e4tzte Lesezeit":"4\u00a0Minuten"},"schema":{"@context":"https:\/\/schema.org","@graph":[{"@type":"WebPage","@id":"https:\/\/duniformservice.com\/de\/cookie-richtlinie\/","url":"https:\/\/duniformservice.com\/de\/cookie-richtlinie\/","name":"Cookie-Richtlinie - Duniform Service","isPartOf":{"@id":"https:\/\/duniformservice.com\/#website"},"datePublished":"2025-04-02T12:57:14+00:00","dateModified":"2025-05-11T20:05:00+00:00","breadcrumb":{"@id":"https:\/\/duniformservice.com\/de\/cookie-richtlinie\/#breadcrumb"},"inLanguage":"de","potentialAction":[{"@type":"ReadAction","target":["https:\/\/duniformservice.com\/de\/cookie-richtlinie\/"]}]},{"@type":"BreadcrumbList","@id":"https:\/\/duniformservice.com\/de\/cookie-richtlinie\/#breadcrumb","itemListElement":[{"@type":"ListItem","position":1,"name":"Hem","item":"https:\/\/duniformservice.com\/"},{"@type":"ListItem","position":2,"name":"Cookie-Richtlinie"}]},{"@type":"WebSite","@id":"https:\/\/duniformservice.com\/#website","url":"https:\/\/duniformservice.com\/","name":"Duniform Service","description":"","publisher":{"@id":"https:\/\/duniformservice.com\/#organization"},"potentialAction":[{"@type":"SearchAction","target":{"@type":"EntryPoint","urlTemplate":"https:\/\/duniformservice.com\/?s={search_term_string}"},"query-input":{"@type":"PropertyValueSpecification","valueRequired":true,"valueName":"search_term_string"}}],"inLanguage":"de"},{"@type":"Organization","@id":"https:\/\/duniformservice.com\/#organization","name":"Duniform Service","url":"https:\/\/duniformservice.com\/","logo":{"@type":"ImageObject","inLanguage":"de","@id":"https:\/\/duniformservice.com\/#\/schema\/logo\/image\/","url":"https:\/\/duniformservice.com\/wp-content\/uploads\/2024\/11\/Duniform_Logo_black.png","contentUrl":"https:\/\/duniformservice.com\/wp-content\/uploads\/2024\/11\/Duniform_Logo_black.png","width":987,"height":135,"caption":"Duniform Service"},"image":{"@id":"https:\/\/duniformservice.com\/#\/schema\/logo\/image\/"}}]}},"_links":{"self":[{"href":"https:\/\/duniformservice.com\/de\/wp-json\/wp\/v2\/pages\/3170","targetHints":{"allow":["GET"]}}],"collection":[{"href":"https:\/\/duniformservice.com\/de\/wp-json\/wp\/v2\/pages"}],"about":[{"href":"https:\/\/duniformservice.com\/de\/wp-json\/wp\/v2\/types\/page"}],"author":[{"embeddable":true,"href":"https:\/\/duniformservice.com\/de\/wp-json\/wp\/v2\/users\/1"}],"replies":[{"embeddable":true,"href":"https:\/\/duniformservice.com\/de\/wp-json\/wp\/v2\/comments?post=3170"}],"version-history":[{"count":2,"href":"https:\/\/duniformservice.com\/de\/wp-json\/wp\/v2\/pages\/3170\/revisions"}],"predecessor-version":[{"id":3180,"href":"https:\/\/duniformservice.com\/de\/wp-json\/wp\/v2\/pages\/3170\/revisions\/3180"}],"wp:attachment":[{"href":"https:\/\/duniformservice.com\/de\/wp-json\/wp\/v2\/media?parent=3170"}],"curies":[{"name":"wp","href":"https:\/\/api.w.org\/{rel}","templated":true}]}}