{"id":3131,"date":"2025-04-02T12:57:14","date_gmt":"2025-04-02T12:57:14","guid":{"rendered":"https:\/\/duniformservice.com\/evastekaytanto\/"},"modified":"2025-10-07T11:28:47","modified_gmt":"2025-10-07T11:28:47","slug":"evastekaytanto","status":"publish","type":"page","link":"https:\/\/duniformservice.com\/fi\/evastekaytanto\/","title":{"rendered":"Ev\u00e4stek\u00e4yt\u00e4nt\u00f6"},"content":{"rendered":"<style>.elementor-3131 .elementor-element.elementor-element-4b298e8{--display:flex;--flex-direction:column;--container-widget-width:100%;--container-widget-height:initial;--container-widget-flex-grow:0;--container-widget-align-self:initial;--flex-wrap-mobile:wrap;--padding-top:150px;--padding-bottom:100px;--padding-left:0px;--padding-right:0px;}.elementor-3131 .elementor-element.elementor-element-ef6dd11 .elementor-heading-title{font-family:var( --e-global-typography-primary-font-family ), Sans-serif;font-size:var( --e-global-typography-primary-font-size );font-weight:var( --e-global-typography-primary-font-weight );line-height:var( --e-global-typography-primary-line-height );}.elementor-3131 .elementor-element.elementor-element-0bd8890{font-family:var( --e-global-typography-text-font-family ), Sans-serif;font-size:var( --e-global-typography-text-font-size );font-weight:var( --e-global-typography-text-font-weight );line-height:var( --e-global-typography-text-line-height );letter-spacing:var( --e-global-typography-text-letter-spacing );}@media(min-width:768px){.elementor-3131 .elementor-element.elementor-element-4b298e8{--content-width:1200px;}}@media(max-width:1024px){.elementor-3131 .elementor-element.elementor-element-4b298e8{--padding-top:50px;--padding-bottom:50px;--padding-left:20px;--padding-right:20px;}.elementor-3131 .elementor-element.elementor-element-ef6dd11 .elementor-heading-title{font-size:var( --e-global-typography-primary-font-size );line-height:var( --e-global-typography-primary-line-height );}.elementor-3131 .elementor-element.elementor-element-0bd8890{font-size:var( --e-global-typography-text-font-size );line-height:var( --e-global-typography-text-line-height );letter-spacing:var( --e-global-typography-text-letter-spacing );}}@media(max-width:767px){.elementor-3131 .elementor-element.elementor-element-4b298e8{--padding-top:50px;--padding-bottom:50px;--padding-left:20px;--padding-right:20px;}.elementor-3131 .elementor-element.elementor-element-ef6dd11 .elementor-heading-title{font-size:var( --e-global-typography-primary-font-size );line-height:var( --e-global-typography-primary-line-height );}.elementor-3131 .elementor-element.elementor-element-0bd8890{font-size:var( --e-global-typography-text-font-size );line-height:var( --e-global-typography-text-line-height );letter-spacing:var( --e-global-typography-text-letter-spacing );}}<\/style>\t\t<div data-elementor-type=\"wp-page\" data-elementor-id=\"3131\" class=\"elementor elementor-3131 elementor-1710\" data-elementor-post-type=\"page\">\n\t\t\t\t<div class=\"elementor-element elementor-element-4b298e8 e-flex e-con-boxed e-con e-parent\" data-id=\"4b298e8\" data-element_type=\"container\" data-e-type=\"container\">\n\t\t\t\t\t<div class=\"e-con-inner\">\n\t\t\t\t<div class=\"elementor-element elementor-element-ef6dd11 elementor-widget elementor-widget-heading\" data-id=\"ef6dd11\" data-element_type=\"widget\" data-e-type=\"widget\" data-widget_type=\"heading.default\">\n\t\t\t\t<div class=\"elementor-widget-container\">\n\t\t\t\t\t<h1 class=\"elementor-heading-title elementor-size-default\">Ev\u00e4stek\u00e4yt\u00e4nt\u00f6<\/h1>\t\t\t\t<\/div>\n\t\t\t\t<\/div>\n\t\t\t\t<div class=\"elementor-element elementor-element-0bd8890 elementor-widget elementor-widget-text-editor\" data-id=\"0bd8890\" data-element_type=\"widget\" data-e-type=\"widget\" data-widget_type=\"text-editor.default\">\n\t\t\t\t<div class=\"elementor-widget-container\">\n\t\t\t\t\t\t\t\t\t<p>K\u00e4yt\u00e4mme niin sanottuja ev\u00e4steit\u00e4 ja muita seurantaty\u00f6kaluja verkkosivustollamme duniform.se. Teemme t\u00e4m\u00e4n kehitt\u00e4\u00e4ksemme ja parantaaksemme sivustomme toiminnallisuutta, varmistaaksemme tarjoamiemme palveluiden asianmukaisen toiminnan sek\u00e4 markkinointitarkoituksia varten. Ev\u00e4steiden hyv\u00e4ksyminen on vapaaehtoista, ja voit milloin tahansa peruuttaa suostumuksesi. Hyv\u00e4ksym\u00e4ll\u00e4 ev\u00e4steiden k\u00e4yt\u00f6n annat suostumuksesi siihen, ett\u00e4 ker\u00e4\u00e4mme tietoja sinusta ja laitteestasi, kuten tietokoneestasi, tabletistasi tai puhelimestasi, sek\u00e4 siit\u00e4, miten k\u00e4yt\u00e4t verkkosivustoamme.   <span class=\"Apple-converted-space\"> <\/span><\/p><p>Duniform, joka on osa Duni AB:ta, vastaa ev\u00e4steiden k\u00e4yt\u00f6st\u00e4 verkkosivustolla sek\u00e4 on vastuussa henkil\u00f6tiedoista, jotka ker\u00e4\u00e4mme ev\u00e4steiden kautta vieraillessasi verkkosivustollamme. Lis\u00e4tietoja siit\u00e4, kuinka k\u00e4sittelemme henkil\u00f6tietoja ev\u00e4steiden avulla, l\u00f6yd\u00e4t <span style=\"text-decoration: underline;\">\n  <a href=\"https:\/\/duniformservice.com\/integritetsskyddpolicy\/\">Tietosuojak\u00e4yt\u00e4nn\u00f6st\u00e4mme<\/a>\n<\/span>.  <span class=\"Apple-converted-space\"> <\/span><\/p><p><b>Mit\u00e4 ev\u00e4steet ovat ja miten niit\u00e4 k\u00e4ytet\u00e4\u00e4n<\/b><\/p><p>Ev\u00e4ste on pieni tekstitiedosto, jonka verkkosivustomme pyyt\u00e4\u00e4 tallentamaan laitteellesi. Tallennettujen ev\u00e4steiden avulla voimme tunnistaa selaimesi tulevilla k\u00e4ynneill\u00e4, n\u00e4hd\u00e4 oletko kirjautunut aiemmin ja onko sinulla mahdollisesti tehtyj\u00e4 asetuksia. <span class=\"Apple-converted-space\"> <\/span><\/p><p>Ev\u00e4steit\u00e4 on erilaisia; istuntokoekki h\u00e4vi\u00e4\u00e4 automaattisesti, kun suljet selaimesi, kun taas pysyv\u00e4 ev\u00e4ste tallentaa tekstitiedoston laitteellesi lyhyemm\u00e4ksi tai pidemm\u00e4ksi ajaksi vierailusi j\u00e4lkeen, ellei ev\u00e4stett\u00e4 poisteta itse. Pysyvi\u00e4 ev\u00e4steit\u00e4 k\u00e4yt\u00e4mme muun muassa muistaaksemme asetuksia, kuten tekem\u00e4si kieliasetukset. Palatessasi verkkosivustollemme sijoitetaan uusia istuntokoekkeja v\u00e4liaikaiseen muistiin ja pysyv\u00e4t ev\u00e4steet uudistetaan.  <\/p><p>Ev\u00e4steet voidaan jakaa ensimm\u00e4isen ja kolmannen osapuolen ev\u00e4steisiin. Ensimm\u00e4isen osapuolen ev\u00e4steet asetetaan verkkosivuston omistajan toimesta (eli duniform.se) ja kolmannen osapuolen ev\u00e4steet asetetaan jonkin toisen verkkosivuston toimesta. K\u00e4yt\u00e4mme sek\u00e4 ensimm\u00e4isen ett\u00e4 kolmannen osapuolen ev\u00e4steit\u00e4. Kolmannen osapuolen ev\u00e4steit\u00e4 k\u00e4yt\u00e4mme tiettyihin analyysitarkoituksiin ja markkinointiin.   <\/p><p>Ev\u00e4steet voidaan my\u00f6s luokitella tarkoituksen perusteella.<span class=\"Apple-converted-space\"> <\/span><\/p><p><i>V\u00e4ltt\u00e4m\u00e4tt\u00f6m\u00e4t<\/i><\/p><p><span class=\"Apple-converted-space\"> <\/span>V\u00e4ltt\u00e4m\u00e4tt\u00f6m\u00e4t ev\u00e4steet ovat tarpeen verkkosivuston olennaisten toimintojen aktivoimiseksi ja ne ovat v\u00e4ltt\u00e4m\u00e4tt\u00f6mi\u00e4 sivuston toimivuuden ja turvallisuuden varmistamiseksi. Jos et halua, ett\u00e4 v\u00e4ltt\u00e4m\u00e4tt\u00f6mi\u00e4 ev\u00e4steit\u00e4 k\u00e4ytet\u00e4\u00e4n, et voi k\u00e4ytt\u00e4\u00e4 verkkosivustoamme. <\/p><p><i>Personointi<\/i><\/p><p>N\u00e4m\u00e4 ominaisuudet mahdollistavat sen, ett\u00e4 verkkosivusto muistaa tekem\u00e4si valinnat (kuten k\u00e4ytt\u00e4j\u00e4tunnuksesi, kielen, aiemmat haut tai alueesi) ja tarjoaa parannettuja, yksil\u00f6llisempi\u00e4 toimintoja.<span class=\"Apple-converted-space\"> <\/span><\/p><p><i>Analyysity\u00f6kalut<\/i><\/p><p>Analyyttisi\u00e4 ev\u00e4steit\u00e4 k\u00e4ytet\u00e4\u00e4n ymm\u00e4rt\u00e4m\u00e4\u00e4n, miten k\u00e4vij\u00e4t ovat vuorovaikutuksessa verkkosivuston kanssa. N\u00e4m\u00e4 ev\u00e4steet auttavat tarjoamaan tietoa mittareista, kuten k\u00e4vij\u00e4m\u00e4\u00e4rist\u00e4, poistumisprosentista, liikenteen l\u00e4hteist\u00e4 ja muista tiedoista. Ne auttavat meit\u00e4 parantamaan verkkosivustomme toimivuutta ja tarjoavat arvokasta tietoa siit\u00e4, miten voimme luoda paremman asiakaskokemuksen.  <\/p><p><i>Markkinointi<\/i><\/p><p>N\u00e4it\u00e4 ev\u00e4steit\u00e4 k\u00e4ytet\u00e4\u00e4n toimittamaan mainontaa, joka on sinulle ja kiinnostuksenkohteillesi paremmin sopivaa. T\u00e4m\u00e4 voi perustua katsomaasi sis\u00e4lt\u00f6\u00f6n, k\u00e4ytt\u00e4j\u00e4profiiliisi tai muuhun k\u00e4ytt\u00e4j\u00e4historiaan, mukaan lukien aiemmat toiminnot, kiinnostuksenkohteet, vierailut sivuilla tai sovelluksissa, sijainti tai demografiset tiedot. <span class=\"Apple-converted-space\"> <\/span><\/p><p>K\u00e4yt\u00e4mme my\u00f6s pikselitekniikkaa. N\u00e4it\u00e4 ev\u00e4steit\u00e4 k\u00e4ytet\u00e4\u00e4n tarjoamaan ajankohtaisempaa tietoa ja henkil\u00f6kohtaisia tarjouksia mainonnan avulla, mittaamaan mainoskampanjoidemme tehokkuutta ja rajoittamaan mainosten n\u00e4ytt\u00f6kertoja. Mainosverkostot asettavat ne yleens\u00e4 verkkosivuston yll\u00e4pit\u00e4j\u00e4n luvalla.  <\/p><p>Lis\u00e4tietoja ev\u00e4steist\u00e4 l\u00f6yd\u00e4t osoitteesta <span style=\"text-decoration: underline;\">\n  <a href=\"http:\/\/www.pts.se\/internet-och-telefoni\/kakor-cookies\/\">www.pts.se\/internet-och-telefoni\/kakor-cookies\/<\/a>\n<\/span>.<\/p><p><b>Kuinka peruuttaa suostumus, poistaa tai est\u00e4\u00e4 ev\u00e4steet<\/b><\/p><p>Ev\u00e4steiden hyv\u00e4ksyminen on vapaaehtoista, ja voit milloin tahansa peruuttaa suostumuksesi.<span class=\"Apple-converted-space\"> <\/span><\/p><p>Voit est\u00e4\u00e4 tietyt ev\u00e4steet selaimesi kautta. T\u00e4ll\u00f6in selain automaattisesti kielt\u00e4\u00e4 t\u00e4llaiset ev\u00e4steet tai ilmoittaa sinulle aina, kun jokin verkkosivusto, kuten meid\u00e4n sivustomme, pyyt\u00e4\u00e4 suostumustasi ev\u00e4steiden asettamiseen. <span class=\"Apple-converted-space\"> <\/span><\/p><p>Tietoa siit\u00e4, kuinka voit poistaa tai est\u00e4\u00e4 ev\u00e4steet selaimesi kautta, l\u00f6yd\u00e4t selaimen ohjetoiminnosta, katso esimerkiksi:<\/p><p><a href=\"https:\/\/support.google.com\/chrome\/answer\/95647?hl=sv\">Google Chrome<\/a><\/p><p><a href=\"https:\/\/support.microsoft.com\/en-us\/windows\/manage-cookies-in-microsoft-edge-view-allow-block-delete-and-use-168dab11-0753-043d-7c16-ede5947fc64d\">Microsoft Edge<\/a> <span class=\"Apple-converted-space\"> <\/span><\/p><p><a href=\"https:\/\/support.apple.com\/sv-se\/guide\/safari\/sfri11471\/mac\">Safari tietokoneella<\/a><\/p><p><a href=\"https:\/\/support.apple.com\/sv-se\/HT201265\">Safari iOS-laitteilla<\/a><\/p><p>Vierailtuasi verkkosivustollamme voit tarkastella ja poistaa tallennettuja pysyvi\u00e4 ev\u00e4steit\u00e4 selaimesi kautta.<span class=\"Apple-converted-space\"> <\/span><\/p><p><span class=\"Apple-converted-space\"> <\/span><\/p><p><b>Lis\u00e4tietoja ja oikeus tehd\u00e4 valitus valvontaviranomaiselle<\/b><\/p><p>Jos haluat tiet\u00e4\u00e4 lis\u00e4\u00e4 ev\u00e4steist\u00e4, ev\u00e4steiden sallituista k\u00e4ytt\u00f6tavoista, niiden k\u00e4yt\u00f6st\u00e4 tai haluat tehd\u00e4 valituksen ev\u00e4steidemme k\u00e4yt\u00f6st\u00e4, voit ottaa yhteytt\u00e4 s\u00e4hk\u00f6isen viestinn\u00e4n valvontaviranomaiseen. Suomessa t\u00e4m\u00e4 on Liikenne- ja viestint\u00e4virasto Traficom. Lis\u00e4tietoja l\u00f6yd\u00e4t heid\u00e4n verkkosivustoltaan, <span style=\"text-decoration: underline;\">\n  <a href=\"http:\/\/www.pts.se\/\">www.pts.se\/<\/a>\n<\/span>.   <span class=\"Apple-converted-space\">   <\/span><\/p><p><b>Yhteystiedot<span class=\"Apple-converted-space\"> <\/span><\/b><\/p><p>Jos haluat ottaa meihin suoraan yhteytt\u00e4 ev\u00e4steiden k\u00e4ytt\u00f6\u00e4 koskevissa kysymyksiss\u00e4 tai palautteessa, voit l\u00e4hett\u00e4\u00e4 s\u00e4hk\u00f6postia osoitteeseen <a href=\"mailto:gdpr@duni.se\">gdpr@duni.se<\/a> tai l\u00e4hett\u00e4\u00e4 kirjeen osoitteeseen Duni AB, Hallenborgsgatan 1A, 211 22, Malm\u00f6.<span class=\"Apple-converted-space\"> <\/span><\/p><p>Kun l\u00e4het\u00e4t meille s\u00e4hk\u00f6postia tai kirjeen, k\u00e4sittelemme henkil\u00f6tietojasi, kuten nime\u00e4si, s\u00e4hk\u00f6postiosoitettasi tai muita henkil\u00f6tietoja, jotka annat viestinn\u00e4ss\u00e4si. Meid\u00e4n on teht\u00e4v\u00e4 t\u00e4m\u00e4 voidaksemme vastata pyynt\u00f6\u00f6si. Lis\u00e4tietoja siit\u00e4, kuinka k\u00e4sittelemme henkil\u00f6tietojasi, l\u00f6yd\u00e4t <span style=\"text-decoration: underline;\">\n  <a href=\"https:\/\/duniformservice.com\/integritetsskyddpolicy\/\">tietosuojak\u00e4yt\u00e4nn\u00f6st\u00e4mme<\/a>\n<\/span>.  <span class=\"Apple-converted-space\">   <\/span><\/p>\t\t\t\t\t\t\t\t<\/div>\n\t\t\t\t<\/div>\n\t\t\t\t\t<\/div>\n\t\t\t\t<\/div>\n\t\t\t\t<\/div>\n\t\t","protected":false},"excerpt":{"rendered":"<p>Ev\u00e4stek\u00e4yt\u00e4nt\u00f6 K\u00e4yt\u00e4mme niin sanottuja ev\u00e4steit\u00e4 ja muita seurantaty\u00f6kaluja verkkosivustollamme duniform.se. Teemme t\u00e4m\u00e4n kehitt\u00e4\u00e4ksemme ja parantaaksemme sivustomme toiminnallisuutta, varmistaaksemme tarjoamiemme palveluiden asianmukaisen toiminnan sek\u00e4 markkinointitarkoituksia varten. Ev\u00e4steiden hyv\u00e4ksyminen on vapaaehtoista, ja voit milloin tahansa peruuttaa suostumuksesi. Hyv\u00e4ksym\u00e4ll\u00e4 ev\u00e4steiden k\u00e4yt\u00f6n annat suostumuksesi siihen, ett\u00e4 ker\u00e4\u00e4mme tietoja sinusta ja laitteestasi, kuten tietokoneestasi, tabletistasi tai puhelimestasi, sek\u00e4 siit\u00e4, miten [&hellip;]<\/p>\n","protected":false},"author":1,"featured_media":0,"parent":0,"menu_order":0,"comment_status":"closed","ping_status":"closed","template":"elementor_header_footer","meta":{"inline_featured_image":false,"footnotes":""},"class_list":["post-3131","page","type-page","status-publish","hentry"],"yoast_head":"<!-- This site is optimized with the Yoast SEO plugin v27.3 - https:\/\/yoast.com\/product\/yoast-seo-wordpress\/ -->\n<title>Ev\u00e4stek\u00e4yt\u00e4nt\u00f6 - Duniform Service<\/title>\n<meta name=\"robots\" content=\"index, follow, max-snippet:-1, max-image-preview:large, max-video-preview:-1\" \/>\n<link rel=\"canonical\" href=\"https:\/\/duniformservice.com\/fi\/evastekaytanto\/\" \/>\n<meta property=\"og:locale\" content=\"fi_FI\" \/>\n<meta property=\"og:type\" content=\"article\" \/>\n<meta property=\"og:title\" content=\"Ev\u00e4stek\u00e4yt\u00e4nt\u00f6 - Duniform Service\" \/>\n<meta property=\"og:description\" content=\"Ev\u00e4stek\u00e4yt\u00e4nt\u00f6 K\u00e4yt\u00e4mme niin sanottuja ev\u00e4steit\u00e4 ja muita seurantaty\u00f6kaluja verkkosivustollamme duniform.se. Teemme t\u00e4m\u00e4n kehitt\u00e4\u00e4ksemme ja parantaaksemme sivustomme toiminnallisuutta, varmistaaksemme tarjoamiemme palveluiden asianmukaisen toiminnan sek\u00e4 markkinointitarkoituksia varten. Ev\u00e4steiden hyv\u00e4ksyminen on vapaaehtoista, ja voit milloin tahansa peruuttaa suostumuksesi. Hyv\u00e4ksym\u00e4ll\u00e4 ev\u00e4steiden k\u00e4yt\u00f6n annat suostumuksesi siihen, ett\u00e4 ker\u00e4\u00e4mme tietoja sinusta ja laitteestasi, kuten tietokoneestasi, tabletistasi tai puhelimestasi, sek\u00e4 siit\u00e4, miten [&hellip;]\" \/>\n<meta property=\"og:url\" content=\"https:\/\/duniformservice.com\/fi\/evastekaytanto\/\" \/>\n<meta property=\"og:site_name\" content=\"Duniform Service\" \/>\n<meta property=\"article:modified_time\" content=\"2025-10-07T11:28:47+00:00\" \/>\n<meta name=\"twitter:card\" content=\"summary_large_image\" \/>\n<meta name=\"twitter:label1\" content=\"Arvioitu lukuaika\" \/>\n\t<meta name=\"twitter:data1\" content=\"4 minuuttia\" \/>\n<script type=\"application\/ld+json\" class=\"yoast-schema-graph\">{\"@context\":\"https:\\\/\\\/schema.org\",\"@graph\":[{\"@type\":\"WebPage\",\"@id\":\"https:\\\/\\\/duniformservice.com\\\/fi\\\/evastekaytanto\\\/\",\"url\":\"https:\\\/\\\/duniformservice.com\\\/fi\\\/evastekaytanto\\\/\",\"name\":\"Ev\u00e4stek\u00e4yt\u00e4nt\u00f6 - Duniform Service\",\"isPartOf\":{\"@id\":\"https:\\\/\\\/duniformservice.com\\\/#website\"},\"datePublished\":\"2025-04-02T12:57:14+00:00\",\"dateModified\":\"2025-10-07T11:28:47+00:00\",\"breadcrumb\":{\"@id\":\"https:\\\/\\\/duniformservice.com\\\/fi\\\/evastekaytanto\\\/#breadcrumb\"},\"inLanguage\":\"fi\",\"potentialAction\":[{\"@type\":\"ReadAction\",\"target\":[\"https:\\\/\\\/duniformservice.com\\\/fi\\\/evastekaytanto\\\/\"]}]},{\"@type\":\"BreadcrumbList\",\"@id\":\"https:\\\/\\\/duniformservice.com\\\/fi\\\/evastekaytanto\\\/#breadcrumb\",\"itemListElement\":[{\"@type\":\"ListItem\",\"position\":1,\"name\":\"Hem\",\"item\":\"https:\\\/\\\/duniformservice.com\\\/fi\\\/koti\\\/\"},{\"@type\":\"ListItem\",\"position\":2,\"name\":\"Ev\u00e4stek\u00e4yt\u00e4nt\u00f6\"}]},{\"@type\":\"WebSite\",\"@id\":\"https:\\\/\\\/duniformservice.com\\\/#website\",\"url\":\"https:\\\/\\\/duniformservice.com\\\/\",\"name\":\"Duniform Service\",\"description\":\"\",\"publisher\":{\"@id\":\"https:\\\/\\\/duniformservice.com\\\/#organization\"},\"potentialAction\":[{\"@type\":\"SearchAction\",\"target\":{\"@type\":\"EntryPoint\",\"urlTemplate\":\"https:\\\/\\\/duniformservice.com\\\/?s={search_term_string}\"},\"query-input\":{\"@type\":\"PropertyValueSpecification\",\"valueRequired\":true,\"valueName\":\"search_term_string\"}}],\"inLanguage\":\"fi\"},{\"@type\":\"Organization\",\"@id\":\"https:\\\/\\\/duniformservice.com\\\/#organization\",\"name\":\"Duniform Service\",\"url\":\"https:\\\/\\\/duniformservice.com\\\/\",\"logo\":{\"@type\":\"ImageObject\",\"inLanguage\":\"fi\",\"@id\":\"https:\\\/\\\/duniformservice.com\\\/#\\\/schema\\\/logo\\\/image\\\/\",\"url\":\"https:\\\/\\\/duniformservice.com\\\/wp-content\\\/uploads\\\/2024\\\/11\\\/Duniform_Logo_black.png\",\"contentUrl\":\"https:\\\/\\\/duniformservice.com\\\/wp-content\\\/uploads\\\/2024\\\/11\\\/Duniform_Logo_black.png\",\"width\":987,\"height\":135,\"caption\":\"Duniform Service\"},\"image\":{\"@id\":\"https:\\\/\\\/duniformservice.com\\\/#\\\/schema\\\/logo\\\/image\\\/\"}}]}<\/script>\n<!-- \/ Yoast SEO plugin. -->","yoast_head_json":{"title":"Ev\u00e4stek\u00e4yt\u00e4nt\u00f6 - Duniform Service","robots":{"index":"index","follow":"follow","max-snippet":"max-snippet:-1","max-image-preview":"max-image-preview:large","max-video-preview":"max-video-preview:-1"},"canonical":"https:\/\/duniformservice.com\/fi\/evastekaytanto\/","og_locale":"fi_FI","og_type":"article","og_title":"Ev\u00e4stek\u00e4yt\u00e4nt\u00f6 - Duniform Service","og_description":"Ev\u00e4stek\u00e4yt\u00e4nt\u00f6 K\u00e4yt\u00e4mme niin sanottuja ev\u00e4steit\u00e4 ja muita seurantaty\u00f6kaluja verkkosivustollamme duniform.se. Teemme t\u00e4m\u00e4n kehitt\u00e4\u00e4ksemme ja parantaaksemme sivustomme toiminnallisuutta, varmistaaksemme tarjoamiemme palveluiden asianmukaisen toiminnan sek\u00e4 markkinointitarkoituksia varten. Ev\u00e4steiden hyv\u00e4ksyminen on vapaaehtoista, ja voit milloin tahansa peruuttaa suostumuksesi. Hyv\u00e4ksym\u00e4ll\u00e4 ev\u00e4steiden k\u00e4yt\u00f6n annat suostumuksesi siihen, ett\u00e4 ker\u00e4\u00e4mme tietoja sinusta ja laitteestasi, kuten tietokoneestasi, tabletistasi tai puhelimestasi, sek\u00e4 siit\u00e4, miten [&hellip;]","og_url":"https:\/\/duniformservice.com\/fi\/evastekaytanto\/","og_site_name":"Duniform Service","article_modified_time":"2025-10-07T11:28:47+00:00","twitter_card":"summary_large_image","twitter_misc":{"Arvioitu lukuaika":"4 minuuttia"},"schema":{"@context":"https:\/\/schema.org","@graph":[{"@type":"WebPage","@id":"https:\/\/duniformservice.com\/fi\/evastekaytanto\/","url":"https:\/\/duniformservice.com\/fi\/evastekaytanto\/","name":"Ev\u00e4stek\u00e4yt\u00e4nt\u00f6 - Duniform Service","isPartOf":{"@id":"https:\/\/duniformservice.com\/#website"},"datePublished":"2025-04-02T12:57:14+00:00","dateModified":"2025-10-07T11:28:47+00:00","breadcrumb":{"@id":"https:\/\/duniformservice.com\/fi\/evastekaytanto\/#breadcrumb"},"inLanguage":"fi","potentialAction":[{"@type":"ReadAction","target":["https:\/\/duniformservice.com\/fi\/evastekaytanto\/"]}]},{"@type":"BreadcrumbList","@id":"https:\/\/duniformservice.com\/fi\/evastekaytanto\/#breadcrumb","itemListElement":[{"@type":"ListItem","position":1,"name":"Hem","item":"https:\/\/duniformservice.com\/fi\/koti\/"},{"@type":"ListItem","position":2,"name":"Ev\u00e4stek\u00e4yt\u00e4nt\u00f6"}]},{"@type":"WebSite","@id":"https:\/\/duniformservice.com\/#website","url":"https:\/\/duniformservice.com\/","name":"Duniform Service","description":"","publisher":{"@id":"https:\/\/duniformservice.com\/#organization"},"potentialAction":[{"@type":"SearchAction","target":{"@type":"EntryPoint","urlTemplate":"https:\/\/duniformservice.com\/?s={search_term_string}"},"query-input":{"@type":"PropertyValueSpecification","valueRequired":true,"valueName":"search_term_string"}}],"inLanguage":"fi"},{"@type":"Organization","@id":"https:\/\/duniformservice.com\/#organization","name":"Duniform Service","url":"https:\/\/duniformservice.com\/","logo":{"@type":"ImageObject","inLanguage":"fi","@id":"https:\/\/duniformservice.com\/#\/schema\/logo\/image\/","url":"https:\/\/duniformservice.com\/wp-content\/uploads\/2024\/11\/Duniform_Logo_black.png","contentUrl":"https:\/\/duniformservice.com\/wp-content\/uploads\/2024\/11\/Duniform_Logo_black.png","width":987,"height":135,"caption":"Duniform Service"},"image":{"@id":"https:\/\/duniformservice.com\/#\/schema\/logo\/image\/"}}]}},"_links":{"self":[{"href":"https:\/\/duniformservice.com\/fi\/wp-json\/wp\/v2\/pages\/3131","targetHints":{"allow":["GET"]}}],"collection":[{"href":"https:\/\/duniformservice.com\/fi\/wp-json\/wp\/v2\/pages"}],"about":[{"href":"https:\/\/duniformservice.com\/fi\/wp-json\/wp\/v2\/types\/page"}],"author":[{"embeddable":true,"href":"https:\/\/duniformservice.com\/fi\/wp-json\/wp\/v2\/users\/1"}],"replies":[{"embeddable":true,"href":"https:\/\/duniformservice.com\/fi\/wp-json\/wp\/v2\/comments?post=3131"}],"version-history":[{"count":6,"href":"https:\/\/duniformservice.com\/fi\/wp-json\/wp\/v2\/pages\/3131\/revisions"}],"predecessor-version":[{"id":3614,"href":"https:\/\/duniformservice.com\/fi\/wp-json\/wp\/v2\/pages\/3131\/revisions\/3614"}],"wp:attachment":[{"href":"https:\/\/duniformservice.com\/fi\/wp-json\/wp\/v2\/media?parent=3131"}],"curies":[{"name":"wp","href":"https:\/\/api.w.org\/{rel}","templated":true}]}}