{"id":3052,"date":"2025-04-02T12:57:14","date_gmt":"2025-04-02T12:57:14","guid":{"rendered":"https:\/\/duniformservice.com\/cookiepolicy\/"},"modified":"2025-05-10T17:18:38","modified_gmt":"2025-05-10T17:18:38","slug":"cookiepolicy","status":"publish","type":"page","link":"https:\/\/duniformservice.com\/no\/cookiepolicy\/","title":{"rendered":"Cookiepolicy"},"content":{"rendered":"<style>.elementor-3052 .elementor-element.elementor-element-4b298e8{--display:flex;--flex-direction:column;--container-widget-width:100%;--container-widget-height:initial;--container-widget-flex-grow:0;--container-widget-align-self:initial;--flex-wrap-mobile:wrap;--padding-top:150px;--padding-bottom:100px;--padding-left:0px;--padding-right:0px;}.elementor-3052 .elementor-element.elementor-element-ef6dd11 .elementor-heading-title{font-family:var( --e-global-typography-primary-font-family ), Sans-serif;font-size:var( --e-global-typography-primary-font-size );font-weight:var( --e-global-typography-primary-font-weight );line-height:var( --e-global-typography-primary-line-height );}.elementor-3052 .elementor-element.elementor-element-0bd8890{font-family:var( --e-global-typography-text-font-family ), Sans-serif;font-size:var( --e-global-typography-text-font-size );font-weight:var( --e-global-typography-text-font-weight );line-height:var( --e-global-typography-text-line-height );letter-spacing:var( --e-global-typography-text-letter-spacing );}@media(min-width:768px){.elementor-3052 .elementor-element.elementor-element-4b298e8{--content-width:1200px;}}@media(max-width:1024px){.elementor-3052 .elementor-element.elementor-element-4b298e8{--padding-top:50px;--padding-bottom:50px;--padding-left:20px;--padding-right:20px;}.elementor-3052 .elementor-element.elementor-element-ef6dd11 .elementor-heading-title{font-size:var( --e-global-typography-primary-font-size );line-height:var( --e-global-typography-primary-line-height );}.elementor-3052 .elementor-element.elementor-element-0bd8890{font-size:var( --e-global-typography-text-font-size );line-height:var( --e-global-typography-text-line-height );letter-spacing:var( --e-global-typography-text-letter-spacing );}}@media(max-width:767px){.elementor-3052 .elementor-element.elementor-element-4b298e8{--padding-top:50px;--padding-bottom:50px;--padding-left:20px;--padding-right:20px;}.elementor-3052 .elementor-element.elementor-element-ef6dd11 .elementor-heading-title{font-size:var( --e-global-typography-primary-font-size );line-height:var( --e-global-typography-primary-line-height );}.elementor-3052 .elementor-element.elementor-element-0bd8890{font-size:var( --e-global-typography-text-font-size );line-height:var( --e-global-typography-text-line-height );letter-spacing:var( --e-global-typography-text-letter-spacing );}}<\/style>\t\t<div data-elementor-type=\"wp-page\" data-elementor-id=\"3052\" class=\"elementor elementor-3052 elementor-1710\" data-elementor-post-type=\"page\">\n\t\t\t\t<div class=\"elementor-element elementor-element-4b298e8 e-flex e-con-boxed e-con e-parent\" data-id=\"4b298e8\" data-element_type=\"container\" data-e-type=\"container\">\n\t\t\t\t\t<div class=\"e-con-inner\">\n\t\t\t\t<div class=\"elementor-element elementor-element-ef6dd11 elementor-widget elementor-widget-heading\" data-id=\"ef6dd11\" data-element_type=\"widget\" data-e-type=\"widget\" data-widget_type=\"heading.default\">\n\t\t\t\t<div class=\"elementor-widget-container\">\n\t\t\t\t\t<h1 class=\"elementor-heading-title elementor-size-default\">Cookiepolicy<\/h1>\t\t\t\t<\/div>\n\t\t\t\t<\/div>\n\t\t\t\t<div class=\"elementor-element elementor-element-0bd8890 elementor-widget elementor-widget-text-editor\" data-id=\"0bd8890\" data-element_type=\"widget\" data-e-type=\"widget\" data-widget_type=\"text-editor.default\">\n\t\t\t\t<div class=\"elementor-widget-container\">\n\t\t\t\t\t\t\t\t\t<p>Vi bruker s\u00e5kalte cookies og andre sporingsverkt\u00f8y p\u00e5 v\u00e5rt nettsted duniform.se. Vi gj\u00f8r dette for at vi skal kunne utvikle og forbedre funksjonaliteten p\u00e5 v\u00e5rt nettsted, s\u00f8rge for at tjenestene vi tilbyr fungerer som de skal, samt for markedsf\u00f8ringsform\u00e5l. Samtykke til cookies er frivillig, og du kan n\u00e5r som helst velge \u00e5 trekke tilbake ditt samtykke. Ved \u00e5 samtykke til v\u00e5r bruk av cookies, samtykker du til at vi samler inn informasjon om deg og din enhet, som for eksempel din datamaskin, nettbrett eller telefon, og hvordan du bruker v\u00e5r nettside.   <span class=\"Apple-converted-space\"> <\/span><\/p><p>Duniform, som er en del av Duni AB, er ansvarlig for bruken av cookies p\u00e5 nettstedet samt behandlingsansvarlig for de personopplysningene vi samler inn via v\u00e5re cookies n\u00e5r du bes\u00f8ker v\u00e5rt nettsted. For mer informasjon om hvordan vi behandler personopplysninger gjennom cookies, viser vi til v\u00e5r <span style=\"text-decoration: underline;\"><a href=\"https:\/\/duniformservice.com\/no\/personvernerklaering\/\">personvernerkl\u00e6ring<\/a><\/span>.  <span class=\"Apple-converted-space\"> <\/span><\/p><p><b>Hva er cookies, og hvordan brukes de?<\/b><\/p><p>En cookie er en liten tekstfil som nettstedet v\u00e5rt ber om \u00e5 lagre p\u00e5 enheten din. Ved hjelp av lagrede cookies kan vi, ved fremtidige bes\u00f8k, gjenkjenne nettleseren din, se om du har logget inn tidligere og om du eventuelt har gjort noen innstillinger. <span class=\"Apple-converted-space\"> <\/span><\/p><p>Det finnes ulike typer cookies; en sesjonscookie forsvinner automatisk n\u00e5r du lukker nettleseren din, mens en vedvarende cookie lagrer en tekstfil p\u00e5 enheten din i en kortere eller lengre periode etter bes\u00f8ket, med mindre du sletter cookien selv. Vedvarende cookies bruker vi blant annet for \u00e5 huske innstillinger, som ulike spr\u00e5kinnstillinger du har gjort. N\u00e5r du kommer tilbake til v\u00e5rt nettsted, plasseres nye sesjonscookies i det midlertidige minnet, og vedvarende cookies fornyes.  <\/p><p>Cookies kan deles inn i f\u00f8rsteparts- og tredjepartscookies. F\u00f8rstepartscookies plasseres av nettstedets eier (dvs. duniform.se), mens tredjepartscookies plasseres av et annet nettsted. Vi bruker b\u00e5de f\u00f8rsteparts- og tredjepartscookies. Vi bruker tredjepartscookies til visse typer analyse og til markedsf\u00f8ringsform\u00e5l.   <\/p><p>Cookies kan ogs\u00e5 kategoriseres basert p\u00e5 form\u00e5l.<span class=\"Apple-converted-space\"> <\/span><\/p><p><i>N\u00f8dvendige<\/i><\/p><p><span class=\"Apple-converted-space\"> <\/span>N\u00f8dvendige cookies er n\u00f8dvendige for \u00e5 aktivere essensiell funksjonalitet p\u00e5 nettstedet og er n\u00f8dvendige for \u00e5 sikre nettsidens funksjonalitet og sikkerhet. Hvis du ikke \u00f8nsker at n\u00f8dvendige cookies skal brukes, kan du ikke bruke v\u00e5rt nettsted. <\/p><p><i>Tilpasning<\/i><\/p><p>Disse objektene gj\u00f8r det mulig for nettstedet \u00e5 huske de valgene du gj\u00f8r (som brukernavn, spr\u00e5k, tidligere s\u00f8k eller regionen du befinner deg i) og tilby forbedrede, mer personlige funksjoner.<span class=\"Apple-converted-space\"> <\/span><\/p><p><i>Analyseverkt\u00f8y<\/i><\/p><p>Analytiske cookies brukes til \u00e5 forst\u00e5 hvordan bes\u00f8kende interagerer med nettsiden. Disse cookies hjelper til med \u00e5 gi informasjon om m\u00e5leverdier, antall bes\u00f8kende, avvisningsfrekvens, trafikkilde og mer. De hjelper oss med \u00e5 forbedre funksjonaliteten p\u00e5 v\u00e5rt nettsted og gir oss verdifull informasjon om hvordan vi kan skape en bedre kundeopplevelse.  <\/p><p><i>Markedsf\u00f8ring<\/i><\/p><p>Disse cookies brukes til \u00e5 levere reklame som er mer relevant for deg og dine interesser. Dette kan v\u00e6re basert p\u00e5 innholdet du ser, din brukerprofil eller annen brukerhistorikk, inkludert tidligere aktivitet, interesser, bes\u00f8k p\u00e5 sider eller apper, plassering eller demografisk informasjon. <span class=\"Apple-converted-space\"> <\/span><\/p><p>Vi bruker ogs\u00e5 pixelteknologi. Disse cookies brukes til \u00e5 gi mer relevant informasjon og personlige tilbud gjennom reklame, m\u00e5le hvor effektive v\u00e5re reklamekampanjer er og begrense hvor ofte hver annonse vises. Annonsenettverk plasserer dem vanligvis med tillatelse fra nettstedsoperat\u00f8ren.  <\/p><p>For mer generell informasjon om cookies, bes\u00f8k gjerne <span style=\"text-decoration: underline;\"><a href=\"http:\/\/www.pts.se\/internet-och-telefoni\/kakor-cookies\/\">www.pts.se\/internet-och-telefoni\/kakor-cookies\/<\/a><\/span>.<\/p><p><b>Hvordan du g\u00e5r frem for \u00e5 tilbakekalle samtykke, slette eller blokkere cookies<\/b><\/p><p>Det er frivillig \u00e5 samtykke til cookies, og du kan n\u00e5r som helst tilbakekalle ditt samtykke.<span class=\"Apple-converted-space\"> <\/span><\/p><p>Du kan blokkere visse cookies via nettleseren din. Da vil nettleseren automatisk avvise slike cookies eller informere deg hver gang et nettsted, som v\u00e5rt nettsted, ber om ditt samtykke til \u00e5 plassere cookies. <span class=\"Apple-converted-space\"> <\/span><\/p><p>Informasjon om hvordan du g\u00e5r frem for \u00e5 slette eller blokkere cookies via nettleseren din finner du i nettleserens hjelpefunksjon, se for eksempel:<\/p><p><a href=\"https:\/\/support.google.com\/chrome\/answer\/95647?hl=sv\">Google Chrome<\/a><\/p><p><a href=\"https:\/\/support.microsoft.com\/en-us\/windows\/manage-cookies-in-microsoft-edge-view-allow-block-delete-and-use-168dab11-0753-043d-7c16-ede5947fc64d\">Microsoft Edge<\/a> <span class=\"Apple-converted-space\"> <\/span><\/p><p><a href=\"https:\/\/support.apple.com\/sv-se\/guide\/safari\/sfri11471\/mac\">Safari p\u00e5 datamaskin<\/a><\/p><p><a href=\"https:\/\/support.apple.com\/sv-se\/HT201265\">Safari p\u00e5 iOS-enheter<\/a><\/p><p>Etter at du har bes\u00f8kt v\u00e5rt nettsted, kan du gjennomg\u00e5 og slette vedvarende cookies som er lagret via nettleseren din.<span class=\"Apple-converted-space\"> <\/span><\/p><p><span class=\"Apple-converted-space\"> <\/span><\/p><p><b>Mer informasjon og retten til \u00e5 fremsette klage til tilsynsmyndigheten<\/b><\/p><p>Hvis du vil vite mer om cookies, tillatt bruk av cookies, hvordan de brukes, eller hvis du \u00f8nsker \u00e5 fremsette en klage p\u00e5 v\u00e5r bruk av cookies, kan du kontakte tilsynsmyndigheten for elektronisk kommunikasjon. I Norge er dette Nasjonal kommunikasjonsmyndighet (Nkom). Du kan finne mer informasjon om dem p\u00e5 deres hjemmeside, <span style=\"text-decoration: underline;\"><a href=\"http:\/\/www.pts.se\/\">www.pts.se\/<\/a><\/span>.   <span class=\"Apple-converted-space\">   <\/span><\/p><p><b>Kontaktopplysninger<span class=\"Apple-converted-space\"> <\/span><\/b><\/p><p>Hvis du \u00f8nsker \u00e5 kontakte oss direkte med sp\u00f8rsm\u00e5l eller tilbakemeldinger om v\u00e5r bruk av cookies, kan du sende en e-post til oss p\u00e5 <a href=\"mailto:gdpr@duni.se\">gdpr@duni.se<\/a> eller sende brev til Duni AB, Hallenborgsgatan 1A, 211 22, Malm\u00f6<span class=\"Apple-converted-space\"> <\/span><\/p><p>N\u00e5r du sender e-post eller brev til oss, vil vi behandle dine personopplysninger, slik som navn, e-postadresse eller andre personopplysninger som du oppgir i din kommunikasjon. Vi trenger \u00e5 gj\u00f8re dette for \u00e5 kunne h\u00e5ndtere din foresp\u00f8rsel. For \u00e5 lese mer om hvordan vi behandler dine personopplysninger, viser vi til v\u00e5r <span style=\"text-decoration: underline;\"><a href=\"https:\/\/duniformservice.com\/no\/personvernerklaering\/\">personvernerkl\u00e6ring<\/a><\/span>.  <span class=\"Apple-converted-space\">   <\/span><\/p>\t\t\t\t\t\t\t\t<\/div>\n\t\t\t\t<\/div>\n\t\t\t\t\t<\/div>\n\t\t\t\t<\/div>\n\t\t\t\t<\/div>\n\t\t","protected":false},"excerpt":{"rendered":"<p>Cookiepolicy Vi bruker s\u00e5kalte cookies og andre sporingsverkt\u00f8y p\u00e5 v\u00e5rt nettsted duniform.se. Vi gj\u00f8r dette for at vi skal kunne utvikle og forbedre funksjonaliteten p\u00e5 v\u00e5rt nettsted, s\u00f8rge for at tjenestene vi tilbyr fungerer som de skal, samt for markedsf\u00f8ringsform\u00e5l. Samtykke til cookies er frivillig, og du kan n\u00e5r som helst velge \u00e5 trekke tilbake [&hellip;]<\/p>\n","protected":false},"author":1,"featured_media":0,"parent":0,"menu_order":0,"comment_status":"closed","ping_status":"closed","template":"elementor_header_footer","meta":{"inline_featured_image":false,"footnotes":""},"class_list":["post-3052","page","type-page","status-publish","hentry"],"yoast_head":"<!-- This site is optimized with the Yoast SEO plugin v27.3 - https:\/\/yoast.com\/product\/yoast-seo-wordpress\/ -->\n<title>Cookiepolicy - Duniform Service<\/title>\n<meta name=\"robots\" content=\"index, follow, max-snippet:-1, max-image-preview:large, max-video-preview:-1\" \/>\n<link rel=\"canonical\" href=\"https:\/\/duniformservice.com\/no\/cookiepolicy\/\" \/>\n<meta property=\"og:locale\" content=\"nb_NO\" \/>\n<meta property=\"og:type\" content=\"article\" \/>\n<meta property=\"og:title\" content=\"Cookiepolicy - Duniform Service\" \/>\n<meta property=\"og:description\" content=\"Cookiepolicy Vi bruker s\u00e5kalte cookies og andre sporingsverkt\u00f8y p\u00e5 v\u00e5rt nettsted duniform.se. Vi gj\u00f8r dette for at vi skal kunne utvikle og forbedre funksjonaliteten p\u00e5 v\u00e5rt nettsted, s\u00f8rge for at tjenestene vi tilbyr fungerer som de skal, samt for markedsf\u00f8ringsform\u00e5l. Samtykke til cookies er frivillig, og du kan n\u00e5r som helst velge \u00e5 trekke tilbake [&hellip;]\" \/>\n<meta property=\"og:url\" content=\"https:\/\/duniformservice.com\/no\/cookiepolicy\/\" \/>\n<meta property=\"og:site_name\" content=\"Duniform Service\" \/>\n<meta property=\"article:modified_time\" content=\"2025-05-10T17:18:38+00:00\" \/>\n<meta name=\"twitter:card\" content=\"summary_large_image\" \/>\n<meta name=\"twitter:label1\" content=\"Ansl. lesetid\" \/>\n\t<meta name=\"twitter:data1\" content=\"4 minutter\" \/>\n<script type=\"application\/ld+json\" class=\"yoast-schema-graph\">{\"@context\":\"https:\\\/\\\/schema.org\",\"@graph\":[{\"@type\":\"WebPage\",\"@id\":\"https:\\\/\\\/duniformservice.com\\\/no\\\/cookiepolicy\\\/\",\"url\":\"https:\\\/\\\/duniformservice.com\\\/no\\\/cookiepolicy\\\/\",\"name\":\"Cookiepolicy - Duniform Service\",\"isPartOf\":{\"@id\":\"https:\\\/\\\/duniformservice.com\\\/#website\"},\"datePublished\":\"2025-04-02T12:57:14+00:00\",\"dateModified\":\"2025-05-10T17:18:38+00:00\",\"breadcrumb\":{\"@id\":\"https:\\\/\\\/duniformservice.com\\\/no\\\/cookiepolicy\\\/#breadcrumb\"},\"inLanguage\":\"nb-NO\",\"potentialAction\":[{\"@type\":\"ReadAction\",\"target\":[\"https:\\\/\\\/duniformservice.com\\\/no\\\/cookiepolicy\\\/\"]}]},{\"@type\":\"BreadcrumbList\",\"@id\":\"https:\\\/\\\/duniformservice.com\\\/no\\\/cookiepolicy\\\/#breadcrumb\",\"itemListElement\":[{\"@type\":\"ListItem\",\"position\":1,\"name\":\"Hem\",\"item\":\"https:\\\/\\\/duniformservice.com\\\/\"},{\"@type\":\"ListItem\",\"position\":2,\"name\":\"Cookiepolicy\"}]},{\"@type\":\"WebSite\",\"@id\":\"https:\\\/\\\/duniformservice.com\\\/#website\",\"url\":\"https:\\\/\\\/duniformservice.com\\\/\",\"name\":\"Duniform Service\",\"description\":\"\",\"publisher\":{\"@id\":\"https:\\\/\\\/duniformservice.com\\\/#organization\"},\"potentialAction\":[{\"@type\":\"SearchAction\",\"target\":{\"@type\":\"EntryPoint\",\"urlTemplate\":\"https:\\\/\\\/duniformservice.com\\\/?s={search_term_string}\"},\"query-input\":{\"@type\":\"PropertyValueSpecification\",\"valueRequired\":true,\"valueName\":\"search_term_string\"}}],\"inLanguage\":\"nb-NO\"},{\"@type\":\"Organization\",\"@id\":\"https:\\\/\\\/duniformservice.com\\\/#organization\",\"name\":\"Duniform Service\",\"url\":\"https:\\\/\\\/duniformservice.com\\\/\",\"logo\":{\"@type\":\"ImageObject\",\"inLanguage\":\"nb-NO\",\"@id\":\"https:\\\/\\\/duniformservice.com\\\/#\\\/schema\\\/logo\\\/image\\\/\",\"url\":\"https:\\\/\\\/duniformservice.com\\\/wp-content\\\/uploads\\\/2024\\\/11\\\/Duniform_Logo_black.png\",\"contentUrl\":\"https:\\\/\\\/duniformservice.com\\\/wp-content\\\/uploads\\\/2024\\\/11\\\/Duniform_Logo_black.png\",\"width\":987,\"height\":135,\"caption\":\"Duniform Service\"},\"image\":{\"@id\":\"https:\\\/\\\/duniformservice.com\\\/#\\\/schema\\\/logo\\\/image\\\/\"}}]}<\/script>\n<!-- \/ Yoast SEO plugin. -->","yoast_head_json":{"title":"Cookiepolicy - Duniform Service","robots":{"index":"index","follow":"follow","max-snippet":"max-snippet:-1","max-image-preview":"max-image-preview:large","max-video-preview":"max-video-preview:-1"},"canonical":"https:\/\/duniformservice.com\/no\/cookiepolicy\/","og_locale":"nb_NO","og_type":"article","og_title":"Cookiepolicy - Duniform Service","og_description":"Cookiepolicy Vi bruker s\u00e5kalte cookies og andre sporingsverkt\u00f8y p\u00e5 v\u00e5rt nettsted duniform.se. Vi gj\u00f8r dette for at vi skal kunne utvikle og forbedre funksjonaliteten p\u00e5 v\u00e5rt nettsted, s\u00f8rge for at tjenestene vi tilbyr fungerer som de skal, samt for markedsf\u00f8ringsform\u00e5l. Samtykke til cookies er frivillig, og du kan n\u00e5r som helst velge \u00e5 trekke tilbake [&hellip;]","og_url":"https:\/\/duniformservice.com\/no\/cookiepolicy\/","og_site_name":"Duniform Service","article_modified_time":"2025-05-10T17:18:38+00:00","twitter_card":"summary_large_image","twitter_misc":{"Ansl. lesetid":"4 minutter"},"schema":{"@context":"https:\/\/schema.org","@graph":[{"@type":"WebPage","@id":"https:\/\/duniformservice.com\/no\/cookiepolicy\/","url":"https:\/\/duniformservice.com\/no\/cookiepolicy\/","name":"Cookiepolicy - Duniform Service","isPartOf":{"@id":"https:\/\/duniformservice.com\/#website"},"datePublished":"2025-04-02T12:57:14+00:00","dateModified":"2025-05-10T17:18:38+00:00","breadcrumb":{"@id":"https:\/\/duniformservice.com\/no\/cookiepolicy\/#breadcrumb"},"inLanguage":"nb-NO","potentialAction":[{"@type":"ReadAction","target":["https:\/\/duniformservice.com\/no\/cookiepolicy\/"]}]},{"@type":"BreadcrumbList","@id":"https:\/\/duniformservice.com\/no\/cookiepolicy\/#breadcrumb","itemListElement":[{"@type":"ListItem","position":1,"name":"Hem","item":"https:\/\/duniformservice.com\/"},{"@type":"ListItem","position":2,"name":"Cookiepolicy"}]},{"@type":"WebSite","@id":"https:\/\/duniformservice.com\/#website","url":"https:\/\/duniformservice.com\/","name":"Duniform Service","description":"","publisher":{"@id":"https:\/\/duniformservice.com\/#organization"},"potentialAction":[{"@type":"SearchAction","target":{"@type":"EntryPoint","urlTemplate":"https:\/\/duniformservice.com\/?s={search_term_string}"},"query-input":{"@type":"PropertyValueSpecification","valueRequired":true,"valueName":"search_term_string"}}],"inLanguage":"nb-NO"},{"@type":"Organization","@id":"https:\/\/duniformservice.com\/#organization","name":"Duniform Service","url":"https:\/\/duniformservice.com\/","logo":{"@type":"ImageObject","inLanguage":"nb-NO","@id":"https:\/\/duniformservice.com\/#\/schema\/logo\/image\/","url":"https:\/\/duniformservice.com\/wp-content\/uploads\/2024\/11\/Duniform_Logo_black.png","contentUrl":"https:\/\/duniformservice.com\/wp-content\/uploads\/2024\/11\/Duniform_Logo_black.png","width":987,"height":135,"caption":"Duniform Service"},"image":{"@id":"https:\/\/duniformservice.com\/#\/schema\/logo\/image\/"}}]}},"_links":{"self":[{"href":"https:\/\/duniformservice.com\/no\/wp-json\/wp\/v2\/pages\/3052","targetHints":{"allow":["GET"]}}],"collection":[{"href":"https:\/\/duniformservice.com\/no\/wp-json\/wp\/v2\/pages"}],"about":[{"href":"https:\/\/duniformservice.com\/no\/wp-json\/wp\/v2\/types\/page"}],"author":[{"embeddable":true,"href":"https:\/\/duniformservice.com\/no\/wp-json\/wp\/v2\/users\/1"}],"replies":[{"embeddable":true,"href":"https:\/\/duniformservice.com\/no\/wp-json\/wp\/v2\/comments?post=3052"}],"version-history":[{"count":2,"href":"https:\/\/duniformservice.com\/no\/wp-json\/wp\/v2\/pages\/3052\/revisions"}],"predecessor-version":[{"id":3070,"href":"https:\/\/duniformservice.com\/no\/wp-json\/wp\/v2\/pages\/3052\/revisions\/3070"}],"wp:attachment":[{"href":"https:\/\/duniformservice.com\/no\/wp-json\/wp\/v2\/media?parent=3052"}],"curies":[{"name":"wp","href":"https:\/\/api.w.org\/{rel}","templated":true}]}}