{"id":3067,"date":"2025-04-02T12:59:09","date_gmt":"2025-04-02T12:59:09","guid":{"rendered":"https:\/\/duniformservice.com\/personvernerklaering\/"},"modified":"2025-05-10T17:18:38","modified_gmt":"2025-05-10T17:18:38","slug":"personvernerklaering","status":"publish","type":"page","link":"https:\/\/duniformservice.com\/no\/personvernerklaering\/","title":{"rendered":"Personvernerkl\u00e6ring"},"content":{"rendered":"<style>.elementor-3067 .elementor-element.elementor-element-49233f1{--display:flex;--flex-direction:column;--container-widget-width:100%;--container-widget-height:initial;--container-widget-flex-grow:0;--container-widget-align-self:initial;--flex-wrap-mobile:wrap;--padding-top:150px;--padding-bottom:100px;--padding-left:0px;--padding-right:0px;}.elementor-3067 .elementor-element.elementor-element-ed5bdf0 .elementor-heading-title{font-family:var( --e-global-typography-primary-font-family ), Sans-serif;font-size:var( --e-global-typography-primary-font-size );font-weight:var( --e-global-typography-primary-font-weight );line-height:var( --e-global-typography-primary-line-height );}.elementor-3067 .elementor-element.elementor-element-6e20128{font-family:var( --e-global-typography-text-font-family ), Sans-serif;font-size:var( --e-global-typography-text-font-size );font-weight:var( --e-global-typography-text-font-weight );line-height:var( --e-global-typography-text-line-height );letter-spacing:var( --e-global-typography-text-letter-spacing );}@media(min-width:768px){.elementor-3067 .elementor-element.elementor-element-49233f1{--content-width:1200px;}}@media(max-width:1024px){.elementor-3067 .elementor-element.elementor-element-49233f1{--padding-top:50px;--padding-bottom:50px;--padding-left:20px;--padding-right:20px;}.elementor-3067 .elementor-element.elementor-element-ed5bdf0 .elementor-heading-title{font-size:var( --e-global-typography-primary-font-size );line-height:var( --e-global-typography-primary-line-height );}.elementor-3067 .elementor-element.elementor-element-6e20128{font-size:var( --e-global-typography-text-font-size );line-height:var( --e-global-typography-text-line-height );letter-spacing:var( --e-global-typography-text-letter-spacing );}}@media(max-width:767px){.elementor-3067 .elementor-element.elementor-element-49233f1{--padding-top:50px;--padding-bottom:50px;--padding-left:20px;--padding-right:20px;}.elementor-3067 .elementor-element.elementor-element-ed5bdf0 .elementor-heading-title{font-size:var( --e-global-typography-primary-font-size );line-height:var( --e-global-typography-primary-line-height );}.elementor-3067 .elementor-element.elementor-element-6e20128{font-size:var( --e-global-typography-text-font-size );line-height:var( --e-global-typography-text-line-height );letter-spacing:var( --e-global-typography-text-letter-spacing );}}<\/style>\t\t<div data-elementor-type=\"wp-page\" data-elementor-id=\"3067\" class=\"elementor elementor-3067 elementor-1718\" data-elementor-post-type=\"page\">\n\t\t\t\t<div class=\"elementor-element elementor-element-49233f1 e-flex e-con-boxed e-con e-parent\" data-id=\"49233f1\" data-element_type=\"container\" data-e-type=\"container\">\n\t\t\t\t\t<div class=\"e-con-inner\">\n\t\t\t\t<div class=\"elementor-element elementor-element-ed5bdf0 elementor-widget elementor-widget-heading\" data-id=\"ed5bdf0\" data-element_type=\"widget\" data-e-type=\"widget\" data-widget_type=\"heading.default\">\n\t\t\t\t<div class=\"elementor-widget-container\">\n\t\t\t\t\t<h1 class=\"elementor-heading-title elementor-size-default\">Personvernerkl\u00e6ring<\/h1>\t\t\t\t<\/div>\n\t\t\t\t<\/div>\n\t\t\t\t<div class=\"elementor-element elementor-element-6e20128 elementor-widget elementor-widget-text-editor\" data-id=\"6e20128\" data-element_type=\"widget\" data-e-type=\"widget\" data-widget_type=\"text-editor.default\">\n\t\t\t\t<div class=\"elementor-widget-container\">\n\t\t\t\t\t\t\t\t\t<p>Duniform er en del av Duni AB og er omfattet av EUs generelle personvernforordning (GDPR) samt nasjonal lovgivning om personopplysninger.<span class=\"Apple-converted-space\"> <\/span><\/p><p>Din integritet er viktig for oss, og vi beskytter alltid konfidensialiteten og integriteten til enkeltpersoner som interagerer med oss. Alle personer hvis personopplysninger behandles av oss, skal alltid kunne v\u00e6re trygge p\u00e5 at deres personlige integritet respekteres, og at deres personopplysninger behandles med n\u00f8dvendig aktsomhet. V\u00e5rt m\u00e5l er \u00e5 v\u00e6re s\u00e5 \u00e5pne og transparente som mulig om hvordan vi samler inn og bruker den informasjonen du betror oss.  <\/p><p>Denne personvernerkl\u00e6ringen gjelder for Duniform, som er en del av Duni AB. Duni AB med org.nr. 556536\u20137488 er behandlingsansvarlig for personopplysningene som behandles. Kontaktinformasjon til Duni AB finner du nedenfor, under overskriften Kontaktopplysninger.  <\/p><p><b>Behandling av personopplysninger<\/b><\/p><p>N\u00e5r du bes\u00f8ker v\u00e5rt nettsted, foretar et kj\u00f8p eller p\u00e5 annen m\u00e5te kontakter oss p\u00e5 vegne av din bedrift eller arbeidsgiver, kan vi behandle dine personopplysninger. Dette skjer blant annet n\u00e5r du kontakter v\u00e5r kundeservice via nettbasert skjema, foretar et kj\u00f8p eller melder deg p\u00e5 for \u00e5 motta v\u00e5rt nyhetsbrev. Eksempler p\u00e5 personopplysninger som behandles er navn, e-postadresse og telefonnummer.  <\/p><p><i>Ved kj\u00f8p av produkter fra Duniform<\/i><\/p><p>N\u00e5r et kj\u00f8p gjennomf\u00f8res, behandler Duniform visse personopplysninger knyttet til personen som gjennomf\u00f8rer kj\u00f8pet p\u00e5 vegne av sin bedrift. De personopplysningene som samles inn er: <span class=\"Apple-converted-space\"> <\/span><\/p><ol><li>navn (fornavn og etternavn)<\/li><li>e-postadresse<\/li><\/ol><p>Vi kan ogs\u00e5 behandle andre typer personopplysninger, for eksempel personopplysninger som du oppgir i fritekst eller p\u00e5 lignende m\u00e5te i meldinger til oss.<\/p><p>Personopplysningene du oppgir ved et kj\u00f8p behandles for at vi skal kunne motta og administrere det kj\u00f8pet som bedriften du handler p\u00e5 vegne av har gjort. Rettslig grunnlag for v\u00e5r behandling er \u00e5 oppfylle den avtalen som er inng\u00e5tt i forbindelse med kj\u00f8pet. <\/p><p><i>Bestilling av service via nettside eller annen kontakt med kundeservice relatert til produkt<\/i><\/p><p>N\u00e5r du bestiller service via nettbasert skjema p\u00e5 Duniforms nettsted eller p\u00e5 annen m\u00e5te kontakter Duniform kundeservice, behandler vi visse opplysninger om den som har kontaktet oss p\u00e5 vegne av sin bedrift. De personopplysningene som samles inn er: <\/p><ol><li>navn (fornavn og etternavn)<\/li><li>telefonnummer<\/li><li>e-postadresse<\/li><\/ol><p>Vi kan ogs\u00e5 behandle andre typer personopplysninger, for eksempel personopplysninger som du oppgir i fritekst eller p\u00e5 lignende m\u00e5te i meldinger til oss.<\/p><p>Personopplysningene du oppgir ved kontakt med oss, behandles for at vi skal kunne motta og administrere den foresp\u00f8rselen du har gjort p\u00e5 vegne av din bedrift. Rettslig grunnlag for v\u00e5r behandling er \u00e5 oppfylle den inng\u00e5tte avtalen. <\/p><p><i>Annen kontakt via nettside eller annen kontakt med kundeservice<\/i><\/p><p>N\u00e5r du kontakter oss via nettbasert skjema p\u00e5 Duniforms nettsted eller p\u00e5 annen m\u00e5te kontakter Duniform kundeservice, behandler vi visse opplysninger om den som har sendt meldingen p\u00e5 vegne av sin bedrift. De personopplysningene som samles inn er: <\/p><ol><li>navn (fornavn og etternavn)<\/li><li>telefonnummer<\/li><li>e-postadresse<\/li><\/ol><p>Vi kan ogs\u00e5 behandle andre typer personopplysninger, for eksempel personopplysninger som du oppgir i fritekst eller p\u00e5 lignende m\u00e5te i meldinger til oss.<\/p><p>Personopplysningene du oppgir i kontakt med oss, behandles for at vi skal kunne administrere den foresp\u00f8rselen du har gjort p\u00e5 vegne av din bedrift. Rettslig grunnlag for v\u00e5r behandling er samtykke. Du kan tilbakekalle ditt samtykke ved \u00e5 gi oss beskjed via e-post p\u00e5 <span style=\"text-decoration: underline;\"><a href=\"mailto:gdpr@duni.se\">gdpr@duni.se<\/a><\/span>. Hvis du \u00f8nsker \u00e5 kontakte oss p\u00e5 annen m\u00e5te, finner du ytterligere kontaktinformasjon nedenfor.   <\/p><p><i>P\u00e5melding til nyhetsbrev<\/i><\/p><p>Vi behandler personopplysninger i forbindelse med p\u00e5melding til nyhetsbrev. De personopplysningene som samles inn er: <\/p><ul><li>navn (fornavn og etternavn),<\/li><li>e-postadresse<\/li><li>IP-adresse<span class=\"Apple-converted-space\"> <\/span><\/li><\/ul><p>Vi kan ogs\u00e5 behandle andre typer personopplysninger som du oppgir i fritekst eller p\u00e5 lignende m\u00e5te i meldinger til oss.<\/p><p>Behandlingen skjer for at vi skal kunne administrere din p\u00e5melding og sende ut nyhetsbrevet. Rettslig grunnlag for denne behandlingen er ditt samtykke, som vi innhenter gjennom s\u00e5kalt double-opt-in-prosedyre. Du kan tilbakekalle ditt samtykke ved \u00e5 avslutte nyhetsbrevet via lenken som finnes nederst i nyhetsbrevet eller ved \u00e5 kontakte oss direkte.  <\/p><p><i>Markedsf\u00f8ring <\/i><\/p><p>Vi kan ogs\u00e5 behandle dine personopplysninger til markedsf\u00f8ringsform\u00e5l, for eksempel for \u00e5 sende direkte reklame. Rettslig grunnlag for behandling i dette tilfellet er berettiget interesse. Hvis du \u00f8nsker \u00e5 vite mer om v\u00e5r interesseavveiing eller \u00f8nsker \u00e5 takke nei til videre mottak av markedsf\u00f8ring, er du velkommen til \u00e5 kontakte oss.  <span class=\"Apple-converted-space\"> <\/span><\/p><p><i>Ved bruk av cookies<span class=\"Apple-converted-space\"> <\/span><\/i><\/p><p>N\u00e5r du bes\u00f8ker v\u00e5rt <span style=\"text-decoration: underline;\"><a href=\"https:\/\/duniformservice.com\/no\/\">nettsted<\/a><\/span> kan vi behandle personopplysninger som samles inn via cookies og andre sporingsverkt\u00f8y som brukes p\u00e5 nettstedet. Opplysningene vi samler inn er din IP-adresse. <span class=\"Apple-converted-space\"> <\/span><\/p><p>Form\u00e5let med behandlingen er \u00e5 huske innstillingene dine og om du har samtykket til at cookies plasseres p\u00e5 enheten din. Behandlingen er n\u00f8dvendig for v\u00e5r berettigede interesse i \u00e5 huske dine valg p\u00e5 nettstedet. Hvis du \u00f8nsker \u00e5 vite mer om v\u00e5r interesseavveiing, er du velkommen til \u00e5 kontakte oss.  <\/p><p>For \u00e5 optimalisere v\u00e5rt nettsted og tilpasse v\u00e5re annonser kan vi ogs\u00e5 utf\u00f8re webanalyser, hvor vi blant annet analyserer hvordan bes\u00f8kende bruker v\u00e5rt nettsted. Vi utf\u00f8rer slike analyser ved hjelp av ulike tjenesteleverand\u00f8rer som Google Analytics, Meta og LinkedIn. Det rettslige grunnlaget for denne behandlingen er ditt samtykke.   <span class=\"Apple-converted-space\"> <\/span><\/p><p>Detaljerte opplysninger om de cookies vi bruker og hvordan du kan tilbakekalle ditt samtykke til dem, finner du i v\u00e5r <a href=\"https:\/\/duniformservice.com\/no\/cookiepolicy\/\"><span style=\"text-decoration: underline;\">Cookiepolicy<\/span>.<\/a><span class=\"Apple-converted-space\"> <\/span><\/p><p><b>Dine rettigheter<\/b><\/p><p>N\u00e5r vi behandler personopplysninger om deg, har du en rekke rettigheter i henhold til personvernforordningen (GDPR). Du har rett til n\u00e5r som helst \u00e5 kontakte oss dersom du \u00f8nsker \u00e5 ut\u00f8ve noen av disse rettighetene, enklest ved \u00e5 sende en e-post til <a href=\"mailto:gdpr@duni.se\"><span style=\"text-decoration: underline;\">gdpr@duni.se<\/span><\/a>. Hvis du \u00f8nsker \u00e5 kontakte oss p\u00e5 en annen m\u00e5te, finner du ytterligere kontaktinformasjon nedenfor.  <\/p><p><i>Rett til innsyn<\/i><\/p><p>Du har rett til \u00e5 f\u00e5 vite hvilke personopplysninger vi behandler om deg. Hvis du \u00f8nsker det, kan du f\u00e5 en samlet registerutskrift fra oss som inneholder de personopplysningene vi behandler om deg, sammen med n\u00e6rmere informasjon. <\/p><p>Du kan lese mer om retten til innsyn p\u00e5 Datatilsynets <span style=\"text-decoration: underline;\"><a href=\"https:\/\/www.imy.se\/privatperson\/dataskydd\/dina-rattigheter\/ratt-till-information\/\">hjemmeside<\/a><\/span>.<\/p><p><i>Rettelse og sletting<\/i><\/p><p>Hvis vi behandler dine personopplysninger p\u00e5 en feilaktig m\u00e5te, eller hvis vi ikke lenger trenger opplysningene, har du rett til \u00e5 f\u00e5 dem slettet. Hvis opplysningene er ufullstendige, har du rett til \u00e5 f\u00e5 dem supplert. I visse tilfeller kan dine muligheter for \u00e5 f\u00e5 slettet personopplysningene v\u00e6re begrensede, for eksempel hvis vi har en lovp\u00e5lagt plikt til \u00e5 behandle dem.  <\/p><p><i>Dataportabilitet<\/i><\/p><p>Under visse omstendigheter har du rett til \u00e5 f\u00e5 de opplysningene vi behandler om deg i et allment, skriftlig, maskinlesbart og strukturert format. Denne retten gjelder for de personopplysningene du selv har gitt oss, og som vi behandler p\u00e5 grunnlag av ditt samtykke, eller n\u00e5r personopplysningene er n\u00f8dvendige for \u00e5 inng\u00e5 eller oppfylle en avtale med deg. <\/p><p><i>Begrensning av behandling<\/i><\/p><p>Under visse forutsetninger har du rett til \u00e5 be om at vi begrenser v\u00e5r behandling av dine opplysninger. Dette inneb\u00e6rer at vi merker opplysningene slik at vi i fremtiden kun behandler dem for visse spesifikke form\u00e5l. <\/p><p><i>Rett til \u00e5 gj\u00f8re innsigelser<\/i><\/p><p>Du har for eksempel rett til \u00e5 gj\u00f8re innsigelse mot behandling av personopplysninger som skjer p\u00e5 grunnlag av en interesseavveiing.<\/p><p><i>Rett til \u00e5 inngi klage<\/i><\/p><p>Du har rett til \u00e5 inngi klage til Datatilsynet hvis du mener at vi behandler dine personopplysninger p\u00e5 en feilaktig m\u00e5te. Du kan lese mer om dette p\u00e5 Datatilsynets <span style=\"text-decoration: underline;\"><a href=\"https:\/\/www.imy.se\/privatperson\/dataskydd\/dina-rattigheter\/\">hjemmeside<\/a><\/span>. <\/p><p><b>Hvordan beskytter vi dine personopplysninger?<\/b><\/p><p>Duni AB iverksetter n\u00f8dvendige sikkerhetstiltak for \u00e5 beskytte dine opplysninger. Vi bruker kryptering for \u00e5 beskytte informasjon som overf\u00f8res online, men vi beskytter ogs\u00e5 dine opplysninger offline. Tilgang til personopplysninger gis kun til ansatte som trenger tilgang til informasjonen for \u00e5 utf\u00f8re en bestemt arbeidsoppgave. Datamaskiner og servere hvor vi lagrer personlig identifiserbar informasjon er plassert i et sikkert milj\u00f8. V\u00e5re sikkerhetssystemer er utviklet med fokus p\u00e5 ditt personvern og gir i stor grad beskyttelse mot inntrenging, \u00f8deleggelse samt andre endringer som kan utgj\u00f8re en risiko for din integritet.    <span class=\"Apple-converted-space\"> <\/span><\/p><p><b>Hvor lenge beholder vi informasjonen vi samler inn?<\/b><\/p><p>Vi lagrer ikke personopplysninger lenger enn n\u00f8dvendig for \u00e5 oppfylle form\u00e5let med behandlingen. I visse tilfeller kan vi ha en lovp\u00e5lagt plikt til \u00e5 oppbevare visse personopplysninger som vi er juridisk forpliktet til \u00e5 lagre, slik som personopplysninger som inng\u00e5r i regnskapsdokumentasjon. <span class=\"Apple-converted-space\"> <\/span><\/p><p><b>Deler vi dine personopplysninger med andre?<\/b><\/p><p>Vi kan dele dine personopplysninger med andre innenfor Duni-konsernet.<span class=\"Apple-converted-space\"> <\/span><\/p><p>Vi kan ogs\u00e5 dele personopplysninger med v\u00e5re tjenesteleverand\u00f8rer og samarbeidspartnere som vi benytter for \u00e5 levere v\u00e5re produkter og tjenester. Eksempler p\u00e5 mottakere er leveringsselskaper, serviceentrepren\u00f8rer og mottakere som gjennomf\u00f8rer analyser av bruken av v\u00e5rt nettsted, slik som Google Analytics. <span class=\"Apple-converted-space\"> <\/span><\/p><p>All service vi leverer utf\u00f8res av v\u00e5r serviceentrepren\u00f8r, og det er de som mottar foresp\u00f8rsler og bestillinger av service via v\u00e5re nettbaserte skjemaer p\u00e5 v\u00e5r hjemmeside. De behandler mottatte opplysninger p\u00e5 vegne av Duniform og trenger tilgang til disse opplysningene for \u00e5 kunne utf\u00f8re sitt oppdrag for oss.  <span class=\"Apple-converted-space\"> <\/span><\/p><p>Hvis vi deler personopplysninger med noen, gj\u00f8res dette kun p\u00e5 en m\u00e5te som er rimelig n\u00f8dvendig for at de skal kunne utf\u00f8re sine oppgaver for oss, og alle mottakere er forpliktet til ikke \u00e5 avsl\u00f8re eller bruke opplysningene til andre form\u00e5l enn dette. Vi s\u00f8rger ogs\u00e5 for at mottakere beskytter informasjonen p\u00e5 samme m\u00e5te som vi gj\u00f8r, og vi stiller alltid like h\u00f8ye krav til mottakere som til oss selv. <\/p><p>Deler vi dine personopplysninger, er det rettslige grunnlaget for dette enten ditt samtykke, dersom vi har innhentet det, eller for \u00e5 oppfylle den avtalen som er inng\u00e5tt med deg n\u00e5r du bruker noen av v\u00e5re tjenester.<\/p><p><b>Hvor behandler vi dine personopplysninger?<\/b><\/p><p>Vi streber alltid etter \u00e5 behandle dine personopplysninger innenfor EU\/E\u00d8S. Hvis opplysningene dine behandles utenfor EU, for eksempel av en av v\u00e5re tjenesteleverand\u00f8rer eller skytjenesteleverand\u00f8rer, s\u00f8rger vi for at alle n\u00f8dvendige sikkerhetstiltak iverksettes, slik at mottakerne behandler opplysningene p\u00e5 samme sikre m\u00e5te som vi selv gj\u00f8r, og som kreves av personvernforordningen. <\/p><p>Det samme gjelder hvis vi deler opplysninger med mottakere innenfor EU\/E\u00d8S. Vi s\u00f8rger for at mottakeren har iverksatt n\u00f8dvendige sikkerhetstiltak, samt at de behandler personopplysninger p\u00e5 samme sikre m\u00e5te som vi selv gj\u00f8r, og i henhold til kravene i personvernforordningen. <\/p><p><b>Oppdatering av denne personvernerkl\u00e6ringen<\/b><\/p><p>Vi oppdaterer v\u00e5r personvernerkl\u00e6ring regelmessig. Den nyeste versjonen av personvernerkl\u00e6ringen er alltid publisert her p\u00e5 v\u00e5r hjemmeside. <\/p><p><b>Kontaktopplysninger<\/b><\/p><p>Hvis du har sp\u00f8rsm\u00e5l om v\u00e5r personvernerkl\u00e6ring eller hvordan vi h\u00e5ndterer dine personopplysninger, er du velkommen til \u00e5 kontakte oss. Du kan sende oss en e-post p\u00e5 <span style=\"text-decoration: underline;\"><a href=\"mailto:gdpr@duni.se\">gdpr@duni.se<\/a><\/span>, men det g\u00e5r ogs\u00e5 fint \u00e5 ringe eller skrive til oss. <\/p><p>Duni AB<br>Hallenborgsgatan 1A, 211 22 <br>211 22 Malm\u00f6<\/p><p>Tlf.: +46 40 10 62 00<br>E-post: <span style=\"text-decoration: underline;\"><a href=\"mailto:gdpr@duni.com\">gdpr@duni.com<\/a><\/span><\/p>\t\t\t\t\t\t\t\t<\/div>\n\t\t\t\t<\/div>\n\t\t\t\t\t<\/div>\n\t\t\t\t<\/div>\n\t\t\t\t<\/div>\n\t\t","protected":false},"excerpt":{"rendered":"<p>Personvernerkl\u00e6ring Duniform er en del av Duni AB og er omfattet av EUs generelle personvernforordning (GDPR) samt nasjonal lovgivning om personopplysninger. Din integritet er viktig for oss, og vi beskytter alltid konfidensialiteten og integriteten til enkeltpersoner som interagerer med oss. Alle personer hvis personopplysninger behandles av oss, skal alltid kunne v\u00e6re trygge p\u00e5 at deres [&hellip;]<\/p>\n","protected":false},"author":1,"featured_media":0,"parent":0,"menu_order":0,"comment_status":"closed","ping_status":"closed","template":"elementor_header_footer","meta":{"inline_featured_image":false,"footnotes":""},"class_list":["post-3067","page","type-page","status-publish","hentry"],"yoast_head":"<!-- This site is optimized with the Yoast SEO plugin v27.3 - https:\/\/yoast.com\/product\/yoast-seo-wordpress\/ -->\n<title>Personvernerkl\u00e6ring - Duniform Service<\/title>\n<meta name=\"robots\" content=\"index, follow, max-snippet:-1, max-image-preview:large, max-video-preview:-1\" \/>\n<link rel=\"canonical\" href=\"https:\/\/duniformservice.com\/no\/personvernerklaering\/\" \/>\n<meta property=\"og:locale\" content=\"nb_NO\" \/>\n<meta property=\"og:type\" content=\"article\" \/>\n<meta property=\"og:title\" content=\"Personvernerkl\u00e6ring - Duniform Service\" \/>\n<meta property=\"og:description\" content=\"Personvernerkl\u00e6ring Duniform er en del av Duni AB og er omfattet av EUs generelle personvernforordning (GDPR) samt nasjonal lovgivning om personopplysninger. Din integritet er viktig for oss, og vi beskytter alltid konfidensialiteten og integriteten til enkeltpersoner som interagerer med oss. Alle personer hvis personopplysninger behandles av oss, skal alltid kunne v\u00e6re trygge p\u00e5 at deres [&hellip;]\" \/>\n<meta property=\"og:url\" content=\"https:\/\/duniformservice.com\/no\/personvernerklaering\/\" \/>\n<meta property=\"og:site_name\" content=\"Duniform Service\" \/>\n<meta property=\"article:modified_time\" content=\"2025-05-10T17:18:38+00:00\" \/>\n<meta name=\"twitter:card\" content=\"summary_large_image\" \/>\n<meta name=\"twitter:label1\" content=\"Ansl. lesetid\" \/>\n\t<meta name=\"twitter:data1\" content=\"9 minutter\" \/>\n<script type=\"application\/ld+json\" class=\"yoast-schema-graph\">{\"@context\":\"https:\\\/\\\/schema.org\",\"@graph\":[{\"@type\":\"WebPage\",\"@id\":\"https:\\\/\\\/duniformservice.com\\\/no\\\/personvernerklaering\\\/\",\"url\":\"https:\\\/\\\/duniformservice.com\\\/no\\\/personvernerklaering\\\/\",\"name\":\"Personvernerkl\u00e6ring - Duniform Service\",\"isPartOf\":{\"@id\":\"https:\\\/\\\/duniformservice.com\\\/#website\"},\"datePublished\":\"2025-04-02T12:59:09+00:00\",\"dateModified\":\"2025-05-10T17:18:38+00:00\",\"breadcrumb\":{\"@id\":\"https:\\\/\\\/duniformservice.com\\\/no\\\/personvernerklaering\\\/#breadcrumb\"},\"inLanguage\":\"nb-NO\",\"potentialAction\":[{\"@type\":\"ReadAction\",\"target\":[\"https:\\\/\\\/duniformservice.com\\\/no\\\/personvernerklaering\\\/\"]}]},{\"@type\":\"BreadcrumbList\",\"@id\":\"https:\\\/\\\/duniformservice.com\\\/no\\\/personvernerklaering\\\/#breadcrumb\",\"itemListElement\":[{\"@type\":\"ListItem\",\"position\":1,\"name\":\"Hem\",\"item\":\"https:\\\/\\\/duniformservice.com\\\/\"},{\"@type\":\"ListItem\",\"position\":2,\"name\":\"Personvernerkl\u00e6ring\"}]},{\"@type\":\"WebSite\",\"@id\":\"https:\\\/\\\/duniformservice.com\\\/#website\",\"url\":\"https:\\\/\\\/duniformservice.com\\\/\",\"name\":\"Duniform Service\",\"description\":\"\",\"publisher\":{\"@id\":\"https:\\\/\\\/duniformservice.com\\\/#organization\"},\"potentialAction\":[{\"@type\":\"SearchAction\",\"target\":{\"@type\":\"EntryPoint\",\"urlTemplate\":\"https:\\\/\\\/duniformservice.com\\\/?s={search_term_string}\"},\"query-input\":{\"@type\":\"PropertyValueSpecification\",\"valueRequired\":true,\"valueName\":\"search_term_string\"}}],\"inLanguage\":\"nb-NO\"},{\"@type\":\"Organization\",\"@id\":\"https:\\\/\\\/duniformservice.com\\\/#organization\",\"name\":\"Duniform Service\",\"url\":\"https:\\\/\\\/duniformservice.com\\\/\",\"logo\":{\"@type\":\"ImageObject\",\"inLanguage\":\"nb-NO\",\"@id\":\"https:\\\/\\\/duniformservice.com\\\/#\\\/schema\\\/logo\\\/image\\\/\",\"url\":\"https:\\\/\\\/duniformservice.com\\\/wp-content\\\/uploads\\\/2024\\\/11\\\/Duniform_Logo_black.png\",\"contentUrl\":\"https:\\\/\\\/duniformservice.com\\\/wp-content\\\/uploads\\\/2024\\\/11\\\/Duniform_Logo_black.png\",\"width\":987,\"height\":135,\"caption\":\"Duniform Service\"},\"image\":{\"@id\":\"https:\\\/\\\/duniformservice.com\\\/#\\\/schema\\\/logo\\\/image\\\/\"}}]}<\/script>\n<!-- \/ Yoast SEO plugin. -->","yoast_head_json":{"title":"Personvernerkl\u00e6ring - Duniform Service","robots":{"index":"index","follow":"follow","max-snippet":"max-snippet:-1","max-image-preview":"max-image-preview:large","max-video-preview":"max-video-preview:-1"},"canonical":"https:\/\/duniformservice.com\/no\/personvernerklaering\/","og_locale":"nb_NO","og_type":"article","og_title":"Personvernerkl\u00e6ring - Duniform Service","og_description":"Personvernerkl\u00e6ring Duniform er en del av Duni AB og er omfattet av EUs generelle personvernforordning (GDPR) samt nasjonal lovgivning om personopplysninger. Din integritet er viktig for oss, og vi beskytter alltid konfidensialiteten og integriteten til enkeltpersoner som interagerer med oss. Alle personer hvis personopplysninger behandles av oss, skal alltid kunne v\u00e6re trygge p\u00e5 at deres [&hellip;]","og_url":"https:\/\/duniformservice.com\/no\/personvernerklaering\/","og_site_name":"Duniform Service","article_modified_time":"2025-05-10T17:18:38+00:00","twitter_card":"summary_large_image","twitter_misc":{"Ansl. lesetid":"9 minutter"},"schema":{"@context":"https:\/\/schema.org","@graph":[{"@type":"WebPage","@id":"https:\/\/duniformservice.com\/no\/personvernerklaering\/","url":"https:\/\/duniformservice.com\/no\/personvernerklaering\/","name":"Personvernerkl\u00e6ring - Duniform Service","isPartOf":{"@id":"https:\/\/duniformservice.com\/#website"},"datePublished":"2025-04-02T12:59:09+00:00","dateModified":"2025-05-10T17:18:38+00:00","breadcrumb":{"@id":"https:\/\/duniformservice.com\/no\/personvernerklaering\/#breadcrumb"},"inLanguage":"nb-NO","potentialAction":[{"@type":"ReadAction","target":["https:\/\/duniformservice.com\/no\/personvernerklaering\/"]}]},{"@type":"BreadcrumbList","@id":"https:\/\/duniformservice.com\/no\/personvernerklaering\/#breadcrumb","itemListElement":[{"@type":"ListItem","position":1,"name":"Hem","item":"https:\/\/duniformservice.com\/"},{"@type":"ListItem","position":2,"name":"Personvernerkl\u00e6ring"}]},{"@type":"WebSite","@id":"https:\/\/duniformservice.com\/#website","url":"https:\/\/duniformservice.com\/","name":"Duniform Service","description":"","publisher":{"@id":"https:\/\/duniformservice.com\/#organization"},"potentialAction":[{"@type":"SearchAction","target":{"@type":"EntryPoint","urlTemplate":"https:\/\/duniformservice.com\/?s={search_term_string}"},"query-input":{"@type":"PropertyValueSpecification","valueRequired":true,"valueName":"search_term_string"}}],"inLanguage":"nb-NO"},{"@type":"Organization","@id":"https:\/\/duniformservice.com\/#organization","name":"Duniform Service","url":"https:\/\/duniformservice.com\/","logo":{"@type":"ImageObject","inLanguage":"nb-NO","@id":"https:\/\/duniformservice.com\/#\/schema\/logo\/image\/","url":"https:\/\/duniformservice.com\/wp-content\/uploads\/2024\/11\/Duniform_Logo_black.png","contentUrl":"https:\/\/duniformservice.com\/wp-content\/uploads\/2024\/11\/Duniform_Logo_black.png","width":987,"height":135,"caption":"Duniform Service"},"image":{"@id":"https:\/\/duniformservice.com\/#\/schema\/logo\/image\/"}}]}},"_links":{"self":[{"href":"https:\/\/duniformservice.com\/no\/wp-json\/wp\/v2\/pages\/3067","targetHints":{"allow":["GET"]}}],"collection":[{"href":"https:\/\/duniformservice.com\/no\/wp-json\/wp\/v2\/pages"}],"about":[{"href":"https:\/\/duniformservice.com\/no\/wp-json\/wp\/v2\/types\/page"}],"author":[{"embeddable":true,"href":"https:\/\/duniformservice.com\/no\/wp-json\/wp\/v2\/users\/1"}],"replies":[{"embeddable":true,"href":"https:\/\/duniformservice.com\/no\/wp-json\/wp\/v2\/comments?post=3067"}],"version-history":[{"count":1,"href":"https:\/\/duniformservice.com\/no\/wp-json\/wp\/v2\/pages\/3067\/revisions"}],"predecessor-version":[{"id":3068,"href":"https:\/\/duniformservice.com\/no\/wp-json\/wp\/v2\/pages\/3067\/revisions\/3068"}],"wp:attachment":[{"href":"https:\/\/duniformservice.com\/no\/wp-json\/wp\/v2\/media?parent=3067"}],"curies":[{"name":"wp","href":"https:\/\/api.w.org\/{rel}","templated":true}]}}