{"id":1080,"date":"2024-12-11T10:24:51","date_gmt":"2024-12-11T10:24:51","guid":{"rendered":"https:\/\/duniformservice.com\/?page_id=1080"},"modified":"2026-01-28T13:49:04","modified_gmt":"2026-01-28T13:49:04","slug":"kontakt","status":"publish","type":"page","link":"https:\/\/duniformservice.com\/sv\/kontakt\/","title":{"rendered":"Kontakt"},"content":{"rendered":"\t\t<div data-elementor-type=\"wp-page\" data-elementor-id=\"1080\" class=\"elementor elementor-1080\" data-elementor-post-type=\"page\">\n\t\t\t\t<div class=\"elementor-element elementor-element-c65c966 e-con-full e-flex elementor-invisible e-con e-parent\" data-id=\"c65c966\" data-element_type=\"container\" data-e-type=\"container\" data-settings=\"{&quot;animation&quot;:&quot;fadeIn&quot;}\">\n\t\t<div class=\"elementor-element elementor-element-43031f4 e-con-full e-flex e-con e-child\" data-id=\"43031f4\" data-element_type=\"container\" data-e-type=\"container\" data-settings=\"{&quot;background_background&quot;:&quot;classic&quot;}\">\n\t\t<div class=\"elementor-element elementor-element-a8b2bbb e-flex e-con-boxed e-con e-child\" data-id=\"a8b2bbb\" data-element_type=\"container\" data-e-type=\"container\">\n\t\t\t\t\t<div class=\"e-con-inner\">\n\t\t\t\t<div class=\"elementor-element elementor-element-ad03052 elementor-widget__width-initial elementor-widget elementor-widget-heading\" data-id=\"ad03052\" data-element_type=\"widget\" data-e-type=\"widget\" data-widget_type=\"heading.default\">\n\t\t\t\t<div class=\"elementor-widget-container\">\n\t\t\t\t\t<h1 class=\"elementor-heading-title elementor-size-default\">Kontakt<\/h1>\t\t\t\t<\/div>\n\t\t\t\t<\/div>\n\t\t\t\t<div class=\"elementor-element elementor-element-740b024 elementor-align-start elementor-icon-list--layout-inline elementor-mobile-align-center elementor-list-item-link-full_width elementor-widget elementor-widget-icon-list\" data-id=\"740b024\" data-element_type=\"widget\" data-e-type=\"widget\" data-widget_type=\"icon-list.default\">\n\t\t\t\t<div class=\"elementor-widget-container\">\n\t\t\t\t\t\t\t<ul class=\"elementor-icon-list-items elementor-inline-items\">\n\t\t\t\t\t\t\t<li class=\"elementor-icon-list-item elementor-inline-item\">\n\t\t\t\t\t\t\t\t\t\t\t<a href=\"https:\/\/duniformservice.com\">\n\n\t\t\t\t\t\t\t\t\t\t\t<span class=\"elementor-icon-list-text\">Hem<\/span>\n\t\t\t\t\t\t\t\t\t\t\t<\/a>\n\t\t\t\t\t\t\t\t\t<\/li>\n\t\t\t\t\t\t\t\t<li class=\"elementor-icon-list-item elementor-inline-item\">\n\t\t\t\t\t\t\t\t\t\t\t<span class=\"elementor-icon-list-icon\">\n\t\t\t\t\t\t\t<i aria-hidden=\"true\" class=\"jki jki-angle-right-solid\"><\/i>\t\t\t\t\t\t<\/span>\n\t\t\t\t\t\t\t\t\t\t<span class=\"elementor-icon-list-text\">Kontakt<\/span>\n\t\t\t\t\t\t\t\t\t<\/li>\n\t\t\t\t\t\t<\/ul>\n\t\t\t\t\t\t<\/div>\n\t\t\t\t<\/div>\n\t\t\t\t\t<\/div>\n\t\t\t\t<\/div>\n\t\t\t\t<\/div>\n\t\t\t\t<\/div>\n\t\t<div class=\"elementor-element elementor-element-6e91a5f6 e-flex e-con-boxed e-con e-parent\" data-id=\"6e91a5f6\" data-element_type=\"container\" data-e-type=\"container\" data-settings=\"{&quot;background_background&quot;:&quot;classic&quot;}\">\n\t\t\t\t\t<div class=\"e-con-inner\">\n\t\t<div class=\"elementor-element elementor-element-1ecc0504 e-con-full e-flex e-con e-child\" data-id=\"1ecc0504\" data-element_type=\"container\" data-e-type=\"container\">\n\t\t<div class=\"elementor-element elementor-element-34fbc425 e-con-full e-flex e-con e-child\" data-id=\"34fbc425\" data-element_type=\"container\" data-e-type=\"container\">\n\t\t\t\t<div class=\"elementor-element elementor-element-4ce98b4b elementor-widget__width-inherit elementor-widget elementor-widget-heading\" data-id=\"4ce98b4b\" data-element_type=\"widget\" data-e-type=\"widget\" data-widget_type=\"heading.default\">\n\t\t\t\t<div class=\"elementor-widget-container\">\n\t\t\t\t\t<h2 class=\"elementor-heading-title elementor-size-default\">Hur kan vi hj\u00e4lpa dig?\u00a0<\/h2>\t\t\t\t<\/div>\n\t\t\t\t<\/div>\n\t\t\t\t<div class=\"elementor-element elementor-element-499decc elementor-widget elementor-widget-text-editor\" data-id=\"499decc\" data-element_type=\"widget\" data-e-type=\"widget\" data-widget_type=\"text-editor.default\">\n\t\t\t\t<div class=\"elementor-widget-container\">\n\t\t\t\t\t\t\t\t\t<p>Vill du veta mer om n\u00e5gon av Duniforms f\u00f6rseglingsmaskiner, eller f\u00e5 information om vad som passar din verksamhet b\u00e4st? V\u00e5ra experter ger dig g\u00e4rna r\u00e5dgivning. Varmt v\u00e4lkommen att kontakta oss!\u00a0<\/p>\t\t\t\t\t\t\t\t<\/div>\n\t\t\t\t<\/div>\n\t\t\t\t<div class=\"elementor-element elementor-element-d3802cd elementor-widget__width-inherit elementor-widget-divider--view-line elementor-widget elementor-widget-divider\" data-id=\"d3802cd\" data-element_type=\"widget\" data-e-type=\"widget\" data-widget_type=\"divider.default\">\n\t\t\t\t<div class=\"elementor-widget-container\">\n\t\t\t\t\t\t\t<div class=\"elementor-divider\">\n\t\t\t<span class=\"elementor-divider-separator\">\n\t\t\t\t\t\t<\/span>\n\t\t<\/div>\n\t\t\t\t\t\t<\/div>\n\t\t\t\t<\/div>\n\t\t<div class=\"elementor-element elementor-element-95ea4af e-con-full e-flex e-con e-child\" data-id=\"95ea4af\" data-element_type=\"container\" data-e-type=\"container\" data-settings=\"{&quot;background_background&quot;:&quot;classic&quot;}\">\n\t\t<div class=\"elementor-element elementor-element-06d0b63 e-con-full e-flex e-con e-child\" data-id=\"06d0b63\" data-element_type=\"container\" data-e-type=\"container\" data-settings=\"{&quot;background_background&quot;:&quot;classic&quot;}\">\n\t\t\t\t<div class=\"elementor-element elementor-element-896be40 elementor-widget elementor-widget-heading\" data-id=\"896be40\" data-element_type=\"widget\" data-e-type=\"widget\" data-widget_type=\"heading.default\">\n\t\t\t\t<div class=\"elementor-widget-container\">\n\t\t\t\t\t<h3 class=\"elementor-heading-title elementor-size-default\">Service<\/h3>\t\t\t\t<\/div>\n\t\t\t\t<\/div>\n\t\t\t\t<div class=\"elementor-element elementor-element-dfa069f elementor-widget elementor-widget-heading\" data-id=\"dfa069f\" data-element_type=\"widget\" data-e-type=\"widget\" data-widget_type=\"heading.default\">\n\t\t\t\t<div class=\"elementor-widget-container\">\n\t\t\t\t\t<h4 class=\"elementor-heading-title elementor-size-default\">Duni<\/h4>\t\t\t\t<\/div>\n\t\t\t\t<\/div>\n\t\t\t\t<div class=\"elementor-element elementor-element-b886eb7 elementor-widget-divider--view-line elementor-widget elementor-widget-divider\" data-id=\"b886eb7\" data-element_type=\"widget\" data-e-type=\"widget\" data-widget_type=\"divider.default\">\n\t\t\t\t<div class=\"elementor-widget-container\">\n\t\t\t\t\t\t\t<div class=\"elementor-divider\">\n\t\t\t<span class=\"elementor-divider-separator\">\n\t\t\t\t\t\t<\/span>\n\t\t<\/div>\n\t\t\t\t\t\t<\/div>\n\t\t\t\t<\/div>\n\t\t\t\t<div class=\"elementor-element elementor-element-7c30329 elementor-widget elementor-widget-text-editor\" data-id=\"7c30329\" data-element_type=\"widget\" data-e-type=\"widget\" data-widget_type=\"text-editor.default\">\n\t\t\t\t<div class=\"elementor-widget-container\">\n\t\t\t\t\t\t\t\t\t<p>SE: +46 70-582 43 80<br \/>DK: +45 4033 4479<br \/>NO: +47 915 37 316<\/p><p><span style=\"text-decoration: underline;\"><a href=\"mailto:info@duniformservice.com\">info@duniformservice.com<\/a><\/span><\/p>\t\t\t\t\t\t\t\t<\/div>\n\t\t\t\t<\/div>\n\t\t\t\t<div class=\"elementor-element elementor-element-cefea90 elementor-widget elementor-widget-heading\" data-id=\"cefea90\" data-element_type=\"widget\" data-e-type=\"widget\" data-widget_type=\"heading.default\">\n\t\t\t\t<div class=\"elementor-widget-container\">\n\t\t\t\t\t<h3 class=\"elementor-heading-title elementor-size-default\">Finland:<\/h3>\t\t\t\t<\/div>\n\t\t\t\t<\/div>\n\t\t\t\t<div class=\"elementor-element elementor-element-27b0c4f elementor-widget elementor-widget-text-editor\" data-id=\"27b0c4f\" data-element_type=\"widget\" data-e-type=\"widget\" data-widget_type=\"text-editor.default\">\n\t\t\t\t<div class=\"elementor-widget-container\">\n\t\t\t\t\t\t\t\t\t<p>+358 10 338 0001 <br \/><a href=\"mailto:huolto@linepack.fi\"><span style=\"text-decoration: underline;\">huolto@linepack.fi<\/span> <\/a><br \/>Hiekkatie 4 B 15, 33470 Yl\u00f6j\u00e4rv<\/p>\t\t\t\t\t\t\t\t<\/div>\n\t\t\t\t<\/div>\n\t\t\t\t<\/div>\n\t\t<div class=\"elementor-element elementor-element-00922f1 e-con-full e-flex e-con e-child\" data-id=\"00922f1\" data-element_type=\"container\" data-e-type=\"container\" data-settings=\"{&quot;background_background&quot;:&quot;classic&quot;}\">\n\t\t\t\t<div class=\"elementor-element elementor-element-ad60779 elementor-widget elementor-widget-heading\" data-id=\"ad60779\" data-element_type=\"widget\" data-e-type=\"widget\" data-widget_type=\"heading.default\">\n\t\t\t\t<div class=\"elementor-widget-container\">\n\t\t\t\t\t<h3 class=\"elementor-heading-title elementor-size-default\">F\u00f6rs\u00e4ljning<\/h3>\t\t\t\t<\/div>\n\t\t\t\t<\/div>\n\t\t\t\t<div class=\"elementor-element elementor-element-70fb23e elementor-widget elementor-widget-heading\" data-id=\"70fb23e\" data-element_type=\"widget\" data-e-type=\"widget\" data-widget_type=\"heading.default\">\n\t\t\t\t<div class=\"elementor-widget-container\">\n\t\t\t\t\t<h4 class=\"elementor-heading-title elementor-size-default\">Duni AB<\/h4>\t\t\t\t<\/div>\n\t\t\t\t<\/div>\n\t\t\t\t<div class=\"elementor-element elementor-element-823dd13 elementor-widget-divider--view-line elementor-widget elementor-widget-divider\" data-id=\"823dd13\" data-element_type=\"widget\" data-e-type=\"widget\" data-widget_type=\"divider.default\">\n\t\t\t\t<div class=\"elementor-widget-container\">\n\t\t\t\t\t\t\t<div class=\"elementor-divider\">\n\t\t\t<span class=\"elementor-divider-separator\">\n\t\t\t\t\t\t<\/span>\n\t\t<\/div>\n\t\t\t\t\t\t<\/div>\n\t\t\t\t<\/div>\n\t\t\t\t<div class=\"elementor-element elementor-element-474aeb8 elementor-widget elementor-widget-text-editor\" data-id=\"474aeb8\" data-element_type=\"widget\" data-e-type=\"widget\" data-widget_type=\"text-editor.default\">\n\t\t\t\t<div class=\"elementor-widget-container\">\n\t\t\t\t\t\t\t\t\t<p>SE:\u00a0+46 40 10 62 00<br \/>DK: +45 44 84 84 22<br \/>NO: +47 23 30 45 45<\/p><p><span style=\"text-decoration: underline;\"><a href=\"mailto:info@duni.com\">info@duni.com<\/a><\/span><\/p>\t\t\t\t\t\t\t\t<\/div>\n\t\t\t\t<\/div>\n\t\t\t\t<div class=\"elementor-element elementor-element-a53719e elementor-widget elementor-widget-heading\" data-id=\"a53719e\" data-element_type=\"widget\" data-e-type=\"widget\" data-widget_type=\"heading.default\">\n\t\t\t\t<div class=\"elementor-widget-container\">\n\t\t\t\t\t<h3 class=\"elementor-heading-title elementor-size-default\">Finland:<\/h3>\t\t\t\t<\/div>\n\t\t\t\t<\/div>\n\t\t\t\t<div class=\"elementor-element elementor-element-ac9a731 elementor-widget elementor-widget-text-editor\" data-id=\"ac9a731\" data-element_type=\"widget\" data-e-type=\"widget\" data-widget_type=\"text-editor.default\">\n\t\t\t\t<div class=\"elementor-widget-container\">\n\t\t\t\t\t\t\t\t\t<p>+358 10 338 0001 <br \/><a href=\"mailto:huolto@linepack.fi\"><span style=\"text-decoration: underline;\">huolto@linepack.fi<\/span> <\/a><br \/>Hiekkatie 4 B 15, 33470 Yl\u00f6j\u00e4rv<\/p>\t\t\t\t\t\t\t\t<\/div>\n\t\t\t\t<\/div>\n\t\t\t\t<\/div>\n\t\t\t\t<\/div>\n\t\t\t\t<\/div>\n\t\t<div class=\"elementor-element elementor-element-522af81 e-con-full e-flex e-con e-child\" data-id=\"522af81\" data-element_type=\"container\" data-e-type=\"container\">\n\t\t<div class=\"elementor-element elementor-element-6a8dfd1 e-con-full e-flex e-con e-child\" data-id=\"6a8dfd1\" data-element_type=\"container\" data-e-type=\"container\" data-settings=\"{&quot;background_background&quot;:&quot;classic&quot;}\">\n\t\t\t\t<div class=\"elementor-element elementor-element-4f0df35 elementor-invisible elementor-widget elementor-widget-heading\" data-id=\"4f0df35\" data-element_type=\"widget\" data-e-type=\"widget\" data-settings=\"{&quot;_animation&quot;:&quot;fadeIn&quot;,&quot;_animation_delay&quot;:200}\" data-widget_type=\"heading.default\">\n\t\t\t\t<div class=\"elementor-widget-container\">\n\t\t\t\t\t<h3 class=\"elementor-heading-title elementor-size-default\">Kontaktformul\u00e4r<\/h3>\t\t\t\t<\/div>\n\t\t\t\t<\/div>\n\t\t\t\t<div class=\"elementor-element elementor-element-4b6b693 elementor-widget-divider--view-line elementor-invisible elementor-widget elementor-widget-divider\" data-id=\"4b6b693\" data-element_type=\"widget\" data-e-type=\"widget\" data-settings=\"{&quot;_animation&quot;:&quot;fadeIn&quot;,&quot;_animation_delay&quot;:400}\" data-widget_type=\"divider.default\">\n\t\t\t\t<div class=\"elementor-widget-container\">\n\t\t\t\t\t\t\t<div class=\"elementor-divider\">\n\t\t\t<span class=\"elementor-divider-separator\">\n\t\t\t\t\t\t<\/span>\n\t\t<\/div>\n\t\t\t\t\t\t<\/div>\n\t\t\t\t<\/div>\n\t\t\t\t<div class=\"elementor-element elementor-element-bb512b1 elementor-button-align-stretch elementor-widget elementor-widget-form\" data-id=\"bb512b1\" data-element_type=\"widget\" data-e-type=\"widget\" data-settings=\"{&quot;step_next_label&quot;:&quot;N\\u00e4sta&quot;,&quot;step_previous_label&quot;:&quot;F\\u00f6reg\\u00e5ende&quot;,&quot;button_width&quot;:&quot;100&quot;,&quot;step_type&quot;:&quot;number_text&quot;,&quot;step_icon_shape&quot;:&quot;circle&quot;}\" data-widget_type=\"form.default\">\n\t\t\t\t<div class=\"elementor-widget-container\">\n\t\t\t\t\t\t\t<form class=\"elementor-form\" method=\"post\" name=\"Kontaktformul\u00e4r \" aria-label=\"Kontaktformul\u00e4r \">\n\t\t\t<input type=\"hidden\" name=\"post_id\" value=\"1080\"\/>\n\t\t\t<input type=\"hidden\" name=\"form_id\" value=\"bb512b1\"\/>\n\t\t\t<input type=\"hidden\" name=\"referer_title\" value=\"Kontakt - Duniform Service\" \/>\n\n\t\t\t\t\t\t\t<input type=\"hidden\" name=\"queried_id\" value=\"1080\"\/>\n\t\t\t\n\t\t\t<div class=\"elementor-form-fields-wrapper elementor-labels-above\">\n\t\t\t\t\t\t\t\t<div class=\"elementor-field-type-text elementor-field-group elementor-column elementor-field-group-field_1d15e77 elementor-col-100 elementor-field-required\">\n\t\t\t\t\t\t\t\t\t\t\t\t<label for=\"form-field-field_1d15e77\" class=\"elementor-field-label\">\n\t\t\t\t\t\t\t\tNamn*\t\t\t\t\t\t\t<\/label>\n\t\t\t\t\t\t\t\t\t\t\t\t\t\t<input size=\"1\" type=\"text\" name=\"form_fields[field_1d15e77]\" id=\"form-field-field_1d15e77\" class=\"elementor-field elementor-size-sm  elementor-field-textual\" placeholder=\"Namn\" required=\"required\">\n\t\t\t\t\t\t\t\t\t\t\t<\/div>\n\t\t\t\t\t\t\t\t<div class=\"elementor-field-type-text elementor-field-group elementor-column elementor-field-group-field_23a2fce elementor-col-100\">\n\t\t\t\t\t\t\t\t\t\t\t\t<label for=\"form-field-field_23a2fce\" class=\"elementor-field-label\">\n\t\t\t\t\t\t\t\tF\u00f6retag\t\t\t\t\t\t\t<\/label>\n\t\t\t\t\t\t\t\t\t\t\t\t\t\t<input size=\"1\" type=\"text\" name=\"form_fields[field_23a2fce]\" id=\"form-field-field_23a2fce\" class=\"elementor-field elementor-size-sm  elementor-field-textual\" placeholder=\"F\u00f6retag\">\n\t\t\t\t\t\t\t\t\t\t\t<\/div>\n\t\t\t\t\t\t\t\t<div class=\"elementor-field-type-email elementor-field-group elementor-column elementor-field-group-email elementor-col-100 elementor-field-required\">\n\t\t\t\t\t\t\t\t\t\t\t\t<label for=\"form-field-email\" class=\"elementor-field-label\">\n\t\t\t\t\t\t\t\tE-post*\t\t\t\t\t\t\t<\/label>\n\t\t\t\t\t\t\t\t\t\t\t\t\t\t<input size=\"1\" type=\"email\" name=\"form_fields[email]\" id=\"form-field-email\" class=\"elementor-field elementor-size-sm  elementor-field-textual\" placeholder=\"E-post\" required=\"required\">\n\t\t\t\t\t\t\t\t\t\t\t<\/div>\n\t\t\t\t\t\t\t\t<div class=\"elementor-field-type-textarea elementor-field-group elementor-column elementor-field-group-field_5e8f574 elementor-col-100 elementor-field-required\">\n\t\t\t\t\t\t\t\t\t\t\t\t<label for=\"form-field-field_5e8f574\" class=\"elementor-field-label\">\n\t\t\t\t\t\t\t\tMeddelande\t\t\t\t\t\t\t<\/label>\n\t\t\t\t\t\t<textarea class=\"elementor-field-textual elementor-field  elementor-size-sm\" name=\"form_fields[field_5e8f574]\" id=\"form-field-field_5e8f574\" rows=\"4\" placeholder=\"Ber\u00e4tta hur vi kan hj\u00e4lpa dig...\u00a0\" required=\"required\"><\/textarea>\t\t\t\t<\/div>\n\t\t\t\t\t\t\t\t<div class=\"elementor-field-type-acceptance elementor-field-group elementor-column elementor-field-group-message elementor-col-100 elementor-field-required\">\n\t\t\t\t\t\t\t<div class=\"elementor-field-subgroup\">\n\t\t\t<span class=\"elementor-field-option\">\n\t\t\t\t<input type=\"checkbox\" name=\"form_fields[message]\" id=\"form-field-message\" class=\"elementor-field elementor-size-sm  elementor-acceptance-field\" required=\"required\">\n\t\t\t\t<label for=\"form-field-message\">Jag godk\u00e4nner att Duniform sparar min kontaktinformation.\n<\/label>\t\t\t<\/span>\n\t\t<\/div>\n\t\t\t\t\t\t<\/div>\n\t\t\t\t\t\t\t\t<div class=\"elementor-field-type-recaptcha_v3 elementor-field-group elementor-column elementor-field-group-field_8a433ae elementor-col-100 recaptcha_v3-bottomright\">\n\t\t\t\t\t<div class=\"elementor-field\" id=\"form-field-field_8a433ae\"><div class=\"elementor-g-recaptcha\" data-sitekey=\"6LdMElksAAAAAAnV0O_GtSMGOxKW-pm1sCTfySPz\" data-type=\"v3\" data-action=\"Form\" data-badge=\"bottomright\" data-size=\"invisible\"><\/div><\/div>\t\t\t\t<\/div>\n\t\t\t\t\t\t\t\t<div class=\"elementor-field-group elementor-column elementor-field-type-submit elementor-col-100 e-form__buttons\">\n\t\t\t\t\t<button class=\"elementor-button elementor-size-sm\" type=\"submit\">\n\t\t\t\t\t\t<span class=\"elementor-button-content-wrapper\">\n\t\t\t\t\t\t\t\t\t\t\t\t\t\t\t\t\t\t\t\t\t\t<span class=\"elementor-button-text\">Skicka<\/span>\n\t\t\t\t\t\t\t\t\t\t\t\t\t<\/span>\n\t\t\t\t\t<\/button>\n\t\t\t\t<\/div>\n\t\t\t<\/div>\n\t\t<\/form>\n\t\t\t\t\t\t<\/div>\n\t\t\t\t<\/div>\n\t\t\t\t<\/div>\n\t\t\t\t<\/div>\n\t\t\t\t<\/div>\n\t\t\t\t\t<\/div>\n\t\t\t\t<\/div>\n\t\t\t\t<\/div>\n\t\t","protected":false},"excerpt":{"rendered":"<p>Kontakt Hem Kontakt Hur kan vi hj\u00e4lpa dig?\u00a0 Vill du veta mer om n\u00e5gon av Duniforms f\u00f6rseglingsmaskiner, eller f\u00e5 information om vad som passar din verksamhet b\u00e4st? V\u00e5ra experter ger dig g\u00e4rna r\u00e5dgivning. Varmt v\u00e4lkommen att kontakta oss!\u00a0 Service Duni SE: +46 70-582 43 80DK: +45 4033 4479NO: +47 915 37 316 info@duniformservice.com Finland: +358 [&hellip;]<\/p>\n","protected":false},"author":1,"featured_media":0,"parent":0,"menu_order":0,"comment_status":"closed","ping_status":"closed","template":"elementor_header_footer","meta":{"inline_featured_image":false,"footnotes":""},"class_list":["post-1080","page","type-page","status-publish","hentry"],"yoast_head":"<!-- This site is optimized with the Yoast SEO plugin v27.5 - https:\/\/yoast.com\/product\/yoast-seo-wordpress\/ -->\n<title>Kontakt - Duniform Service<\/title>\n<meta name=\"robots\" content=\"index, follow, max-snippet:-1, max-image-preview:large, max-video-preview:-1\" \/>\n<link rel=\"canonical\" href=\"https:\/\/duniformservice.com\/kontakt\/\" \/>\n<meta property=\"og:locale\" content=\"sv_SE\" \/>\n<meta property=\"og:type\" content=\"article\" \/>\n<meta property=\"og:title\" content=\"Kontakt - Duniform Service\" \/>\n<meta property=\"og:description\" content=\"Kontakt Hem Kontakt Hur kan vi hj\u00e4lpa dig?\u00a0 Vill du veta mer om n\u00e5gon av Duniforms f\u00f6rseglingsmaskiner, eller f\u00e5 information om vad som passar din verksamhet b\u00e4st? V\u00e5ra experter ger dig g\u00e4rna r\u00e5dgivning. Varmt v\u00e4lkommen att kontakta oss!\u00a0 Service Duni SE: +46 70-582 43 80DK: +45 4033 4479NO: +47 915 37 316 info@duniformservice.com Finland: +358 [&hellip;]\" \/>\n<meta property=\"og:url\" content=\"https:\/\/duniformservice.com\/kontakt\/\" \/>\n<meta property=\"og:site_name\" content=\"Duniform Service\" \/>\n<meta property=\"article:modified_time\" content=\"2026-01-28T13:49:04+00:00\" \/>\n<meta name=\"twitter:card\" content=\"summary_large_image\" \/>\n<meta name=\"twitter:label1\" content=\"Ber\u00e4knad l\u00e4stid\" \/>\n\t<meta name=\"twitter:data1\" content=\"1 minut\" \/>\n<script type=\"application\/ld+json\" class=\"yoast-schema-graph\">{\"@context\":\"https:\\\/\\\/schema.org\",\"@graph\":[{\"@type\":\"WebPage\",\"@id\":\"https:\\\/\\\/duniformservice.com\\\/kontakt\\\/\",\"url\":\"https:\\\/\\\/duniformservice.com\\\/kontakt\\\/\",\"name\":\"Kontakt - Duniform Service\",\"isPartOf\":{\"@id\":\"https:\\\/\\\/duniformservice.com\\\/#website\"},\"datePublished\":\"2024-12-11T10:24:51+00:00\",\"dateModified\":\"2026-01-28T13:49:04+00:00\",\"breadcrumb\":{\"@id\":\"https:\\\/\\\/duniformservice.com\\\/kontakt\\\/#breadcrumb\"},\"inLanguage\":\"sv-SE\",\"potentialAction\":[{\"@type\":\"ReadAction\",\"target\":[\"https:\\\/\\\/duniformservice.com\\\/kontakt\\\/\"]}]},{\"@type\":\"BreadcrumbList\",\"@id\":\"https:\\\/\\\/duniformservice.com\\\/kontakt\\\/#breadcrumb\",\"itemListElement\":[{\"@type\":\"ListItem\",\"position\":1,\"name\":\"Hem\",\"item\":\"https:\\\/\\\/duniformservice.com\\\/\"},{\"@type\":\"ListItem\",\"position\":2,\"name\":\"Kontakt\"}]},{\"@type\":\"WebSite\",\"@id\":\"https:\\\/\\\/duniformservice.com\\\/#website\",\"url\":\"https:\\\/\\\/duniformservice.com\\\/\",\"name\":\"Duniform Service\",\"description\":\"\",\"publisher\":{\"@id\":\"https:\\\/\\\/duniformservice.com\\\/#organization\"},\"potentialAction\":[{\"@type\":\"SearchAction\",\"target\":{\"@type\":\"EntryPoint\",\"urlTemplate\":\"https:\\\/\\\/duniformservice.com\\\/?s={search_term_string}\"},\"query-input\":{\"@type\":\"PropertyValueSpecification\",\"valueRequired\":true,\"valueName\":\"search_term_string\"}}],\"inLanguage\":\"sv-SE\"},{\"@type\":\"Organization\",\"@id\":\"https:\\\/\\\/duniformservice.com\\\/#organization\",\"name\":\"Duniform Service\",\"url\":\"https:\\\/\\\/duniformservice.com\\\/\",\"logo\":{\"@type\":\"ImageObject\",\"inLanguage\":\"sv-SE\",\"@id\":\"https:\\\/\\\/duniformservice.com\\\/#\\\/schema\\\/logo\\\/image\\\/\",\"url\":\"https:\\\/\\\/duniformservice.com\\\/wp-content\\\/uploads\\\/2024\\\/11\\\/Duniform_Logo_black.png\",\"contentUrl\":\"https:\\\/\\\/duniformservice.com\\\/wp-content\\\/uploads\\\/2024\\\/11\\\/Duniform_Logo_black.png\",\"width\":987,\"height\":135,\"caption\":\"Duniform Service\"},\"image\":{\"@id\":\"https:\\\/\\\/duniformservice.com\\\/#\\\/schema\\\/logo\\\/image\\\/\"}}]}<\/script>\n<!-- \/ Yoast SEO plugin. -->","yoast_head_json":{"title":"Kontakt - Duniform Service","robots":{"index":"index","follow":"follow","max-snippet":"max-snippet:-1","max-image-preview":"max-image-preview:large","max-video-preview":"max-video-preview:-1"},"canonical":"https:\/\/duniformservice.com\/kontakt\/","og_locale":"sv_SE","og_type":"article","og_title":"Kontakt - Duniform Service","og_description":"Kontakt Hem Kontakt Hur kan vi hj\u00e4lpa dig?\u00a0 Vill du veta mer om n\u00e5gon av Duniforms f\u00f6rseglingsmaskiner, eller f\u00e5 information om vad som passar din verksamhet b\u00e4st? V\u00e5ra experter ger dig g\u00e4rna r\u00e5dgivning. Varmt v\u00e4lkommen att kontakta oss!\u00a0 Service Duni SE: +46 70-582 43 80DK: +45 4033 4479NO: +47 915 37 316 info@duniformservice.com Finland: +358 [&hellip;]","og_url":"https:\/\/duniformservice.com\/kontakt\/","og_site_name":"Duniform Service","article_modified_time":"2026-01-28T13:49:04+00:00","twitter_card":"summary_large_image","twitter_misc":{"Ber\u00e4knad l\u00e4stid":"1 minut"},"schema":{"@context":"https:\/\/schema.org","@graph":[{"@type":"WebPage","@id":"https:\/\/duniformservice.com\/kontakt\/","url":"https:\/\/duniformservice.com\/kontakt\/","name":"Kontakt - Duniform Service","isPartOf":{"@id":"https:\/\/duniformservice.com\/#website"},"datePublished":"2024-12-11T10:24:51+00:00","dateModified":"2026-01-28T13:49:04+00:00","breadcrumb":{"@id":"https:\/\/duniformservice.com\/kontakt\/#breadcrumb"},"inLanguage":"sv-SE","potentialAction":[{"@type":"ReadAction","target":["https:\/\/duniformservice.com\/kontakt\/"]}]},{"@type":"BreadcrumbList","@id":"https:\/\/duniformservice.com\/kontakt\/#breadcrumb","itemListElement":[{"@type":"ListItem","position":1,"name":"Hem","item":"https:\/\/duniformservice.com\/"},{"@type":"ListItem","position":2,"name":"Kontakt"}]},{"@type":"WebSite","@id":"https:\/\/duniformservice.com\/#website","url":"https:\/\/duniformservice.com\/","name":"Duniform Service","description":"","publisher":{"@id":"https:\/\/duniformservice.com\/#organization"},"potentialAction":[{"@type":"SearchAction","target":{"@type":"EntryPoint","urlTemplate":"https:\/\/duniformservice.com\/?s={search_term_string}"},"query-input":{"@type":"PropertyValueSpecification","valueRequired":true,"valueName":"search_term_string"}}],"inLanguage":"sv-SE"},{"@type":"Organization","@id":"https:\/\/duniformservice.com\/#organization","name":"Duniform Service","url":"https:\/\/duniformservice.com\/","logo":{"@type":"ImageObject","inLanguage":"sv-SE","@id":"https:\/\/duniformservice.com\/#\/schema\/logo\/image\/","url":"https:\/\/duniformservice.com\/wp-content\/uploads\/2024\/11\/Duniform_Logo_black.png","contentUrl":"https:\/\/duniformservice.com\/wp-content\/uploads\/2024\/11\/Duniform_Logo_black.png","width":987,"height":135,"caption":"Duniform Service"},"image":{"@id":"https:\/\/duniformservice.com\/#\/schema\/logo\/image\/"}}]}},"_links":{"self":[{"href":"https:\/\/duniformservice.com\/sv\/wp-json\/wp\/v2\/pages\/1080","targetHints":{"allow":["GET"]}}],"collection":[{"href":"https:\/\/duniformservice.com\/sv\/wp-json\/wp\/v2\/pages"}],"about":[{"href":"https:\/\/duniformservice.com\/sv\/wp-json\/wp\/v2\/types\/page"}],"author":[{"embeddable":true,"href":"https:\/\/duniformservice.com\/sv\/wp-json\/wp\/v2\/users\/1"}],"replies":[{"embeddable":true,"href":"https:\/\/duniformservice.com\/sv\/wp-json\/wp\/v2\/comments?post=1080"}],"version-history":[{"count":42,"href":"https:\/\/duniformservice.com\/sv\/wp-json\/wp\/v2\/pages\/1080\/revisions"}],"predecessor-version":[{"id":3659,"href":"https:\/\/duniformservice.com\/sv\/wp-json\/wp\/v2\/pages\/1080\/revisions\/3659"}],"wp:attachment":[{"href":"https:\/\/duniformservice.com\/sv\/wp-json\/wp\/v2\/media?parent=1080"}],"curies":[{"name":"wp","href":"https:\/\/api.w.org\/{rel}","templated":true}]}}