{"id":1710,"date":"2025-04-02T12:57:14","date_gmt":"2025-04-02T12:57:14","guid":{"rendered":"https:\/\/duniformservice.com\/?page_id=1710"},"modified":"2025-05-05T14:38:25","modified_gmt":"2025-05-05T14:38:25","slug":"cookie-policy","status":"publish","type":"page","link":"https:\/\/duniformservice.com\/sv\/cookie-policy\/","title":{"rendered":"Cookie Policy"},"content":{"rendered":"\t\t<div data-elementor-type=\"wp-page\" data-elementor-id=\"1710\" class=\"elementor elementor-1710\" data-elementor-post-type=\"page\">\n\t\t\t\t<div class=\"elementor-element elementor-element-4b298e8 e-flex e-con-boxed e-con e-parent\" data-id=\"4b298e8\" data-element_type=\"container\" data-e-type=\"container\">\n\t\t\t\t\t<div class=\"e-con-inner\">\n\t\t\t\t<div class=\"elementor-element elementor-element-ef6dd11 elementor-widget elementor-widget-heading\" data-id=\"ef6dd11\" data-element_type=\"widget\" data-e-type=\"widget\" data-widget_type=\"heading.default\">\n\t\t\t\t<div class=\"elementor-widget-container\">\n\t\t\t\t\t<h1 class=\"elementor-heading-title elementor-size-default\">Cookie Policy<\/h1>\t\t\t\t<\/div>\n\t\t\t\t<\/div>\n\t\t\t\t<div class=\"elementor-element elementor-element-0bd8890 elementor-widget elementor-widget-text-editor\" data-id=\"0bd8890\" data-element_type=\"widget\" data-e-type=\"widget\" data-widget_type=\"text-editor.default\">\n\t\t\t\t<div class=\"elementor-widget-container\">\n\t\t\t\t\t\t\t\t\t<p>Vi anv\u00e4nder s\u00e5 kallade cookies och andra sp\u00e5rningsverktyg p\u00e5 v\u00e5r webbplats duniform.se. Vi g\u00f6r det f\u00f6r att vi ska kunna utveckla och f\u00f6rb\u00e4ttra funktionaliteten p\u00e5 v\u00e5r webbplats, se till att de tj\u00e4nster som vi erbjuder fungerar som de ska samt f\u00f6r marknadsf\u00f6rings\u00e4ndam\u00e5l. Samtycke till cookies \u00e4r frivilligt och du kan n\u00e4r som v\u00e4lja att \u00e5terkalla ditt samtycke. Genom att samtycka till v\u00e5r anv\u00e4ndning av cookies s\u00e5 samtycker du till att vi samlar in information om dig och din enhet, s\u00e5 som din dator, l\u00e4splatta eller telefon, och hur du anv\u00e4nder v\u00e5r hemsida.<span class=\"Apple-converted-space\">\u00a0<\/span><\/p><p>Dunifrom, som \u00e4r en del av Duni AB \u00e4r ansvarig f\u00f6r anv\u00e4ndningen av cookies p\u00e5 webbplatsen samt personuppgiftsansvarig f\u00f6r de personuppgifter som vi samlar in via v\u00e5ra cookies n\u00e4r du bes\u00f6ker v\u00e5r webbplats. F\u00f6r mer information kring hur vi behandlar personuppgifter genom cookies, h\u00e4nvisar vi till v\u00e5r <span style=\"text-decoration: underline;\"><a href=\"https:\/\/duniformservice.com\/integritetsskyddpolicy\/\">Integritetsskyddspolicy<\/a><\/span>. <span class=\"Apple-converted-space\">\u00a0<\/span><\/p><p><b>Vad \u00e4r cookies och hur anv\u00e4nds de<\/b><\/p><p>En cookie \u00e4r en liten textfil som v\u00e5r webbplats beg\u00e4r att f\u00e5 spara p\u00e5 din enhet. Med hj\u00e4lp av sparade cookies kan vi, vid framtida bes\u00f6k k\u00e4nna igen din webbl\u00e4sare, se om du har loggat in tidigare och om du eventuellt har gjort n\u00e5gra inst\u00e4llningar.<span class=\"Apple-converted-space\">\u00a0<\/span><\/p><p>Det finns olika sorters cookies; en sessionscookie f\u00f6rsvinner automatiskt n\u00e4r du st\u00e4nger din webbl\u00e4sare, medan en best\u00e4ndig cookie lagrar en textfil p\u00e5 din enhet under en kortare eller l\u00e4ngre tid efter ditt bes\u00f6k, om du inte raderar cookien sj\u00e4lv. Best\u00e4ndiga cookies anv\u00e4nder vi bland annat f\u00f6r att komma ih\u00e5g inst\u00e4llningar s\u00e5 som olika spr\u00e5kinst\u00e4llningar som du har gjort. N\u00e4r du kommer tillbaka till v\u00e5r webbplats placeras nya sessionscookies i det tempor\u00e4ra minnet och best\u00e4ndiga cookies f\u00f6rnyas.<\/p><p>Cookies kan delas in i f\u00f6rsta- och tredjeparts cookies. F\u00f6rstapartscookies placeras av webbplatsens \u00e4gare (d.v.s. duniform.se) och tredjepartscookies placeras av en annan webbplats. Vi anv\u00e4nder b\u00e5de f\u00f6rstapartscookies och tredjepartscookies. Vi anv\u00e4nder tredjepartscookies f\u00f6r vissa typer av analys och f\u00f6r marknadsf\u00f6ring.<\/p><p>Cookies kan \u00e4ven kategoriseras baserat p\u00e5 syfte.<span class=\"Apple-converted-space\">\u00a0<\/span><\/p><p><i>N\u00f6dv\u00e4ndiga<\/i><\/p><p><span class=\"Apple-converted-space\">\u00a0<\/span>N\u00f6dv\u00e4ndiga cookies kr\u00e4vs f\u00f6r att aktivera n\u00f6dv\u00e4ndiga webbplatsfunktionalitet och \u00e4r n\u00f6dv\u00e4ndiga f\u00f6r att s\u00e4kerst\u00e4lla webbsidans funktionalitet och s\u00e4kerhet. Om du inte vill att n\u00f6dv\u00e4ndiga cookies ska anv\u00e4ndas kan du inte anv\u00e4nda v\u00e5r webbplats.<\/p><p><i>Personanpassning<\/i><\/p><p>Dessa objekt g\u00f6r det m\u00f6jligt f\u00f6r webbplatsen att komma ih\u00e5g de val du g\u00f6r (som ditt anv\u00e4ndarnamn, spr\u00e5k, tidigare s\u00f6kningar eller den region du befinner dig i) och tillhandah\u00e5lla f\u00f6rb\u00e4ttrade, mer personliga funktioner.<span class=\"Apple-converted-space\">\u00a0<\/span><\/p><p><i>Analysverktyg<\/i><\/p><p>Analytiska cookies anv\u00e4nds f\u00f6r att f\u00f6rst\u00e5 hur bes\u00f6kare interagerar med webbsidan. Dessa cookies hj\u00e4lper till att ge information om m\u00e4tv\u00e4rden, antal bes\u00f6kare, avvisningsfrekvens, trafikk\u00e4lla, med mera. Dessa hj\u00e4lper oss att f\u00f6rb\u00e4ttra funktionaliteten p\u00e5 v\u00e5r webbplats och ger oss v\u00e4rdefull information om hur vi kan skapa en b\u00e4ttre kundupplevelse.<\/p><p><i>Marknadsf\u00f6ring<\/i><\/p><p>Dessa cookies anv\u00e4nds f\u00f6r att leverera reklam som \u00e4r mer relevant f\u00f6r dig och dina intressen. Detta kan baseras p\u00e5 inneh\u00e5llet du ser, din anv\u00e4ndarprofil eller annan anv\u00e4ndarhistorik, inklusive tidigare aktivitet, intressen, bes\u00f6k p\u00e5 sidor eller appar, plats eller demografisk information.<span class=\"Apple-converted-space\">\u00a0<\/span><\/p><p>Vi anv\u00e4nder \u00e4ven pixelteknologi. Dessa cookies anv\u00e4nds f\u00f6r att ge mer relevant information och personliga erbjudanden genom reklam, m\u00e4ta hur effektiva v\u00e5ra reklamkampanjer \u00e4r och begr\u00e4nsa hur ofta varje annons visas. Annonsn\u00e4tverk placerar dem vanligtvis med webbplatsoperat\u00f6rens tillst\u00e5nd.<\/p><p>F\u00f6r mer allm\u00e4n information om cookies, bes\u00f6k g\u00e4rna <span style=\"text-decoration: underline;\"><a href=\"http:\/\/www.pts.se\/internet-och-telefoni\/kakor-cookies\/\">www.pts.se\/internet-och-telefoni\/kakor-cookies\/<\/a><\/span>.<\/p><p><b>Hur du g\u00e5r till v\u00e4ga f\u00f6r att \u00e5terkalla samtycke, radera eller blockera cookies<\/b><\/p><p>Det \u00e4r frivilligt att samtycka till cookies och du kan n\u00e4r som \u00e5terkalla ditt samtycke.<span class=\"Apple-converted-space\">\u00a0<\/span><\/p><p>Du kan blockera vissa cookies via din webbl\u00e4sare. D\u00e5 kommer webbl\u00e4saren automatiskt neka s\u00e5dana cookies eller informera dig varje g\u00e5ng en webbplats, s\u00e5 som v\u00e5r webbplats, beg\u00e4r ditt samtycke att f\u00e5 placera cookies.<span class=\"Apple-converted-space\">\u00a0<\/span><\/p><p>Information om hur du g\u00e5r till v\u00e4ga f\u00f6r att radera eller blockera cookies via din webbl\u00e4sare hittar du via webbl\u00e4sarens hj\u00e4lpfunktion, se till exempel:<\/p><p><a href=\"https:\/\/support.google.com\/chrome\/answer\/95647?hl=sv\">Google Chrome<\/a><\/p><p><a href=\"https:\/\/support.microsoft.com\/en-us\/windows\/manage-cookies-in-microsoft-edge-view-allow-block-delete-and-use-168dab11-0753-043d-7c16-ede5947fc64d\">Microsoft Edge<\/a> <span class=\"Apple-converted-space\">\u00a0<\/span><\/p><p><a href=\"https:\/\/support.apple.com\/sv-se\/guide\/safari\/sfri11471\/mac\">Safari p\u00e5 dator<\/a><\/p><p><a href=\"https:\/\/support.apple.com\/sv-se\/HT201265\">Safari p\u00e5 iOS-enheter<\/a><\/p><p>Efter att du bes\u00f6kt v\u00e5r webbplats kan du granska och radera best\u00e4ndiga cookies som har lagrats via din webbl\u00e4sare.<span class=\"Apple-converted-space\">\u00a0<\/span><\/p><p><span class=\"Apple-converted-space\">\u00a0<\/span><\/p><p><b>Mer information och r\u00e4tten att framf\u00f6ra klagom\u00e5l till tillsynsmyndighet<\/b><\/p><p>Om du vill veta mer om cookies, till\u00e5ten anv\u00e4ndning av cookies, hur de anv\u00e4nds eller om du vill framf\u00f6ra klagom\u00e5l kring v\u00e5r anv\u00e4ndning av cookies kan du v\u00e4nda dig till tillsynsmyndigheten f\u00f6r elektronisk kommunikation. I Sverige \u00e4r detta Post- och Telestyrelsen. Du kan l\u00e4sa mer information kring dem p\u00e5 deras hemsida, <span style=\"text-decoration: underline;\"><a href=\"http:\/\/www.pts.se\/\">www.pts.se\/<\/a><\/span>. <span class=\"Apple-converted-space\">\u00a0 \u00a0<\/span><\/p><p><b>Kontaktuppgifter<span class=\"Apple-converted-space\">\u00a0<\/span><\/b><\/p><p>Vill du kontakta oss direkt f\u00f6r fr\u00e5gor eller synpunkter kring v\u00e5r anv\u00e4ndning av cookies kan du mejla till oss p\u00e5 <a href=\"mailto:gdpr@duni.se\">gdpr@duni.se<\/a> eller skicka brev till Duni AB, Hallenborgsgatan 1A, 211 22, Malm\u00f6<span class=\"Apple-converted-space\">\u00a0<\/span><\/p><p>N\u00e4r du skickar mejl eller brev till oss kommer vi behandla dina personuppgifter s\u00e5 som ditt namn, mailadress eller andra personuppgifter du delger i din kommunikation. Vi beh\u00f6ver g\u00f6ra det f\u00f6r att bem\u00f6ta din f\u00f6rfr\u00e5gan. F\u00f6r att l\u00e4sa mer om hur vi behandlar dina personuppgifter h\u00e4nvisar vi till v\u00e5r <span style=\"text-decoration: underline;\"><a href=\"https:\/\/duniformservice.com\/integritetsskyddpolicy\/\">integritetskyddspolicy<\/a><\/span>.<span class=\"Apple-converted-space\">\u00a0 \u00a0<\/span><\/p>\t\t\t\t\t\t\t\t<\/div>\n\t\t\t\t<\/div>\n\t\t\t\t\t<\/div>\n\t\t\t\t<\/div>\n\t\t\t\t<\/div>\n\t\t","protected":false},"excerpt":{"rendered":"<p>Cookie Policy Vi anv\u00e4nder s\u00e5 kallade cookies och andra sp\u00e5rningsverktyg p\u00e5 v\u00e5r webbplats duniform.se. Vi g\u00f6r det f\u00f6r att vi ska kunna utveckla och f\u00f6rb\u00e4ttra funktionaliteten p\u00e5 v\u00e5r webbplats, se till att de tj\u00e4nster som vi erbjuder fungerar som de ska samt f\u00f6r marknadsf\u00f6rings\u00e4ndam\u00e5l. Samtycke till cookies \u00e4r frivilligt och du kan n\u00e4r som v\u00e4lja [&hellip;]<\/p>\n","protected":false},"author":1,"featured_media":0,"parent":0,"menu_order":0,"comment_status":"closed","ping_status":"closed","template":"elementor_header_footer","meta":{"inline_featured_image":false,"footnotes":""},"class_list":["post-1710","page","type-page","status-publish","hentry"],"yoast_head":"<!-- This site is optimized with the Yoast SEO plugin v27.5 - https:\/\/yoast.com\/product\/yoast-seo-wordpress\/ -->\n<title>Cookie Policy - Duniform Service<\/title>\n<meta name=\"robots\" content=\"index, follow, max-snippet:-1, max-image-preview:large, max-video-preview:-1\" \/>\n<link rel=\"canonical\" href=\"https:\/\/duniformservice.com\/cookie-policy\/\" \/>\n<meta property=\"og:locale\" content=\"sv_SE\" \/>\n<meta property=\"og:type\" content=\"article\" \/>\n<meta property=\"og:title\" content=\"Cookie Policy - Duniform Service\" \/>\n<meta property=\"og:description\" content=\"Cookie Policy Vi anv\u00e4nder s\u00e5 kallade cookies och andra sp\u00e5rningsverktyg p\u00e5 v\u00e5r webbplats duniform.se. Vi g\u00f6r det f\u00f6r att vi ska kunna utveckla och f\u00f6rb\u00e4ttra funktionaliteten p\u00e5 v\u00e5r webbplats, se till att de tj\u00e4nster som vi erbjuder fungerar som de ska samt f\u00f6r marknadsf\u00f6rings\u00e4ndam\u00e5l. Samtycke till cookies \u00e4r frivilligt och du kan n\u00e4r som v\u00e4lja [&hellip;]\" \/>\n<meta property=\"og:url\" content=\"https:\/\/duniformservice.com\/cookie-policy\/\" \/>\n<meta property=\"og:site_name\" content=\"Duniform Service\" \/>\n<meta property=\"article:modified_time\" content=\"2025-05-05T14:38:25+00:00\" \/>\n<meta name=\"twitter:card\" content=\"summary_large_image\" \/>\n<meta name=\"twitter:label1\" content=\"Ber\u00e4knad l\u00e4stid\" \/>\n\t<meta name=\"twitter:data1\" content=\"4 minuter\" \/>\n<script type=\"application\/ld+json\" class=\"yoast-schema-graph\">{\"@context\":\"https:\\\/\\\/schema.org\",\"@graph\":[{\"@type\":\"WebPage\",\"@id\":\"https:\\\/\\\/duniformservice.com\\\/cookie-policy\\\/\",\"url\":\"https:\\\/\\\/duniformservice.com\\\/cookie-policy\\\/\",\"name\":\"Cookie Policy - Duniform Service\",\"isPartOf\":{\"@id\":\"https:\\\/\\\/duniformservice.com\\\/#website\"},\"datePublished\":\"2025-04-02T12:57:14+00:00\",\"dateModified\":\"2025-05-05T14:38:25+00:00\",\"breadcrumb\":{\"@id\":\"https:\\\/\\\/duniformservice.com\\\/cookie-policy\\\/#breadcrumb\"},\"inLanguage\":\"sv-SE\",\"potentialAction\":[{\"@type\":\"ReadAction\",\"target\":[\"https:\\\/\\\/duniformservice.com\\\/cookie-policy\\\/\"]}]},{\"@type\":\"BreadcrumbList\",\"@id\":\"https:\\\/\\\/duniformservice.com\\\/cookie-policy\\\/#breadcrumb\",\"itemListElement\":[{\"@type\":\"ListItem\",\"position\":1,\"name\":\"Hem\",\"item\":\"https:\\\/\\\/duniformservice.com\\\/\"},{\"@type\":\"ListItem\",\"position\":2,\"name\":\"Cookie Policy\"}]},{\"@type\":\"WebSite\",\"@id\":\"https:\\\/\\\/duniformservice.com\\\/#website\",\"url\":\"https:\\\/\\\/duniformservice.com\\\/\",\"name\":\"Duniform Service\",\"description\":\"\",\"publisher\":{\"@id\":\"https:\\\/\\\/duniformservice.com\\\/#organization\"},\"potentialAction\":[{\"@type\":\"SearchAction\",\"target\":{\"@type\":\"EntryPoint\",\"urlTemplate\":\"https:\\\/\\\/duniformservice.com\\\/?s={search_term_string}\"},\"query-input\":{\"@type\":\"PropertyValueSpecification\",\"valueRequired\":true,\"valueName\":\"search_term_string\"}}],\"inLanguage\":\"sv-SE\"},{\"@type\":\"Organization\",\"@id\":\"https:\\\/\\\/duniformservice.com\\\/#organization\",\"name\":\"Duniform Service\",\"url\":\"https:\\\/\\\/duniformservice.com\\\/\",\"logo\":{\"@type\":\"ImageObject\",\"inLanguage\":\"sv-SE\",\"@id\":\"https:\\\/\\\/duniformservice.com\\\/#\\\/schema\\\/logo\\\/image\\\/\",\"url\":\"https:\\\/\\\/duniformservice.com\\\/wp-content\\\/uploads\\\/2024\\\/11\\\/Duniform_Logo_black.png\",\"contentUrl\":\"https:\\\/\\\/duniformservice.com\\\/wp-content\\\/uploads\\\/2024\\\/11\\\/Duniform_Logo_black.png\",\"width\":987,\"height\":135,\"caption\":\"Duniform Service\"},\"image\":{\"@id\":\"https:\\\/\\\/duniformservice.com\\\/#\\\/schema\\\/logo\\\/image\\\/\"}}]}<\/script>\n<!-- \/ Yoast SEO plugin. -->","yoast_head_json":{"title":"Cookie Policy - Duniform Service","robots":{"index":"index","follow":"follow","max-snippet":"max-snippet:-1","max-image-preview":"max-image-preview:large","max-video-preview":"max-video-preview:-1"},"canonical":"https:\/\/duniformservice.com\/cookie-policy\/","og_locale":"sv_SE","og_type":"article","og_title":"Cookie Policy - Duniform Service","og_description":"Cookie Policy Vi anv\u00e4nder s\u00e5 kallade cookies och andra sp\u00e5rningsverktyg p\u00e5 v\u00e5r webbplats duniform.se. Vi g\u00f6r det f\u00f6r att vi ska kunna utveckla och f\u00f6rb\u00e4ttra funktionaliteten p\u00e5 v\u00e5r webbplats, se till att de tj\u00e4nster som vi erbjuder fungerar som de ska samt f\u00f6r marknadsf\u00f6rings\u00e4ndam\u00e5l. Samtycke till cookies \u00e4r frivilligt och du kan n\u00e4r som v\u00e4lja [&hellip;]","og_url":"https:\/\/duniformservice.com\/cookie-policy\/","og_site_name":"Duniform Service","article_modified_time":"2025-05-05T14:38:25+00:00","twitter_card":"summary_large_image","twitter_misc":{"Ber\u00e4knad l\u00e4stid":"4 minuter"},"schema":{"@context":"https:\/\/schema.org","@graph":[{"@type":"WebPage","@id":"https:\/\/duniformservice.com\/cookie-policy\/","url":"https:\/\/duniformservice.com\/cookie-policy\/","name":"Cookie Policy - Duniform Service","isPartOf":{"@id":"https:\/\/duniformservice.com\/#website"},"datePublished":"2025-04-02T12:57:14+00:00","dateModified":"2025-05-05T14:38:25+00:00","breadcrumb":{"@id":"https:\/\/duniformservice.com\/cookie-policy\/#breadcrumb"},"inLanguage":"sv-SE","potentialAction":[{"@type":"ReadAction","target":["https:\/\/duniformservice.com\/cookie-policy\/"]}]},{"@type":"BreadcrumbList","@id":"https:\/\/duniformservice.com\/cookie-policy\/#breadcrumb","itemListElement":[{"@type":"ListItem","position":1,"name":"Hem","item":"https:\/\/duniformservice.com\/"},{"@type":"ListItem","position":2,"name":"Cookie Policy"}]},{"@type":"WebSite","@id":"https:\/\/duniformservice.com\/#website","url":"https:\/\/duniformservice.com\/","name":"Duniform Service","description":"","publisher":{"@id":"https:\/\/duniformservice.com\/#organization"},"potentialAction":[{"@type":"SearchAction","target":{"@type":"EntryPoint","urlTemplate":"https:\/\/duniformservice.com\/?s={search_term_string}"},"query-input":{"@type":"PropertyValueSpecification","valueRequired":true,"valueName":"search_term_string"}}],"inLanguage":"sv-SE"},{"@type":"Organization","@id":"https:\/\/duniformservice.com\/#organization","name":"Duniform Service","url":"https:\/\/duniformservice.com\/","logo":{"@type":"ImageObject","inLanguage":"sv-SE","@id":"https:\/\/duniformservice.com\/#\/schema\/logo\/image\/","url":"https:\/\/duniformservice.com\/wp-content\/uploads\/2024\/11\/Duniform_Logo_black.png","contentUrl":"https:\/\/duniformservice.com\/wp-content\/uploads\/2024\/11\/Duniform_Logo_black.png","width":987,"height":135,"caption":"Duniform Service"},"image":{"@id":"https:\/\/duniformservice.com\/#\/schema\/logo\/image\/"}}]}},"_links":{"self":[{"href":"https:\/\/duniformservice.com\/sv\/wp-json\/wp\/v2\/pages\/1710","targetHints":{"allow":["GET"]}}],"collection":[{"href":"https:\/\/duniformservice.com\/sv\/wp-json\/wp\/v2\/pages"}],"about":[{"href":"https:\/\/duniformservice.com\/sv\/wp-json\/wp\/v2\/types\/page"}],"author":[{"embeddable":true,"href":"https:\/\/duniformservice.com\/sv\/wp-json\/wp\/v2\/users\/1"}],"replies":[{"embeddable":true,"href":"https:\/\/duniformservice.com\/sv\/wp-json\/wp\/v2\/comments?post=1710"}],"version-history":[{"count":15,"href":"https:\/\/duniformservice.com\/sv\/wp-json\/wp\/v2\/pages\/1710\/revisions"}],"predecessor-version":[{"id":1749,"href":"https:\/\/duniformservice.com\/sv\/wp-json\/wp\/v2\/pages\/1710\/revisions\/1749"}],"wp:attachment":[{"href":"https:\/\/duniformservice.com\/sv\/wp-json\/wp\/v2\/media?parent=1710"}],"curies":[{"name":"wp","href":"https:\/\/api.w.org\/{rel}","templated":true}]}}